{"id":4777,"date":"2023-02-22T16:43:57","date_gmt":"2023-02-22T16:43:57","guid":{"rendered":"https:\/\/isopllc.com\/tr\/?post_type=product&#038;p=4777"},"modified":"2025-07-01T06:36:28","modified_gmt":"2025-07-01T06:36:28","slug":"kucuk-ilk-yardim-cantasi-220-adet","status":"publish","type":"product","link":"https:\/\/isopllc.com\/tr\/product\/kucuk-ilk-yardim-cantasi-220-adet\/","title":{"rendered":"K\u00fc\u00e7\u00fck \u0130lk Yard\u0131m \u00c7antas\u0131 220 ADET"},"content":{"rendered":"<h2>K\u00fc\u00e7\u00fck \u0130lk Yard\u0131m \u00c7antas\u0131 | 220 ADET Temel Acil Travma T\u0131bbi Malzemeler| K\u0131rm\u0131z\u0131 Su Ge\u00e7irmez Kutuda Paketlenmi\u015f | Araba i\u00e7in m\u00fckemmel Ev Ofis Seyahati D\u0131\u015f mekan Kamp yapmak Y\u00fcr\u00fcy\u00fc\u015f Mini \u0130lk Yard\u0131m Seti<\/h2>\n<p><img loading=\"lazy\" decoding=\"async\" class=\"alignnone wp-image-4785 size-medium\" src=\"https:\/\/isopllc.com\/tr\/wp-content\/uploads\/sites\/12\/2023\/02\/Essential-Emergency-Trauma-Medical-Supplies-300x300.jpg\" alt=\"K\u00fc\u00e7\u00fck \u0130lk Yard\u0131m \u00c7antas\u0131 \" width=\"300\" height=\"300\" srcset=\"https:\/\/isopllc.com\/tr\/wp-content\/uploads\/sites\/12\/2023\/02\/Essential-Emergency-Trauma-Medical-Supplies-300x300.jpg 300w, https:\/\/isopllc.com\/tr\/wp-content\/uploads\/sites\/12\/2023\/02\/Essential-Emergency-Trauma-Medical-Supplies-150x150.jpg 150w, https:\/\/isopllc.com\/tr\/wp-content\/uploads\/sites\/12\/2023\/02\/Essential-Emergency-Trauma-Medical-Supplies-768x768.jpg 768w, https:\/\/isopllc.com\/tr\/wp-content\/uploads\/sites\/12\/2023\/02\/Essential-Emergency-Trauma-Medical-Supplies-416x416.jpg 416w, https:\/\/isopllc.com\/tr\/wp-content\/uploads\/sites\/12\/2023\/02\/Essential-Emergency-Trauma-Medical-Supplies-100x100.jpg 100w, https:\/\/isopllc.com\/tr\/wp-content\/uploads\/sites\/12\/2023\/02\/Essential-Emergency-Trauma-Medical-Supplies.jpg 900w\" sizes=\"auto, (max-width: 300px) 100vw, 300px\" \/><\/p>\n<h2>Temel Travma T\u0131bbi Kiti<\/h2>\n<p>Acil bir durum ortaya \u00e7\u0131kt\u0131\u011f\u0131nda h\u0131zl\u0131 ve etkili bir \u015fekilde m\u00fcdahale edebilmeniz i\u00e7in do\u011fru malzemelere sahip olman\u0131z \u00f6nemlidir. Kitimiz size k\u00fc\u00e7\u00fck yaralanmalar\u0131 ve hastal\u0131klar\u0131 tedavi etmek i\u00e7in gerekli aletlerin yan\u0131 s\u0131ra daha ciddi durumlar i\u00e7in temel t\u0131bbi malzemeleri sa\u011flar. Elinizde bir ilk yard\u0131m \u00e7antas\u0131 bulundurarak, herhangi bir t\u0131bbi acil duruma haz\u0131rl\u0131kl\u0131 oldu\u011funuzdan emin olabilirsiniz. Ek olarak, acil bir travma t\u0131bbi malzeme kitine sahip olmak, gerekti\u011finde yan\u0131t verebilece\u011finizi bilmenin rahatl\u0131\u011f\u0131n\u0131 sunar.<\/p>\n<p><img loading=\"lazy\" decoding=\"async\" class=\"alignnone size-medium wp-image-4779\" src=\"https:\/\/isopllc.com\/tr\/wp-content\/uploads\/sites\/12\/2023\/02\/first-aid-kit-2-300x225.jpg\" alt=\"\" width=\"300\" height=\"225\" \/><\/p>\n<h2>Dayan\u0131kl\u0131 ve Su Ge\u00e7irmez<\/h2>\n<p>ISOP ilk yard\u0131m \u00e7antas\u0131, s\u0131k s\u0131k hareket halinde olanlar i\u00e7in m\u00fckemmel bir se\u00e7imdir. Y\u00fcr\u00fcy\u00fc\u015f yap\u0131yor, kamp yap\u0131yor veya seyahat ediyorsan\u0131z, k\u00fc\u00e7\u00fck yaralanmalar\u0131 ve hastal\u0131klar\u0131 tedavi etmek i\u00e7in gerekli malzemelere sahip oldu\u011funuzdan emin olmak i\u00e7in kompakt ve ilk yard\u0131m \u00e7antas\u0131 \u00e7ok \u00f6nemlidir.<\/p>\n<p>Su ge\u00e7irmez, i\u00e7eri\u011fi nemden koruyacak ve her t\u00fcrl\u00fc hava ko\u015fulunda g\u00fcvende tutacakt\u0131r. Bu, ilk yard\u0131m malzemeleriniz hakk\u0131nda endi\u015felenmenize gerek kalmadan a\u00e7\u0131k hava etkinliklerinin veya seyahatlerin keyfini tam olarak \u00e7\u0131karman\u0131n i\u00e7iniz rahat etmesini sa\u011flayacakt\u0131r.<\/p>\n<p><img loading=\"lazy\" decoding=\"async\" class=\"alignnone size-medium wp-image-4780\" src=\"https:\/\/isopllc.com\/tr\/wp-content\/uploads\/sites\/12\/2023\/02\/first-aid-kit-3-300x225.jpg\" alt=\"\" width=\"300\" height=\"225\" \/><\/p>\n<h2>\u00c7e\u015fitli Durumlar \u0130\u00e7in \u0130deal<\/h2>\n<p>Bu mini ilk yard\u0131m \u00e7antas\u0131n\u0131n kompakt boyutu ve \u00e7ok y\u00f6nl\u00fcl\u00fc\u011f\u00fc, onu \u00e7e\u015fitli durumlar i\u00e7in harika bir se\u00e7im haline getiriyor. Evde, ofiste, yolda veya do\u011fada olun, bu kit ihtiyac\u0131n\u0131z olan temel malzemeleri sa\u011flar. Bu, ilk yard\u0131m ihtiya\u00e7lar\u0131 i\u00e7in uygun ve ta\u015f\u0131nabilir bir \u00e7\u00f6z\u00fcm arayan herkes i\u00e7in harika bir yat\u0131r\u0131md\u0131r. \u00c7e\u015fitli farkl\u0131 ortamlarda kullan\u0131labilme \u00f6zelli\u011fi ile bu mini ilk yard\u0131m \u00e7antas\u0131, hareket halindeyken t\u0131bbi ihtiya\u00e7lar\u0131n\u0131z i\u00e7in ger\u00e7ekten ideal bir se\u00e7imdir.<\/p>\n<p><img loading=\"lazy\" decoding=\"async\" class=\"alignnone size-medium wp-image-4781\" src=\"https:\/\/isopllc.com\/tr\/wp-content\/uploads\/sites\/12\/2023\/02\/first-aid-kit-4-300x225.jpg\" alt=\"\" width=\"300\" height=\"225\" \/><\/p>\n<h2>Sevdiklerinizi G\u00fcvende Tutun<\/h2>\n<p>K\u00fc\u00e7\u00fck bir ilk yard\u0131m \u00e7antas\u0131na sahip olmak i\u00e7inizin rahat olmas\u0131n\u0131 sa\u011flayabilir ve sizin ve sevdiklerinizin ortaya \u00e7\u0131kabilecek k\u00fc\u00e7\u00fck acil durumlara haz\u0131rl\u0131kl\u0131 olmas\u0131n\u0131 sa\u011flayabilir.<\/p>\n<p>Bu kitin kompakt ve ta\u015f\u0131nabilir tasar\u0131m\u0131, yan\u0131n\u0131zda ta\u015f\u0131may\u0131 kolayla\u015ft\u0131r\u0131r, b\u00f6ylece ihtiya\u00e7 duydu\u011funuz her an elinizin alt\u0131nda olabilir. K\u00fc\u00e7\u00fck \u0130lk Yard\u0131m \u00c7antas\u0131 ile sevdiklerinizi g\u00fcvende ve g\u00fcvende tutarak her duruma kar\u015f\u0131 kendinizi g\u00fcvende ve haz\u0131rl\u0131kl\u0131 hissedebilirsiniz.<\/p>\n","protected":false},"excerpt":{"rendered":"<p id=\"reconcile-item-title\" class=\"text-weight-bold\" style=\"text-align: center;\">K\u00fc\u00e7\u00fck \u0130lk Yard\u0131m \u00c7antas\u0131 | 220 ADET Temel Acil Travma T\u0131bbi Malzemeler | K\u0131rm\u0131z\u0131 Su Ge\u00e7irmez Kutuda Paketlenmi\u015f | Araba i\u00e7in m\u00fckemmel Ev Ofis Seyahati D\u0131\u015f mekan Kamp yapmak Y\u00fcr\u00fcy\u00fc\u015f Mini \u0130lk Yard\u0131m Seti<\/p>\n<p style=\"text-align: center;\">10-14 G\u00dcN \u0130\u00c7\u0130NDE \u00dcCRETS\u0130Z TESL\u0130MAT<\/p>\n","protected":false},"featured_media":4786,"comment_status":"open","ping_status":"closed","template":"","meta":[],"product_brand":[],"product_cat":[186],"product_tag":[145,144,146],"class_list":{"0":"post-4777","1":"product","2":"type-product","3":"status-publish","4":"has-post-thumbnail","6":"product_cat-kurtarma-ve-hayatta-kalma-setleri","7":"product_tag-acil-durum-cantasi","8":"product_tag-ilk-yardim-cantasi","9":"product_tag-saglik-cantasi","11":"first","12":"instock","13":"shipping-taxable","14":"purchasable","15":"product-type-simple"},"_links":{"self":[{"href":"https:\/\/isopllc.com\/tr\/wp-json\/wp\/v2\/product\/4777","targetHints":{"allow":["GET"]}}],"collection":[{"href":"https:\/\/isopllc.com\/tr\/wp-json\/wp\/v2\/product"}],"about":[{"href":"https:\/\/isopllc.com\/tr\/wp-json\/wp\/v2\/types\/product"}],"replies":[{"embeddable":true,"href":"https:\/\/isopllc.com\/tr\/wp-json\/wp\/v2\/comments?post=4777"}],"wp:featuredmedia":[{"embeddable":true,"href":"https:\/\/isopllc.com\/tr\/wp-json\/wp\/v2\/media\/4786"}],"wp:attachment":[{"href":"https:\/\/isopllc.com\/tr\/wp-json\/wp\/v2\/media?parent=4777"}],"wp:term":[{"taxonomy":"product_brand","embeddable":true,"href":"https:\/\/isopllc.com\/tr\/wp-json\/wp\/v2\/product_brand?post=4777"},{"taxonomy":"product_cat","embeddable":true,"href":"https:\/\/isopllc.com\/tr\/wp-json\/wp\/v2\/product_cat?post=4777"},{"taxonomy":"product_tag","embeddable":true,"href":"https:\/\/isopllc.com\/tr\/wp-json\/wp\/v2\/product_tag?post=4777"}],"curies":[{"name":"wp","href":"https:\/\/api.w.org\/{rel}","templated":true}]}}