{"id":4805,"date":"2023-03-11T14:14:25","date_gmt":"2023-03-11T14:14:25","guid":{"rendered":"https:\/\/isopllc.com\/tr\/?post_type=product&#038;p=4805"},"modified":"2025-07-01T06:36:18","modified_gmt":"2025-07-01T06:36:18","slug":"acil-hayatta-kalma-acil-durum-ekipmanlari","status":"publish","type":"product","link":"https:\/\/isopllc.com\/tr\/product\/acil-hayatta-kalma-acil-durum-ekipmanlari\/","title":{"rendered":"Acil hayatta kalma"},"content":{"rendered":"<h2 id=\"title\" class=\"a-size-large a-spacing-none\"><span id=\"productTitle\" class=\"a-size-large product-title-word-break\">Acil hayatta kalma | Kamp, Do\u011fa Y\u00fcr\u00fcy\u00fc\u015f\u00fc, Avc\u0131l\u0131k, A\u00e7\u0131k Hava Maceralar\u0131 i\u00e7in Hayatta Kalma Ekipmanlar\u0131 | Acil Durum Ekipmanlar\u0131 ile Hayatta Kalma Aletleri<\/span><\/h2>\n<h2>Size her durum i\u00e7in en uygun donan\u0131ml\u0131 hayatta kalma s\u0131rt \u00e7antas\u0131n\u0131 sunuyoruz<\/h2>\n<p>Deprem, yang\u0131n veya sel, bu set hayatta kalman\u0131za yard\u0131mc\u0131 olacak. Kendinizi Robinson Crusoe gibi \u0131ss\u0131z bir adada bulsan\u0131z bile hayatta kalmak i\u00e7in t\u00fcm ara\u00e7lara sahip olacaks\u0131n\u0131z. A\u015fa\u011f\u0131da, titizlikle se\u00e7ti\u011fimiz setin her bir par\u00e7as\u0131n\u0131 ayr\u0131 ayr\u0131 size sunuyor ve bu arada, sadece acil durumlarda de\u011fil, g\u00fcnl\u00fck hayatta, kampta, t\u0131rman\u0131\u015fta da kullan\u0131\u015fl\u0131 olan her \u00fcr\u00fcn\u00fcn olas\u0131 t\u00fcm uygulamalar\u0131n\u0131 anlat\u0131yoruz. da\u011flar veya aile ile y\u00fcr\u00fcy\u00fc\u015f.<\/p>\n<p><img loading=\"lazy\" decoding=\"async\" class=\"alignnone wp-image-4802 size-medium\" src=\"https:\/\/isopllc.com\/tr\/wp-content\/uploads\/sites\/12\/2023\/01\/Emergency-Survival-Kit-_-Emergency-Survival-Backpack-First-Aid-Equipment-for-Camping-Hiking-Outdoor-_-Survival-Emergency-Tools-for-Any-Occasion-_-Survival-Backpack-Full-of-Gear-2-300x300.jpg\" alt=\"Acil hayatta kalma\" width=\"300\" height=\"300\" srcset=\"https:\/\/isopllc.com\/tr\/wp-content\/uploads\/sites\/12\/2023\/01\/Emergency-Survival-Kit-_-Emergency-Survival-Backpack-First-Aid-Equipment-for-Camping-Hiking-Outdoor-_-Survival-Emergency-Tools-for-Any-Occasion-_-Survival-Backpack-Full-of-Gear-2-300x300.jpg 300w, https:\/\/isopllc.com\/tr\/wp-content\/uploads\/sites\/12\/2023\/01\/Emergency-Survival-Kit-_-Emergency-Survival-Backpack-First-Aid-Equipment-for-Camping-Hiking-Outdoor-_-Survival-Emergency-Tools-for-Any-Occasion-_-Survival-Backpack-Full-of-Gear-2-150x150.jpg 150w, https:\/\/isopllc.com\/tr\/wp-content\/uploads\/sites\/12\/2023\/01\/Emergency-Survival-Kit-_-Emergency-Survival-Backpack-First-Aid-Equipment-for-Camping-Hiking-Outdoor-_-Survival-Emergency-Tools-for-Any-Occasion-_-Survival-Backpack-Full-of-Gear-2-768x768.jpg 768w, https:\/\/isopllc.com\/tr\/wp-content\/uploads\/sites\/12\/2023\/01\/Emergency-Survival-Kit-_-Emergency-Survival-Backpack-First-Aid-Equipment-for-Camping-Hiking-Outdoor-_-Survival-Emergency-Tools-for-Any-Occasion-_-Survival-Backpack-Full-of-Gear-2-416x416.jpg 416w, https:\/\/isopllc.com\/tr\/wp-content\/uploads\/sites\/12\/2023\/01\/Emergency-Survival-Kit-_-Emergency-Survival-Backpack-First-Aid-Equipment-for-Camping-Hiking-Outdoor-_-Survival-Emergency-Tools-for-Any-Occasion-_-Survival-Backpack-Full-of-Gear-2-100x100.jpg 100w, https:\/\/isopllc.com\/tr\/wp-content\/uploads\/sites\/12\/2023\/01\/Emergency-Survival-Kit-_-Emergency-Survival-Backpack-First-Aid-Equipment-for-Camping-Hiking-Outdoor-_-Survival-Emergency-Tools-for-Any-Occasion-_-Survival-Backpack-Full-of-Gear-2.jpg 900w\" sizes=\"auto, (max-width: 300px) 100vw, 300px\" \/><\/p>\n<h2>Acil Hayatta Kalma S\u0131rt \u00c7antas\u0131<\/h2>\n<p>\u00c7ok Ama\u00e7l\u0131 G\u00fcncellenmi\u015f Taktik Kiti, kamp, \u200b\u200bbal\u0131k tutma, avc\u0131l\u0131k, motosiklet seyahati, vah\u015fi do\u011fa gezileri, y\u00fcr\u00fcy\u00fc\u015f ve hayatta kalma senaryolar\u0131 i\u00e7in gerekli olan a\u00e7\u0131k havada hayatta kalma ekipmanlar\u0131n\u0131 i\u00e7eren 32&#8217;si 1 arada \u00e7ok profesyonel bir acil durum hayatta kalma kitidir. Bu herkes i\u00e7in harika bir s\u00fcrpriz ve alet.<\/p>\n<p><img loading=\"lazy\" decoding=\"async\" class=\"alignnone size-medium wp-image-4834\" src=\"https:\/\/isopllc.com\/tr\/wp-content\/uploads\/sites\/12\/2023\/03\/IMG-2855-1-225x300.jpg\" alt=\"\" width=\"225\" height=\"300\" srcset=\"https:\/\/isopllc.com\/tr\/wp-content\/uploads\/sites\/12\/2023\/03\/IMG-2855-1-225x300.jpg 225w, https:\/\/isopllc.com\/tr\/wp-content\/uploads\/sites\/12\/2023\/03\/IMG-2855-1-768x1024.jpg 768w, https:\/\/isopllc.com\/tr\/wp-content\/uploads\/sites\/12\/2023\/03\/IMG-2855-1-750x1000.jpg 750w, https:\/\/isopllc.com\/tr\/wp-content\/uploads\/sites\/12\/2023\/03\/IMG-2855-1-416x555.jpg 416w, https:\/\/isopllc.com\/tr\/wp-content\/uploads\/sites\/12\/2023\/03\/IMG-2855-1.jpg 1020w\" sizes=\"auto, (max-width: 225px) 100vw, 225px\" \/><\/p>\n<h2>Y\u00fcksek kaliteli metaryeller<\/h2>\n<p>T\u00fcm acil durum hayatta kalma ekipmanlar\u0131n\u0131 yapmak i\u00e7in en kaliteli, hava ko\u015fullar\u0131na dayan\u0131kl\u0131 malzemeler kullan\u0131l\u0131r. Kampa gitme, maceraya at\u0131lma veya da\u011fa t\u0131rmanma f\u0131rsat\u0131ndan yararlanman\u0131za olanak tan\u0131yan, uzun s\u00fcreli kullan\u0131mdan sonra bile acil durum malzemeleri i\u00e7in ekipmanla hayatta kalmaya devam edebilirsiniz.<\/p>\n<p><img loading=\"lazy\" decoding=\"async\" class=\"alignnone size-medium wp-image-4801\" src=\"https:\/\/isopllc.com\/tr\/wp-content\/uploads\/sites\/12\/2023\/01\/Emergency-Survival-Kit-_-Emergency-Survival-Backpack-First-Aid-Equipment-for-Camping-Hiking-Outdoor-_-Survival-Emergency-Tools-for-Any-Occasion-_-Survival-Backpack-Full-of-Gear-4-300x300.jpg\" alt=\"\" width=\"300\" height=\"300\" srcset=\"https:\/\/isopllc.com\/tr\/wp-content\/uploads\/sites\/12\/2023\/01\/Emergency-Survival-Kit-_-Emergency-Survival-Backpack-First-Aid-Equipment-for-Camping-Hiking-Outdoor-_-Survival-Emergency-Tools-for-Any-Occasion-_-Survival-Backpack-Full-of-Gear-4-300x300.jpg 300w, https:\/\/isopllc.com\/tr\/wp-content\/uploads\/sites\/12\/2023\/01\/Emergency-Survival-Kit-_-Emergency-Survival-Backpack-First-Aid-Equipment-for-Camping-Hiking-Outdoor-_-Survival-Emergency-Tools-for-Any-Occasion-_-Survival-Backpack-Full-of-Gear-4-150x150.jpg 150w, https:\/\/isopllc.com\/tr\/wp-content\/uploads\/sites\/12\/2023\/01\/Emergency-Survival-Kit-_-Emergency-Survival-Backpack-First-Aid-Equipment-for-Camping-Hiking-Outdoor-_-Survival-Emergency-Tools-for-Any-Occasion-_-Survival-Backpack-Full-of-Gear-4-768x768.jpg 768w, https:\/\/isopllc.com\/tr\/wp-content\/uploads\/sites\/12\/2023\/01\/Emergency-Survival-Kit-_-Emergency-Survival-Backpack-First-Aid-Equipment-for-Camping-Hiking-Outdoor-_-Survival-Emergency-Tools-for-Any-Occasion-_-Survival-Backpack-Full-of-Gear-4-416x416.jpg 416w, https:\/\/isopllc.com\/tr\/wp-content\/uploads\/sites\/12\/2023\/01\/Emergency-Survival-Kit-_-Emergency-Survival-Backpack-First-Aid-Equipment-for-Camping-Hiking-Outdoor-_-Survival-Emergency-Tools-for-Any-Occasion-_-Survival-Backpack-Full-of-Gear-4-100x100.jpg 100w, https:\/\/isopllc.com\/tr\/wp-content\/uploads\/sites\/12\/2023\/01\/Emergency-Survival-Kit-_-Emergency-Survival-Backpack-First-Aid-Equipment-for-Camping-Hiking-Outdoor-_-Survival-Emergency-Tools-for-Any-Occasion-_-Survival-Backpack-Full-of-Gear-4.jpg 900w\" sizes=\"auto, (max-width: 300px) 100vw, 300px\" \/><\/p>\n<h2>Acil Durum Hayatta Kalma Te\u00e7hizat\u0131 ve Bal\u0131k Tutma Ekipmanlar\u0131<\/h2>\n<p>Bu hayatta kalma s\u0131rt \u00e7antas\u0131yla bir do\u011fal afetten sa\u011f kurtulabilirsiniz. Her durum i\u00e7in ideal kamp arkada\u015f\u0131 bu settir. Herhangi bir acil durumda sizi g\u00fcvende tutun. Kamp, y\u00fcr\u00fcy\u00fc\u015f, maceralar, hayatta kalma ve acil durumlar i\u00e7in m\u00fckemmeldir. Su ge\u00e7irmez, ta\u015f\u0131mas\u0131 kolay bir s\u0131rt \u00e7antas\u0131nda \u00f6zenle paketlenmi\u015ftir.<\/p>\n<p><img loading=\"lazy\" decoding=\"async\" class=\"alignnone size-medium wp-image-4803\" src=\"https:\/\/isopllc.com\/tr\/wp-content\/uploads\/sites\/12\/2023\/01\/Emergency-Survival-Kit-_-Emergency-Survival-Backpack-First-Aid-Equipment-for-Camping-Hiking-Outdoor-_-Survival-Emergency-Tools-for-Any-Occasion-_-Survival-Backpack-Full-of-Gear-1-300x300.jpg\" alt=\"\" width=\"300\" height=\"300\" srcset=\"https:\/\/isopllc.com\/tr\/wp-content\/uploads\/sites\/12\/2023\/01\/Emergency-Survival-Kit-_-Emergency-Survival-Backpack-First-Aid-Equipment-for-Camping-Hiking-Outdoor-_-Survival-Emergency-Tools-for-Any-Occasion-_-Survival-Backpack-Full-of-Gear-1-300x300.jpg 300w, https:\/\/isopllc.com\/tr\/wp-content\/uploads\/sites\/12\/2023\/01\/Emergency-Survival-Kit-_-Emergency-Survival-Backpack-First-Aid-Equipment-for-Camping-Hiking-Outdoor-_-Survival-Emergency-Tools-for-Any-Occasion-_-Survival-Backpack-Full-of-Gear-1-150x150.jpg 150w, https:\/\/isopllc.com\/tr\/wp-content\/uploads\/sites\/12\/2023\/01\/Emergency-Survival-Kit-_-Emergency-Survival-Backpack-First-Aid-Equipment-for-Camping-Hiking-Outdoor-_-Survival-Emergency-Tools-for-Any-Occasion-_-Survival-Backpack-Full-of-Gear-1-768x768.jpg 768w, https:\/\/isopllc.com\/tr\/wp-content\/uploads\/sites\/12\/2023\/01\/Emergency-Survival-Kit-_-Emergency-Survival-Backpack-First-Aid-Equipment-for-Camping-Hiking-Outdoor-_-Survival-Emergency-Tools-for-Any-Occasion-_-Survival-Backpack-Full-of-Gear-1-416x416.jpg 416w, https:\/\/isopllc.com\/tr\/wp-content\/uploads\/sites\/12\/2023\/01\/Emergency-Survival-Kit-_-Emergency-Survival-Backpack-First-Aid-Equipment-for-Camping-Hiking-Outdoor-_-Survival-Emergency-Tools-for-Any-Occasion-_-Survival-Backpack-Full-of-Gear-1-100x100.jpg 100w, https:\/\/isopllc.com\/tr\/wp-content\/uploads\/sites\/12\/2023\/01\/Emergency-Survival-Kit-_-Emergency-Survival-Backpack-First-Aid-Equipment-for-Camping-Hiking-Outdoor-_-Survival-Emergency-Tools-for-Any-Occasion-_-Survival-Backpack-Full-of-Gear-1.jpg 900w\" sizes=\"auto, (max-width: 300px) 100vw, 300px\" \/><\/p>\n<h2>Kamp Y\u00fcr\u00fcy\u00fc\u015f Avlanma A\u00e7\u0131k Hava Macera<\/h2>\n<p>Y\u00fcr\u00fcy\u00fc\u015f yaparken, kamp yaparken, avlan\u0131rken, bal\u0131k tutarken, trekking yaparken veya maceralara at\u0131l\u0131rken ayn\u0131 zamanda sizi g\u00fcvende tutmaya da yard\u0131mc\u0131 olur. Bu hayatta kalma s\u0131rt \u00e7antas\u0131, sevginizi daha do\u011fru bir \u015fekilde iletecektir. Beklentilerinizin alt\u0131nda kal\u0131yorsa veya herhangi bir sorununuz varsa, l\u00fctfen bizimle ileti\u015fime ge\u00e7in, size yard\u0131mc\u0131 olal\u0131m.<\/p>\n<p><img loading=\"lazy\" decoding=\"async\" class=\"alignnone size-medium wp-image-4799\" src=\"https:\/\/isopllc.com\/tr\/wp-content\/uploads\/sites\/12\/2023\/01\/Emergency-Survival-Kit-_-Emergency-Survival-Backpack-First-Aid-Equipment-for-Camping-Hiking-Outdoor-_-Survival-Emergency-Tools-for-Any-Occasion-_-Survival-Backpack-Full-of-Gear-5-300x300.jpg\" alt=\"\" width=\"300\" height=\"300\" srcset=\"https:\/\/isopllc.com\/tr\/wp-content\/uploads\/sites\/12\/2023\/01\/Emergency-Survival-Kit-_-Emergency-Survival-Backpack-First-Aid-Equipment-for-Camping-Hiking-Outdoor-_-Survival-Emergency-Tools-for-Any-Occasion-_-Survival-Backpack-Full-of-Gear-5-300x300.jpg 300w, https:\/\/isopllc.com\/tr\/wp-content\/uploads\/sites\/12\/2023\/01\/Emergency-Survival-Kit-_-Emergency-Survival-Backpack-First-Aid-Equipment-for-Camping-Hiking-Outdoor-_-Survival-Emergency-Tools-for-Any-Occasion-_-Survival-Backpack-Full-of-Gear-5-150x150.jpg 150w, https:\/\/isopllc.com\/tr\/wp-content\/uploads\/sites\/12\/2023\/01\/Emergency-Survival-Kit-_-Emergency-Survival-Backpack-First-Aid-Equipment-for-Camping-Hiking-Outdoor-_-Survival-Emergency-Tools-for-Any-Occasion-_-Survival-Backpack-Full-of-Gear-5-768x768.jpg 768w, https:\/\/isopllc.com\/tr\/wp-content\/uploads\/sites\/12\/2023\/01\/Emergency-Survival-Kit-_-Emergency-Survival-Backpack-First-Aid-Equipment-for-Camping-Hiking-Outdoor-_-Survival-Emergency-Tools-for-Any-Occasion-_-Survival-Backpack-Full-of-Gear-5-416x416.jpg 416w, https:\/\/isopllc.com\/tr\/wp-content\/uploads\/sites\/12\/2023\/01\/Emergency-Survival-Kit-_-Emergency-Survival-Backpack-First-Aid-Equipment-for-Camping-Hiking-Outdoor-_-Survival-Emergency-Tools-for-Any-Occasion-_-Survival-Backpack-Full-of-Gear-5-100x100.jpg 100w, https:\/\/isopllc.com\/tr\/wp-content\/uploads\/sites\/12\/2023\/01\/Emergency-Survival-Kit-_-Emergency-Survival-Backpack-First-Aid-Equipment-for-Camping-Hiking-Outdoor-_-Survival-Emergency-Tools-for-Any-Occasion-_-Survival-Backpack-Full-of-Gear-5.jpg 900w\" sizes=\"auto, (max-width: 300px) 100vw, 300px\" \/><\/p>\n<p>Profesyonel acil durum s\u0131rt \u00e7antas\u0131 setimizin i\u00e7eri\u011fi: ilk yard\u0131m \u00e7antas\u0131, eldiven, hayatta kalma bilezi\u011fi, k\u0131l\u0131\u00e7 kart\u0131, tel testere, acil durum battaniyesi, acil durum \u00e7ad\u0131r\u0131, ya\u011fmurluk, me\u015fale, k\u00fcrek, sava\u015f turnikesi, portatif soba, katlanabilir bardak, olta seti, g\u00fc\u00e7 bankas\u0131, sivrisinek tepe filesi, \u00e7engelli i\u011fne, \u00e7ok ama\u00e7l\u0131 b\u0131\u00e7ak, \u00e7ok fonksiyonlu pense, \u00e7ok ama\u00e7l\u0131 spork, k\u0131zd\u0131rma \u00e7ubu\u011fu, su filtresi &amp; su torbas\u0131, y\u00fcz maskesi, ate\u015f ba\u015flat\u0131c\u0131, mini tencere, ayna, reflekt\u00f6rl\u00fc yelek, y\u00fczme kolluklar\u0131, kablo ba\u011flar\u0131.<\/p>\n","protected":false},"excerpt":{"rendered":"<p id=\"title\" class=\"a-size-large a-spacing-none\" style=\"text-align: center;\"><span id=\"productTitle\" class=\"a-size-large product-title-word-break\">Acil hayatta kalma | Kamp, Do\u011fa Y\u00fcr\u00fcy\u00fc\u015f\u00fc, Avc\u0131l\u0131k, A\u00e7\u0131k Hava Maceralar\u0131 i\u00e7in Hayatta Kalma Ekipmanlar\u0131 | Acil Durum Ekipmanlar\u0131 ile Hayatta Kalma Aletleri<\/span><\/p>\n<p id=\"reconcile-item-title\" class=\"text-weight-bold\" style=\"text-align: center;\">\u00a0Kupa<\/p>\n<p style=\"text-align: center;\">10-14 G\u00dcN \u0130\u00c7\u0130NDE \u00dcCRETS\u0130Z TESL\u0130MAT<\/p>\n<p>&nbsp;<\/p>\n","protected":false},"featured_media":4839,"comment_status":"open","ping_status":"closed","template":"","meta":[],"product_brand":[],"product_cat":[186],"product_tag":[45,46,44],"class_list":{"0":"post-4805","1":"product","2":"type-product","3":"status-publish","4":"has-post-thumbnail","6":"product_cat-kurtarma-ve-hayatta-kalma-setleri","7":"product_tag-acil-durum-ekipmani","8":"product_tag-guvenlik","9":"product_tag-hayatta-kalma","11":"first","12":"instock","13":"shipping-taxable","14":"purchasable","15":"product-type-simple"},"_links":{"self":[{"href":"https:\/\/isopllc.com\/tr\/wp-json\/wp\/v2\/product\/4805","targetHints":{"allow":["GET"]}}],"collection":[{"href":"https:\/\/isopllc.com\/tr\/wp-json\/wp\/v2\/product"}],"about":[{"href":"https:\/\/isopllc.com\/tr\/wp-json\/wp\/v2\/types\/product"}],"replies":[{"embeddable":true,"href":"https:\/\/isopllc.com\/tr\/wp-json\/wp\/v2\/comments?post=4805"}],"wp:featuredmedia":[{"embeddable":true,"href":"https:\/\/isopllc.com\/tr\/wp-json\/wp\/v2\/media\/4839"}],"wp:attachment":[{"href":"https:\/\/isopllc.com\/tr\/wp-json\/wp\/v2\/media?parent=4805"}],"wp:term":[{"taxonomy":"product_brand","embeddable":true,"href":"https:\/\/isopllc.com\/tr\/wp-json\/wp\/v2\/product_brand?post=4805"},{"taxonomy":"product_cat","embeddable":true,"href":"https:\/\/isopllc.com\/tr\/wp-json\/wp\/v2\/product_cat?post=4805"},{"taxonomy":"product_tag","embeddable":true,"href":"https:\/\/isopllc.com\/tr\/wp-json\/wp\/v2\/product_tag?post=4805"}],"curies":[{"name":"wp","href":"https:\/\/api.w.org\/{rel}","templated":true}]}}