{"id":4813,"date":"2023-03-30T05:15:50","date_gmt":"2023-03-30T05:15:50","guid":{"rendered":"https:\/\/isopllc.com\/tr\/?post_type=product&#038;p=4813"},"modified":"2025-07-01T06:36:07","modified_gmt":"2025-07-01T06:36:07","slug":"yatak-izgarasi-yardimci-sap-3-sapli-cerceve","status":"publish","type":"product","link":"https:\/\/isopllc.com\/tr\/product\/yatak-izgarasi-yardimci-sap-3-sapli-cerceve\/","title":{"rendered":"Yatak \u0131zgaras\u0131 yard\u0131mc\u0131 sap"},"content":{"rendered":"<h2 id=\"title\" class=\"a-size-large a-spacing-none\"><span id=\"productTitle\" class=\"a-size-large product-title-word-break\">Yatak \u0131zgaras\u0131 yard\u0131mc\u0131 sap | ayarlanabilir yatak yard\u0131mc\u0131 aleti | yatak merdiveni 3 sapl\u0131 \u00e7er\u00e7eve sap\u0131 | yeti\u015fkinler, ya\u015fl\u0131lar, engelliler i\u00e7in g\u00fcvenlik barfiks ipi kald\u0131r\u0131c\u0131<\/span><\/h2>\n<p><img loading=\"lazy\" decoding=\"async\" class=\"alignnone wp-image-4822 size-medium\" src=\"https:\/\/isopllc.com\/tr\/wp-content\/uploads\/sites\/12\/2023\/03\/Bed-Rail-Assist-Handle-2-300x300.jpg\" alt=\"Yatak \u0131zgaras\u0131 yard\u0131mc\u0131 sap\" width=\"300\" height=\"300\" srcset=\"https:\/\/isopllc.com\/tr\/wp-content\/uploads\/sites\/12\/2023\/03\/Bed-Rail-Assist-Handle-2-300x300.jpg 300w, https:\/\/isopllc.com\/tr\/wp-content\/uploads\/sites\/12\/2023\/03\/Bed-Rail-Assist-Handle-2-150x150.jpg 150w, https:\/\/isopllc.com\/tr\/wp-content\/uploads\/sites\/12\/2023\/03\/Bed-Rail-Assist-Handle-2-768x768.jpg 768w, https:\/\/isopllc.com\/tr\/wp-content\/uploads\/sites\/12\/2023\/03\/Bed-Rail-Assist-Handle-2-416x416.jpg 416w, https:\/\/isopllc.com\/tr\/wp-content\/uploads\/sites\/12\/2023\/03\/Bed-Rail-Assist-Handle-2-100x100.jpg 100w, https:\/\/isopllc.com\/tr\/wp-content\/uploads\/sites\/12\/2023\/03\/Bed-Rail-Assist-Handle-2.jpg 900w\" sizes=\"auto, (max-width: 300px) 100vw, 300px\" \/><\/p>\n<p>Omurilik yaralanmalar\u0131, alt v\u00fccut zay\u0131fl\u0131\u011f\u0131 ve s\u0131n\u0131rl\u0131 hareket a\u00e7\u0131kl\u0131\u011f\u0131 olanlara yard\u0131mc\u0131 olan yatak merdiveni, ki\u015filerin kolayca oturma pozisyonuna y\u00fckselmesini sa\u011flar.<\/p>\n<p><img loading=\"lazy\" decoding=\"async\" class=\"alignnone size-medium wp-image-4823\" src=\"https:\/\/isopllc.com\/tr\/wp-content\/uploads\/sites\/12\/2023\/03\/Adjustable-Bed-Assistance-Device-1-1-300x300.jpg\" alt=\"\" width=\"300\" height=\"300\" srcset=\"https:\/\/isopllc.com\/tr\/wp-content\/uploads\/sites\/12\/2023\/03\/Adjustable-Bed-Assistance-Device-1-1-300x300.jpg 300w, https:\/\/isopllc.com\/tr\/wp-content\/uploads\/sites\/12\/2023\/03\/Adjustable-Bed-Assistance-Device-1-1-150x150.jpg 150w, https:\/\/isopllc.com\/tr\/wp-content\/uploads\/sites\/12\/2023\/03\/Adjustable-Bed-Assistance-Device-1-1-768x768.jpg 768w, https:\/\/isopllc.com\/tr\/wp-content\/uploads\/sites\/12\/2023\/03\/Adjustable-Bed-Assistance-Device-1-1-416x416.jpg 416w, https:\/\/isopllc.com\/tr\/wp-content\/uploads\/sites\/12\/2023\/03\/Adjustable-Bed-Assistance-Device-1-1-100x100.jpg 100w, https:\/\/isopllc.com\/tr\/wp-content\/uploads\/sites\/12\/2023\/03\/Adjustable-Bed-Assistance-Device-1-1.jpg 900w\" sizes=\"auto, (max-width: 300px) 100vw, 300px\" \/><\/p>\n<p>300 pound&#8217;a kadar destekleyen dayan\u0131kl\u0131 bir dokuma ile in\u015fa edilen sa\u011flam yatak merdiveni, ameliyattan iyile\u015fenlerin yan\u0131 s\u0131ra hamile veya s\u0131rt problemleri \u00e7ekenler i\u00e7in yatakta oturmay\u0131 kolayla\u015ft\u0131r\u0131r.<\/p>\n<p><img loading=\"lazy\" decoding=\"async\" class=\"alignnone size-medium wp-image-4821\" src=\"https:\/\/isopllc.com\/tr\/wp-content\/uploads\/sites\/12\/2023\/03\/Bed-Rail-Assist-Handle-3-300x300.jpg\" alt=\"\" width=\"300\" height=\"300\" srcset=\"https:\/\/isopllc.com\/tr\/wp-content\/uploads\/sites\/12\/2023\/03\/Bed-Rail-Assist-Handle-3-300x300.jpg 300w, https:\/\/isopllc.com\/tr\/wp-content\/uploads\/sites\/12\/2023\/03\/Bed-Rail-Assist-Handle-3-150x150.jpg 150w, https:\/\/isopllc.com\/tr\/wp-content\/uploads\/sites\/12\/2023\/03\/Bed-Rail-Assist-Handle-3-768x768.jpg 768w, https:\/\/isopllc.com\/tr\/wp-content\/uploads\/sites\/12\/2023\/03\/Bed-Rail-Assist-Handle-3-416x416.jpg 416w, https:\/\/isopllc.com\/tr\/wp-content\/uploads\/sites\/12\/2023\/03\/Bed-Rail-Assist-Handle-3-100x100.jpg 100w, https:\/\/isopllc.com\/tr\/wp-content\/uploads\/sites\/12\/2023\/03\/Bed-Rail-Assist-Handle-3.jpg 900w\" sizes=\"auto, (max-width: 300px) 100vw, 300px\" \/><\/p>\n<p>Herhangi bir karyola \u00e7er\u00e7evesine d\u00fc\u011f\u00fcm atarak kolayca kurulur. Merdivenin \u00e7\u0131kar\u0131lmas\u0131 kolayd\u0131r ve evde oldu\u011fu kadar seyahat ederken de ek yard\u0131m i\u00e7in ta\u015f\u0131nabilir.<\/p>\n<p><img loading=\"lazy\" decoding=\"async\" class=\"alignnone size-medium wp-image-4824\" src=\"https:\/\/isopllc.com\/tr\/wp-content\/uploads\/sites\/12\/2023\/03\/Adjustable-Bed-Assistance-Device-3-1-300x300.jpg\" alt=\"\" width=\"300\" height=\"300\" srcset=\"https:\/\/isopllc.com\/tr\/wp-content\/uploads\/sites\/12\/2023\/03\/Adjustable-Bed-Assistance-Device-3-1-300x300.jpg 300w, https:\/\/isopllc.com\/tr\/wp-content\/uploads\/sites\/12\/2023\/03\/Adjustable-Bed-Assistance-Device-3-1-150x150.jpg 150w, https:\/\/isopllc.com\/tr\/wp-content\/uploads\/sites\/12\/2023\/03\/Adjustable-Bed-Assistance-Device-3-1-768x768.jpg 768w, https:\/\/isopllc.com\/tr\/wp-content\/uploads\/sites\/12\/2023\/03\/Adjustable-Bed-Assistance-Device-3-1-416x416.jpg 416w, https:\/\/isopllc.com\/tr\/wp-content\/uploads\/sites\/12\/2023\/03\/Adjustable-Bed-Assistance-Device-3-1-100x100.jpg 100w, https:\/\/isopllc.com\/tr\/wp-content\/uploads\/sites\/12\/2023\/03\/Adjustable-Bed-Assistance-Device-3-1.jpg 900w\" sizes=\"auto, (max-width: 300px) 100vw, 300px\" \/><\/p>\n<p>A\u011f\u0131r hizmet tipi 3 kulp yast\u0131kl\u0131d\u0131r ve yatakta kendinizi kald\u0131r\u0131rken veya indirirken kaymaz bir tutu\u015f sa\u011flar. Kaymaz saplar\u0131n her biri, rahat bir tutu\u015f sa\u011flamak i\u00e7in 15,2 cm uzunlu\u011fundad\u0131r. \u00dc\u00e7 kulp, y\u00fckselirken optimum yard\u0131m i\u00e7in 27,9 cm aral\u0131klarla yerle\u015ftirilmi\u015ftir.<\/p>\n<p><img loading=\"lazy\" decoding=\"async\" class=\"alignnone size-medium wp-image-4825\" src=\"https:\/\/isopllc.com\/tr\/wp-content\/uploads\/sites\/12\/2023\/03\/Bed-Rail-Assist-Handle-1-300x300.jpg\" alt=\"\" width=\"300\" height=\"300\" srcset=\"https:\/\/isopllc.com\/tr\/wp-content\/uploads\/sites\/12\/2023\/03\/Bed-Rail-Assist-Handle-1-300x300.jpg 300w, https:\/\/isopllc.com\/tr\/wp-content\/uploads\/sites\/12\/2023\/03\/Bed-Rail-Assist-Handle-1-150x150.jpg 150w, https:\/\/isopllc.com\/tr\/wp-content\/uploads\/sites\/12\/2023\/03\/Bed-Rail-Assist-Handle-1-768x768.jpg 768w, https:\/\/isopllc.com\/tr\/wp-content\/uploads\/sites\/12\/2023\/03\/Bed-Rail-Assist-Handle-1-416x416.jpg 416w, https:\/\/isopllc.com\/tr\/wp-content\/uploads\/sites\/12\/2023\/03\/Bed-Rail-Assist-Handle-1-100x100.jpg 100w, https:\/\/isopllc.com\/tr\/wp-content\/uploads\/sites\/12\/2023\/03\/Bed-Rail-Assist-Handle-1.jpg 900w\" sizes=\"auto, (max-width: 300px) 100vw, 300px\" \/><\/p>\n","protected":false},"excerpt":{"rendered":"<p id=\"title\" class=\"a-size-large a-spacing-none\" style=\"text-align: center;\"><span id=\"productTitle\" class=\"a-size-large product-title-word-break\">ISOP &#8211; Yatak \u0131zgaras\u0131 yard\u0131mc\u0131 sap | ayarlanabilir yatak yard\u0131mc\u0131 aleti | yatak merdiveni 3 sapl\u0131 \u00e7er\u00e7eve sap\u0131 | yeti\u015fkinler, ya\u015fl\u0131lar, engelliler i\u00e7in g\u00fcvenlik barfiks ipi kald\u0131r\u0131c\u0131<\/span><\/p>\n<p id=\"reconcile-item-title\" class=\"text-weight-bold\" style=\"text-align: center;\">\u00a0Kupa<\/p>\n<p style=\"text-align: center;\">10-14 G\u00dcN \u0130\u00c7\u0130NDE \u00dcCRETS\u0130Z TESL\u0130MAT<\/p>\n<p>&nbsp;<\/p>\n","protected":false},"featured_media":4826,"comment_status":"open","ping_status":"closed","template":"","meta":[],"product_brand":[],"product_cat":[186],"product_tag":[101,102,100,99],"class_list":{"0":"post-4813","1":"product","2":"type-product","3":"status-publish","4":"has-post-thumbnail","6":"product_cat-kurtarma-ve-hayatta-kalma-setleri","7":"product_tag-isop","8":"product_tag-urunleri","9":"product_tag-yardimci-sap","10":"product_tag-yatak-izgarasi","12":"first","13":"instock","14":"shipping-taxable","15":"purchasable","16":"product-type-simple"},"_links":{"self":[{"href":"https:\/\/isopllc.com\/tr\/wp-json\/wp\/v2\/product\/4813","targetHints":{"allow":["GET"]}}],"collection":[{"href":"https:\/\/isopllc.com\/tr\/wp-json\/wp\/v2\/product"}],"about":[{"href":"https:\/\/isopllc.com\/tr\/wp-json\/wp\/v2\/types\/product"}],"replies":[{"embeddable":true,"href":"https:\/\/isopllc.com\/tr\/wp-json\/wp\/v2\/comments?post=4813"}],"wp:featuredmedia":[{"embeddable":true,"href":"https:\/\/isopllc.com\/tr\/wp-json\/wp\/v2\/media\/4826"}],"wp:attachment":[{"href":"https:\/\/isopllc.com\/tr\/wp-json\/wp\/v2\/media?parent=4813"}],"wp:term":[{"taxonomy":"product_brand","embeddable":true,"href":"https:\/\/isopllc.com\/tr\/wp-json\/wp\/v2\/product_brand?post=4813"},{"taxonomy":"product_cat","embeddable":true,"href":"https:\/\/isopllc.com\/tr\/wp-json\/wp\/v2\/product_cat?post=4813"},{"taxonomy":"product_tag","embeddable":true,"href":"https:\/\/isopllc.com\/tr\/wp-json\/wp\/v2\/product_tag?post=4813"}],"curies":[{"name":"wp","href":"https:\/\/api.w.org\/{rel}","templated":true}]}}