{"id":4844,"date":"2023-06-12T03:36:24","date_gmt":"2023-06-12T03:36:24","guid":{"rendered":"https:\/\/isopllc.com\/tr\/?post_type=product&#038;p=4844"},"modified":"2025-07-01T06:35:54","modified_gmt":"2025-07-01T06:35:54","slug":"yangin-kacis-merdiveni-icin-aluminyum-dolap","status":"publish","type":"product","link":"https:\/\/isopllc.com\/tr\/product\/yangin-kacis-merdiveni-icin-aluminyum-dolap\/","title":{"rendered":"Yang\u0131n Ka\u00e7\u0131\u015f Merdiveni i\u00e7in Al\u00fcminyum Dolap"},"content":{"rendered":"<div class=\"celwidget aplus-module module-4 aplus-standard\" data-csa-c-id=\"6mnb1z-9dwrl2-ic24uv-jd1phn\" data-cel-widget=\"aplus-module-4\">\n<div class=\"a-expander-collapsed-height a-row a-expander-container a-expander-partial-collapse-container\" aria-live=\"polite\" data-a-expander-name=\"aplus-module-expander\" data-a-expander-collapsed-height=\"700\">\n<div class=\"a-expander-content a-expander-partial-collapse-content\" aria-expanded=\"false\">\n<div class=\"aplus-module-wrapper apm-fixed-width\">\n<div class=\"apm-spacing\">\n<div class=\"apm-floatleft apm-fixed-width\">\n<div id=\"title_feature_div\" class=\"celwidget\" data-feature-name=\"title\" data-csa-c-id=\"m5t5xw-wzxd1-od319-pyb58o\" data-cel-widget=\"title_feature_div\">\n<div id=\"titleSection\" class=\"a-section a-spacing-none\">\n<div id=\"title_feature_div\" class=\"celwidget\" data-feature-name=\"title\" data-csa-c-id=\"m5t5xw-wzxd1-od319-pyb58o\" data-cel-widget=\"title_feature_div\">\n<div id=\"titleSection\" class=\"a-section a-spacing-none\">\n<h2 id=\"reconcile-item-title\" class=\"text-weight-bold\">Yang\u0131n Ka\u00e7\u0131\u015f Merdiveni i\u00e7in Al\u00fcminyum Dolap \/ Yang\u0131n S\u00f6nd\u00fcr\u00fcc\u00fc i\u00e7in Evrensel Eri\u015fim Kutusu<\/h2>\n<p><img loading=\"lazy\" decoding=\"async\" class=\"a-spacing-mini alignnone\" src=\"https:\/\/m.media-amazon.com\/images\/S\/aplus-media-library-service-media\/e15241a0-08f0-49b7-9104-3cbeb027e2cc.__CR0,0,1000,1000_PT0_SX300_V1___.jpg\" alt=\"Yang\u0131n Ka\u00e7\u0131\u015f Merdiveni i\u00e7in Al\u00fcminyum Dolap\" width=\"300\" height=\"300\" data-src=\"https:\/\/m.media-amazon.com\/images\/S\/aplus-media-library-service-media\/e15241a0-08f0-49b7-9104-3cbeb027e2cc.__CR0,0,1000,1000_PT0_SX300_V1___.jpg\" \/><\/p>\n<\/div>\n<\/div>\n<ul class=\"a-unordered-list a-vertical\">\n<li>Kompakt tasar\u0131m<\/li>\n<li>A\u011f\u0131r Hizmet Tipi Demir konstr\u00fcksiyon<\/li>\n<li>Akrilik cam (acil durumlarda standart camdan daha g\u00fcvenlidir)<\/li>\n<li>Duvara kolayca monte edilir<\/li>\n<li>Gerekti\u011finde bulmak kolay<\/li>\n<\/ul>\n<\/div>\n<\/div>\n<\/div>\n<\/div>\n<\/div>\n<\/div>\n<\/div>\n<\/div>\n<div class=\"celwidget aplus-module module-9 aplus-standard\" data-csa-c-id=\"kgh8ns-6rdhac-l4uce3-redgno\" data-cel-widget=\"aplus-module-9\">\n<div class=\"a-expander-collapsed-height a-row a-expander-container a-expander-partial-collapse-container\" aria-live=\"polite\" data-a-expander-name=\"aplus-module-expander\" data-a-expander-collapsed-height=\"700\">\n<div class=\"a-expander-content a-expander-partial-collapse-content\" aria-expanded=\"false\">\n<div class=\"aplus-module-wrapper apm-fixed-width\">\n<div class=\"apm-spacing apm-fixed-width\">\n<div class=\"celwidget aplus-module module-9 aplus-standard\" data-csa-c-id=\"6rrkxj-o9oo3p-2dk8kw-v8mrts\" data-cel-widget=\"aplus-module-9\">\n<div class=\"a-expander-collapsed-height a-row a-expander-container a-expander-partial-collapse-container\" aria-live=\"polite\" data-a-expander-name=\"aplus-module-expander\" data-a-expander-collapsed-height=\"700\">\n<div class=\"a-expander-content a-expander-partial-collapse-content\" aria-expanded=\"false\">\n<div class=\"aplus-module-wrapper apm-fixed-width\">\n<div class=\"apm-spacing apm-fixed-width\">\n<p><img loading=\"lazy\" decoding=\"async\" class=\"a-spacing-mini alignnone\" src=\"https:\/\/m.media-amazon.com\/images\/S\/aplus-media-library-service-media\/eb357252-9807-4881-a43c-3cc4db2103d8.__CR0,0,1000,1000_PT0_SX300_V1___.jpg\" alt=\"\" width=\"300\" height=\"300\" data-src=\"https:\/\/m.media-amazon.com\/images\/S\/aplus-media-library-service-media\/eb357252-9807-4881-a43c-3cc4db2103d8.__CR0,0,1000,1000_PT0_SX300_V1___.jpg\" \/><\/p>\n<\/div>\n<p>Demir Yang\u0131n S\u00f6nd\u00fcrme Dolab\u0131, acil bir durumda s\u00f6nd\u00fcr\u00fcc\u00fcn\u00fcz\u00fc veya ka\u00e7\u0131\u015f merdiveninizi kolayca eri\u015filebilir durumda tutar.<\/p>\n<p>Kompakt boyutu\u00a0(36x26x13 cm, 1 mm ince)\u00a0ve dayan\u0131kl\u0131 yap\u0131s\u0131 sayesinde bu dolap daireler, apartmanlar ve k\u00fc\u00e7\u00fck i\u015fletmeler i\u00e7in idealdir ve uzun s\u00fcreli saklama i\u00e7in g\u00fcvenli bir yer sa\u011flar.<\/p>\n<p><img loading=\"lazy\" decoding=\"async\" class=\"a-spacing-mini alignnone\" src=\"https:\/\/m.media-amazon.com\/images\/S\/aplus-media-library-service-media\/3806abe5-8aab-4c85-9449-dfe77f5144ae.__CR0,0,1000,1000_PT0_SX300_V1___.jpg\" alt=\"Yang\u0131n S\u00f6nd\u00fcr\u00fcc\u00fc i\u00e7in Evrensel Eri\u015fim Kutusu\" width=\"300\" height=\"300\" data-src=\"https:\/\/m.media-amazon.com\/images\/S\/aplus-media-library-service-media\/3806abe5-8aab-4c85-9449-dfe77f5144ae.__CR0,0,1000,1000_PT0_SX300_V1___.jpg\" \/><\/p>\n<p>Ani bir ev veya i\u015f yeri yang\u0131n\u0131 durumunda, yang\u0131n s\u00f6nd\u00fcr\u00fcc\u00fcn\u00fcz veya merdiveniniz i\u00e7in belirlenmi\u015f bir yer sa\u011flar ve onu yak\u0131n\u0131n\u0131zda ve en \u00e7ok ihtiya\u00e7 duyuldu\u011funda haz\u0131r tutar.<\/p>\n<\/div>\n<\/div>\n<\/div>\n<\/div>\n<\/div>\n<\/div>\n<\/div>\n<\/div>\n<\/div>\n","protected":false},"excerpt":{"rendered":"[embed]https:\/\/youtu.be\/RT0rAqisPAE[\/embed]\n<p id=\"title\" class=\"a-size-large a-spacing-none\" style=\"text-align: center;\">Yang\u0131n Ka\u00e7\u0131\u015f Merdiveni i\u00e7in Al\u00fcminyum Dolap \/ Yang\u0131n S\u00f6nd\u00fcr\u00fcc\u00fc i\u00e7in Evrensel Eri\u015fim Kutusu<\/p>\n<p style=\"text-align: center;\">10-14 G\u00dcN \u0130\u00c7\u0130NDE \u00dcCRETS\u0130Z TESL\u0130MAT<\/p>\n<p>&nbsp;<\/p>\n","protected":false},"featured_media":4845,"comment_status":"open","ping_status":"closed","template":"","meta":[],"product_brand":[],"product_cat":[192,190],"product_tag":[179,180,178],"class_list":{"0":"post-4844","1":"product","2":"type-product","3":"status-publish","4":"has-post-thumbnail","6":"product_cat-yangin-merdiveni-saklama-kutusu","7":"product_cat-yangin-merdivenleri-icin-aksesuarlar","8":"product_tag-evrensel-erisim-kutusu","9":"product_tag-yangin-guvenligi-ekipmani","10":"product_tag-yangin-sondurucu-kutusu","12":"first","13":"instock","14":"shipping-taxable","15":"purchasable","16":"product-type-simple"},"_links":{"self":[{"href":"https:\/\/isopllc.com\/tr\/wp-json\/wp\/v2\/product\/4844","targetHints":{"allow":["GET"]}}],"collection":[{"href":"https:\/\/isopllc.com\/tr\/wp-json\/wp\/v2\/product"}],"about":[{"href":"https:\/\/isopllc.com\/tr\/wp-json\/wp\/v2\/types\/product"}],"replies":[{"embeddable":true,"href":"https:\/\/isopllc.com\/tr\/wp-json\/wp\/v2\/comments?post=4844"}],"wp:featuredmedia":[{"embeddable":true,"href":"https:\/\/isopllc.com\/tr\/wp-json\/wp\/v2\/media\/4845"}],"wp:attachment":[{"href":"https:\/\/isopllc.com\/tr\/wp-json\/wp\/v2\/media?parent=4844"}],"wp:term":[{"taxonomy":"product_brand","embeddable":true,"href":"https:\/\/isopllc.com\/tr\/wp-json\/wp\/v2\/product_brand?post=4844"},{"taxonomy":"product_cat","embeddable":true,"href":"https:\/\/isopllc.com\/tr\/wp-json\/wp\/v2\/product_cat?post=4844"},{"taxonomy":"product_tag","embeddable":true,"href":"https:\/\/isopllc.com\/tr\/wp-json\/wp\/v2\/product_tag?post=4844"}],"curies":[{"name":"wp","href":"https:\/\/api.w.org\/{rel}","templated":true}]}}