{"id":4869,"date":"2023-06-12T03:44:31","date_gmt":"2023-06-12T03:44:31","guid":{"rendered":"https:\/\/isopllc.com\/tr\/?post_type=product&#038;p=4869"},"modified":"2025-07-01T06:32:56","modified_gmt":"2025-07-01T06:32:56","slug":"evler-icin-halat-merdivenli-3-kat","status":"publish","type":"product","link":"https:\/\/isopllc.com\/tr\/product\/evler-icin-halat-merdivenli-3-kat\/","title":{"rendered":"Evler i\u00e7in Halat Merdivenli 3. Kat"},"content":{"rendered":"<div class=\"celwidget aplus-module module-4 aplus-standard\" data-csa-c-id=\"6mnb1z-9dwrl2-ic24uv-jd1phn\" data-cel-widget=\"aplus-module-4\">\n<div class=\"a-expander-collapsed-height a-row a-expander-container a-expander-partial-collapse-container\" aria-live=\"polite\" data-a-expander-name=\"aplus-module-expander\" data-a-expander-collapsed-height=\"700\">\n<div class=\"a-expander-content a-expander-partial-collapse-content\" aria-expanded=\"false\">\n<div class=\"aplus-module-wrapper apm-fixed-width\">\n<div class=\"apm-spacing\">\n<div class=\"apm-floatleft apm-fixed-width\">\n<div id=\"title_feature_div\" class=\"celwidget\" data-feature-name=\"title\" data-csa-c-id=\"m5t5xw-wzxd1-od319-pyb58o\" data-cel-widget=\"title_feature_div\">\n<div id=\"titleSection\" class=\"a-section a-spacing-none\">\n<div id=\"title_feature_div\" class=\"celwidget\" data-feature-name=\"title\" data-csa-c-id=\"m5t5xw-wzxd1-od319-pyb58o\" data-cel-widget=\"title_feature_div\">\n<div id=\"titleSection\" class=\"a-section a-spacing-none\">\n<div id=\"title_feature_div\" class=\"celwidget\" data-feature-name=\"title\" data-csa-c-type=\"widget\" data-csa-c-content-id=\"title\" data-csa-c-slot-id=\"title_feature_div\" data-csa-c-asin=\"B08LBSSYLB\" data-csa-c-is-in-initial-active-row=\"false\" data-csa-c-id=\"17ru46-17y14b-n67b8m-2oxpt\" data-cel-widget=\"title_feature_div\">\n<div id=\"titleSection\" class=\"a-section a-spacing-none\">\n<h2 id=\"title\" class=\"a-size-large a-spacing-none\">Yang\u0131n Merdiveni 8 m 3 Katl\u0131 | Evler i\u00e7in Halat Merdivenli 3. Kat| Ta\u015f\u0131nabilir, Katlanabilir ve Kompakt | Acil Durum Merdiveni Balkona Uygun<\/h2>\n<\/div>\n<\/div>\n<\/div>\n<\/div>\n<\/div>\n<\/div>\n<\/div>\n<\/div>\n<\/div>\n<\/div>\n<\/div>\n<\/div>\n<div class=\"celwidget aplus-module module-9 aplus-standard\" data-csa-c-id=\"kgh8ns-6rdhac-l4uce3-redgno\" data-cel-widget=\"aplus-module-9\">\n<div class=\"a-expander-collapsed-height a-row a-expander-container a-expander-partial-collapse-container\" aria-live=\"polite\" data-a-expander-name=\"aplus-module-expander\" data-a-expander-collapsed-height=\"700\">\n<div class=\"a-expander-content a-expander-partial-collapse-content\" aria-expanded=\"false\">\n<div class=\"aplus-module-wrapper apm-fixed-width\">\n<div class=\"apm-spacing apm-fixed-width\">\n<div class=\"celwidget aplus-module module-9 aplus-standard\" data-csa-c-id=\"6rrkxj-o9oo3p-2dk8kw-v8mrts\" data-cel-widget=\"aplus-module-9\">\n<div class=\"a-expander-collapsed-height a-row a-expander-container a-expander-partial-collapse-container\" aria-live=\"polite\" data-a-expander-name=\"aplus-module-expander\" data-a-expander-collapsed-height=\"700\">\n<div class=\"a-expander-content a-expander-partial-collapse-content\" aria-expanded=\"false\">\n<div class=\"aplus-module-wrapper apm-fixed-width\">\n<div class=\"apm-spacing apm-fixed-width\"><\/div>\n<\/div>\n<\/div>\n<\/div>\n<\/div>\n<div class=\"celwidget aplus-module module-2 aplus-standard\" data-csa-c-id=\"czdp8c-vpt42n-ub22e6-8qlfjz\" data-cel-widget=\"aplus-module-2\">\n<div class=\"a-expander-collapsed-height a-row a-expander-container a-expander-partial-collapse-container\" aria-live=\"polite\" data-a-expander-name=\"aplus-module-expander\" data-a-expander-collapsed-height=\"700\">\n<div class=\"a-expander-content a-expander-partial-collapse-content\" aria-expanded=\"false\">\n<div class=\"aplus-module-wrapper apm-floatnone apm-fixed-width\">\n<div class=\"apm-sidemodule apm-spacing\">\n<div class=\"apm-sidemodule-textright\">\n<div class=\"celwidget aplus-module module-9 aplus-standard\">\n<div class=\"a-expander-collapsed-height a-row a-expander-container a-expander-partial-collapse-container\" data-a-expander-name=\"aplus-module-expander\" data-a-expander-collapsed-height=\"700\">\n<div class=\"a-expander-content a-expander-partial-collapse-content\" aria-expanded=\"false\">\n<div class=\"aplus-module-wrapper apm-fixed-width\">\n<div class=\"apm-spacing apm-fixed-width\">\n<div class=\"celwidget aplus-module module-9 aplus-standard\" data-csa-c-id=\"emkbnl-11vq23-1incdi-lfo9yf\" data-cel-widget=\"aplus-module-9\">\n<div class=\"aplus-module-wrapper apm-fixed-width\">\n<div class=\"apm-spacing apm-fixed-width\">\n<h3 class=\"a-spacing-small\">Neden Evler i\u00e7in Halat Merdivenli 3. Kat Se\u00e7melisiniz?<\/h3>\n<p><img decoding=\"async\" class=\"a-spacing-mini\" src=\"https:\/\/m.media-amazon.com\/images\/S\/aplus-media-library-service-media\/94e0f1b0-d713-4663-a172-3e35c4090aaa.__CR0,0,1000,1000_PT0_SX300_V1___.jpg\" alt=\"Gentle to hands\" data-src=\"https:\/\/m.media-amazon.com\/images\/S\/aplus-media-library-service-media\/94e0f1b0-d713-4663-a172-3e35c4090aaa.__CR0,0,1000,1000_PT0_SX300_V1___.jpg\" \/><\/p>\n<h3>Ellere kar\u015f\u0131 nazik<\/h3>\n<p>Bu merdivenleri olu\u015ftururken rakiplerimizin kusurlar\u0131n\u0131 g\u00f6z \u00f6n\u00fcnde bulundurduk. \u0130lk uyar\u0131 ve kidde gibi di\u011ferleri, al\u00fcminyum basamaklar keskin oldu\u011fu i\u00e7in merdiven basamaklar\u0131n\u0131n kullan\u0131c\u0131lar\u0131n ellerini kesti\u011finden \u00e7ok \u015fikayet ediyorlar. Bunu dikkate ald\u0131k ve merdivenlerimizin keskin k\u00f6\u015feleri yoktur ve hem yeti\u015fkinler hem de \u00e7ocuklar taraf\u0131ndan g\u00fcvenle kullan\u0131labilir.<\/p>\n<p><img decoding=\"async\" class=\"a-spacing-mini\" src=\"https:\/\/m.media-amazon.com\/images\/S\/aplus-media-library-service-media\/f4a0822e-ae1c-4dd4-9fb4-65b3a55dfe23.__CR0,0,300,300_PT0_SX300_V1___.jpg\" alt=\"Gentle to hands\" data-src=\"https:\/\/m.media-amazon.com\/images\/S\/aplus-media-library-service-media\/f4a0822e-ae1c-4dd4-9fb4-65b3a55dfe23.__CR0,0,300,300_PT0_SX300_V1___.jpg\" \/><\/p>\n<h3>Entegre kay\u0131\u015flar<\/h3>\n<p>Yine merdivenlerimizi rakiplerimizle kar\u015f\u0131la\u015ft\u0131rd\u0131\u011f\u0131m\u0131zda belirtmek gerekir ki, merdivenlerimiz ba\u015ftan a\u015fa\u011f\u0131 \u00f6zel patentli bir teknoloji sayesinde 1200 pound&#8217;a (!) kadar dayanabilen tek par\u00e7a dokuma kay\u0131\u015ftan olu\u015fmaktad\u0131r. Rakiplerin dokuma merdivenleri, bize g\u00f6re g\u00fcvenilmez olan par\u00e7alar halinde dikilirken.<\/p>\n<p><img decoding=\"async\" class=\"a-spacing-mini\" src=\"https:\/\/m.media-amazon.com\/images\/S\/aplus-media-library-service-media\/1e590bfd-623a-4bb9-8619-39e17e4db234.__CR0,0,1500,1500_PT0_SX300_V1___.jpg\" alt=\"designer bag and carabiners\" data-src=\"https:\/\/m.media-amazon.com\/images\/S\/aplus-media-library-service-media\/1e590bfd-623a-4bb9-8619-39e17e4db234.__CR0,0,1500,1500_PT0_SX300_V1___.jpg\" \/><\/p>\n<h3>Aksesuarlar<\/h3>\n<p>Merdivenler, k\u0131r\u0131lma mukavemeti 11KN olan krom kapl\u0131 a\u011f\u0131r hizmet tipi karabinalar ve \u015f\u0131k bir saklama \u00e7antas\u0131 i\u00e7erir.<\/p>\n<p><img loading=\"lazy\" decoding=\"async\" class=\"a-spacing-mini alignnone\" src=\"https:\/\/m.media-amazon.com\/images\/S\/aplus-media-library-service-media\/31cb1ffe-be10-49a6-9183-b2586ead68f1.__CR0,0,300,300_PT0_SX300_V1___.jpg\" alt=\"Evler i\u00e7in Halat Merdivenli 3. Kat\" width=\"300\" height=\"300\" data-src=\"https:\/\/m.media-amazon.com\/images\/S\/aplus-media-library-service-media\/31cb1ffe-be10-49a6-9183-b2586ead68f1.__CR0,0,300,300_PT0_SX300_V1___.jpg\" \/><\/p>\n<h3>2 beden varyasyonu<\/h3>\n<p>Merdivenlerimizin 2 boyutunu sunuyoruz &#8211; yang\u0131n ka\u00e7\u0131\u015f merdiveni 2 katl\u0131 ve yang\u0131n ka\u00e7\u0131\u015f merdiveni 3 katl\u0131 evler.<\/p>\n<p><img decoding=\"async\" class=\"a-spacing-mini\" src=\"https:\/\/m.media-amazon.com\/images\/S\/aplus-media\/sc\/42cab632-a2d0-40fd-a2dd-280d531bf010.__CR282,0,1000,1000_PT0_SX300_V1___.jpg\" alt=\"For window or balcony\" data-src=\"https:\/\/m.media-amazon.com\/images\/S\/aplus-media\/sc\/42cab632-a2d0-40fd-a2dd-280d531bf010.__CR282,0,1000,1000_PT0_SX300_V1___.jpg\" \/><\/p>\n<\/div>\n<div>\n<h3>Stabilizat\u00f6rler<\/h3>\n<p>Merdivenlerimizin basamaklar\u0131nda, merdivenlerin duvara s\u0131k\u0131ca yap\u0131\u015fmas\u0131n\u0131 de\u011fil, duvara kar\u015f\u0131 sa\u011flam durmas\u0131n\u0131 sa\u011flayan ve bu nedenle ikinci veya \u00fc\u00e7\u00fcnc\u00fc kattan ini\u015fi b\u00fcy\u00fck \u00f6l\u00e7\u00fcde kolayla\u015ft\u0131ran dengeleyiciler vard\u0131r.<\/p>\n<h3>Kayma \u00d6nleyici Basamaklar<\/h3>\n<p>Basamaklar\u0131n y\u00fczeyindeki \u00f6zel bir desen, daireden ini\u015fi her t\u00fcrl\u00fc hava ko\u015fulunda kaymaz hale getirir.<\/p>\n<p><img decoding=\"async\" class=\"a-spacing-mini\" style=\"font-weight: 600;\" src=\"https:\/\/m.media-amazon.com\/images\/S\/aplus-media\/sc\/8b1ba6ce-d84f-4314-b98a-95d063fc3e5e.__CR500,0,1000,1000_PT0_SX300_V1___.jpg\" alt=\"For window or balcony\" data-src=\"https:\/\/m.media-amazon.com\/images\/S\/aplus-media\/sc\/8b1ba6ce-d84f-4314-b98a-95d063fc3e5e.__CR500,0,1000,1000_PT0_SX300_V1___.jpg\" \/><\/p>\n<\/div>\n<\/div>\n<div>\n<h3>Hava ko\u015fullar\u0131na dayan\u0131kl\u0131<\/h3>\n<p>\u00d6zel toz boyal\u0131 boya, basamaklar\u0131 paslanmaya kar\u015f\u0131 korur ve polyester dokuma suya veya kara kar\u015f\u0131 olduk\u00e7a diren\u00e7lidir, bu nedenle yang\u0131n ka\u00e7\u0131\u015f merdivenlerimiz hava ko\u015fullar\u0131na dayan\u0131kl\u0131d\u0131r.<\/p>\n<h3>Yeniden kullan\u0131labilir<\/h3>\n<p>Merdivenlerimiz tekrar kullan\u0131labilir, \u00fcstelik kolayca sabitlenebilir. Uygun depolama ile y\u0131llarca s\u00fcrebilirler!<\/p>\n<\/div>\n<\/div>\n<div class=\"celwidget aplus-module module-9 aplus-standard\" data-csa-c-id=\"cxy7g4-m6iik-ejevv3-t7eszl\" data-cel-widget=\"aplus-module-9\">\n<div><\/div>\n<\/div>\n<div class=\"celwidget aplus-module module-2 aplus-standard\" data-csa-c-id=\"u15ifx-f00ln-jvos6j-opfbnn\" data-cel-widget=\"aplus-module-2\">\n<div class=\"aplus-module-wrapper apm-floatnone apm-fixed-width\">\n<div class=\"apm-sidemodule apm-spacing\">\n<div class=\"apm-sidemodule-imageleft\"><img decoding=\"async\" class=\"\" src=\"https:\/\/m.media-amazon.com\/images\/S\/aplus-media-library-service-media\/0c3c254d-684e-4313-bc9f-ae4b4b7e7ee7.__CR0,0,300,300_PT0_SX300_V1___.jpg\" alt=\"professional ladder\" data-src=\"https:\/\/m.media-amazon.com\/images\/S\/aplus-media-library-service-media\/0c3c254d-684e-4313-bc9f-ae4b4b7e7ee7.__CR0,0,300,300_PT0_SX300_V1___.jpg\" \/><\/div>\n<div class=\"apm-sidemodule-textright\">\n<h3 class=\"a-spacing-mini\">Profesyonel merdiven \u015firketi<\/h3>\n<p>Bu bir g\u00fcvenlik \u00fcr\u00fcn\u00fc oldu\u011fundan, merdivenler konusunda uzmanla\u015fm\u0131\u015f bir \u015firketten merdiven alman\u0131z\u0131 \u00f6neririz.<\/p>\n<p>Ve ISOP, kendi \u00fcretim tesisinden geni\u015f bir yelpazede farkl\u0131 merdivenler sunan birka\u00e7 \u015firketten biridir.<\/p>\n<\/div>\n<\/div>\n<\/div>\n<\/div>\n<\/div>\n<\/div>\n<\/div>\n<\/div>\n<\/div>\n<\/div>\n<\/div>\n<\/div>\n<\/div>\n<\/div>\n<\/div>\n<\/div>\n<\/div>\n<\/div>\n<\/div>\n<\/div>\n","protected":false},"excerpt":{"rendered":"[embed]https:\/\/youtu.be\/9ib-MV03gHE[\/embed]\n<p id=\"title\" class=\"a-size-large a-spacing-none\" style=\"text-align: center;\">Yang\u0131n Merdiveni 8 m 3 Katl\u0131 | Evler i\u00e7in Halat Merdivenli Yang\u0131n Merdiveni 3. Kat | Ta\u015f\u0131nabilir, Katlanabilir ve Kompakt | Acil Durum Merdiveni Balkona Uygun<\/p>\n<p style=\"text-align: center;\">10-14 G\u00dcN \u0130\u00c7\u0130NDE \u00dcCRETS\u0130Z TESL\u0130MAT<\/p>\n<p>&nbsp;<\/p>\n","protected":false},"featured_media":4870,"comment_status":"open","ping_status":"closed","template":"","meta":[],"product_brand":[],"product_cat":[195,198],"product_tag":[166,52,54],"class_list":{"0":"post-4869","1":"product","2":"type-product","3":"status-publish","4":"has-post-thumbnail","6":"product_cat-ayak-destekli-yangin-merdivenleri","7":"product_cat-yangin-merdivenleri-3-katli","8":"product_tag-uc-katli-merdiven","9":"product_tag-yangin-guvenligi","10":"product_tag-yangin-merdiveni","12":"first","13":"instock","14":"shipping-taxable","15":"purchasable","16":"product-type-simple"},"_links":{"self":[{"href":"https:\/\/isopllc.com\/tr\/wp-json\/wp\/v2\/product\/4869","targetHints":{"allow":["GET"]}}],"collection":[{"href":"https:\/\/isopllc.com\/tr\/wp-json\/wp\/v2\/product"}],"about":[{"href":"https:\/\/isopllc.com\/tr\/wp-json\/wp\/v2\/types\/product"}],"replies":[{"embeddable":true,"href":"https:\/\/isopllc.com\/tr\/wp-json\/wp\/v2\/comments?post=4869"}],"wp:featuredmedia":[{"embeddable":true,"href":"https:\/\/isopllc.com\/tr\/wp-json\/wp\/v2\/media\/4870"}],"wp:attachment":[{"href":"https:\/\/isopllc.com\/tr\/wp-json\/wp\/v2\/media?parent=4869"}],"wp:term":[{"taxonomy":"product_brand","embeddable":true,"href":"https:\/\/isopllc.com\/tr\/wp-json\/wp\/v2\/product_brand?post=4869"},{"taxonomy":"product_cat","embeddable":true,"href":"https:\/\/isopllc.com\/tr\/wp-json\/wp\/v2\/product_cat?post=4869"},{"taxonomy":"product_tag","embeddable":true,"href":"https:\/\/isopllc.com\/tr\/wp-json\/wp\/v2\/product_tag?post=4869"}],"curies":[{"name":"wp","href":"https:\/\/api.w.org\/{rel}","templated":true}]}}