{"id":4919,"date":"2023-10-18T07:22:05","date_gmt":"2023-10-18T07:22:05","guid":{"rendered":"https:\/\/isopllc.com\/tr\/?post_type=product&#038;p=4919"},"modified":"2025-07-01T06:32:00","modified_gmt":"2025-07-01T06:32:00","slug":"guvenlik-merdiveni-alev-almaz-10-m","status":"publish","type":"product","link":"https:\/\/isopllc.com\/tr\/product\/guvenlik-merdiveni-alev-almaz-10-m\/","title":{"rendered":"G\u00fcvenlik Merdiveni Alev Almaz 10 m"},"content":{"rendered":"<div class=\"celwidget aplus-module module-9\" style=\"text-align: center;\" data-csa-c-id=\"8qdekw-f2p4k0-r9icce-qoj6p0\" data-cel-widget=\"aplus-module-9\">\n<div class=\"a-expander-collapsed-height a-row a-expander-container a-expander-partial-collapse-container\" aria-live=\"polite\" data-a-expander-name=\"aplus-module-expander\" data-a-expander-collapsed-height=\"700\">\n<div class=\"a-expander-content a-expander-partial-collapse-content\" aria-expanded=\"false\">\n<div class=\"aplus-module-wrapper\">\n<div class=\"apm-spacing apm-fixed-width\">\n<h2 id=\"title\" class=\"a-size-large a-spacing-none\" style=\"text-align: left;\">G\u00fcvenlik Merdiveni Alev Almaz 10 m- Ba\u011f\u0131ms\u0131z dengeleyicilere, g\u00fcvenlik hatt\u0131na ve kemere sahip yenilik\u00e7i \u00e7\u00f6z\u00fcm merdiveni &#8211; Yeniden kullan\u0131labilir &#8211; 2000 pound&#8217;a kadar a\u011f\u0131rl\u0131k kapasitesi<\/h2>\n<\/div>\n<\/div>\n<\/div>\n<\/div>\n<\/div>\n<div class=\"celwidget aplus-module module-4\" style=\"text-align: center;\" data-csa-c-id=\"r0jyvc-byof08-6y9606-vmksqx\" data-cel-widget=\"aplus-module-4\">\n<div class=\"a-expander-collapsed-height a-row a-expander-container a-expander-partial-collapse-container\" aria-live=\"polite\" data-a-expander-name=\"aplus-module-expander\" data-a-expander-collapsed-height=\"700\">\n<div class=\"a-expander-content a-expander-partial-collapse-content\" aria-expanded=\"false\">\n<div class=\"amp-centerthirdcol-listbox\">\n<div class=\"a-box a-spacing-small a-color-alternate-background apm-listbox amp-centerthirdcol-listbox\">\n<div class=\"a-box-inner\">\n<div class=\"celwidget aplus-module module-12 aplus-standard\">\n<div class=\"a-expander-collapsed-height a-row a-expander-container a-expander-partial-collapse-container\" data-a-expander-name=\"aplus-module-expander\" data-a-expander-collapsed-height=\"360\">\n<div class=\"a-expander-content a-expander-partial-collapse-content\" aria-expanded=\"false\">\n<div class=\"aplus-module-wrapper apm-spacing apm-floatnone apm-fixed-width\">\n<div class=\"apm-sidemodule aplus-module-content\">\n<div class=\"textright apm-hero-text\"><\/div>\n<\/div>\n<\/div>\n<\/div>\n<\/div>\n<\/div>\n<div class=\"celwidget aplus-module module-9 aplus-standard\">\n<div class=\"a-expander-collapsed-height a-row a-expander-container a-expander-partial-collapse-container\" data-a-expander-name=\"aplus-module-expander\" data-a-expander-collapsed-height=\"700\">\n<div class=\"a-expander-content a-expander-partial-collapse-content\" aria-expanded=\"false\">\n<div class=\"aplus-module-wrapper apm-fixed-width\">\n<div class=\"apm-spacing apm-fixed-width\">\n<div class=\"celwidget aplus-module module-9 aplus-standard\">\n<div class=\"a-expander-collapsed-height a-row a-expander-container a-expander-partial-collapse-container\" data-a-expander-name=\"aplus-module-expander\" data-a-expander-collapsed-height=\"700\">\n<div class=\"a-expander-content a-expander-partial-collapse-content\" aria-expanded=\"false\">\n<h3 class=\"a-spacing-small\" style=\"text-align: left;\">Neden bizi se\u00e7melisiniz?<\/h3>\n<h4 style=\"text-align: left;\"><img loading=\"lazy\" decoding=\"async\" class=\"alignnone wp-image-4785\" src=\"https:\/\/isopllc.com\/usa\/wp-content\/uploads\/sites\/4\/2022\/12\/reflective-rope-ladders.jpg\" alt=\"reflective rope ladder\" width=\"307\" height=\"409\" \/>Patentli yans\u0131t\u0131c\u0131 teknoloji<\/h4>\n<p style=\"text-align: left;\">Bu merdiven kolayl\u0131k ve eri\u015filebilirlik g\u00f6z \u00f6n\u00fcnde bulundurularak tasarlanm\u0131\u015ft\u0131r.<\/p>\n<p style=\"text-align: left;\">Bu naylon iplere dokunan \u00f6zel bir yans\u0131t\u0131c\u0131 \u015ferit, el fenerinin \u0131\u015f\u0131n\u0131nda olduk\u00e7a g\u00f6r\u00fcn\u00fcr olmas\u0131n\u0131 sa\u011flar, b\u00f6ylece geceleri ona tak\u0131l\u0131p d\u00fc\u015fmezsiniz.<\/p>\n<div class=\"celwidget aplus-module module-9 aplus-standard\">\n<div class=\"a-expander-collapsed-height a-row a-expander-container a-expander-partial-collapse-container\" data-a-expander-name=\"aplus-module-expander\" data-a-expander-collapsed-height=\"700\">\n<div class=\"a-expander-content a-expander-partial-collapse-content\" aria-expanded=\"false\">\n<p><img decoding=\"async\" class=\"a-spacing-mini\" src=\"https:\/\/m.media-amazon.com\/images\/S\/aplus-media-library-service-media\/811fc784-e602-432e-9106-11c40b5fca8f.__CR0,0,1000,1000_PT0_SX300_V1___.jpg\" alt=\"reinforced rung cap\" data-src=\"https:\/\/m.media-amazon.com\/images\/S\/aplus-media-library-service-media\/811fc784-e602-432e-9106-11c40b5fca8f.__CR0,0,1000,1000_PT0_SX300_V1___.jpg\" \/><\/p>\n<h4 class=\"a-spacing-mini\" style=\"text-align: left;\">G\u00fc\u00e7lendirilmi\u015f basamak kapaklar\u0131<\/h4>\n<p class=\"aplus-module-wrapper apm-fixed-width\" style=\"text-align: left;\">Kapaklar\u0131m\u0131z daha kal\u0131n, daha b\u00fcy\u00fck ve daha sa\u011flamd\u0131r. Uygulaman\u0131n g\u00f6sterdi\u011fi gibi, bu basamaklar tam olarak bu yerlerde a\u011f\u0131rl\u0131k alt\u0131nda k\u0131r\u0131l\u0131r, bu nedenle merdivenlerin uzun ve g\u00fcvenli kullan\u0131m\u0131 i\u00e7in g\u00fc\u00e7lendirilmi\u015f kapaklar vazge\u00e7ilmezdir.<\/p>\n<p><img decoding=\"async\" class=\"a-spacing-mini\" src=\"https:\/\/m.media-amazon.com\/images\/S\/aplus-media-library-service-media\/ee031fb3-8354-45bf-b886-4886ca25315d.__CR0,0,300,300_PT0_SX300_V1___.jpg\" alt=\"ULTRA POWEFUL\" data-src=\"https:\/\/m.media-amazon.com\/images\/S\/aplus-media-library-service-media\/ee031fb3-8354-45bf-b886-4886ca25315d.__CR0,0,300,300_PT0_SX300_V1___.jpg\" \/><\/p>\n<h4 class=\"a-spacing-mini\" style=\"text-align: left;\">ULTRA g\u00fc\u00e7l\u00fc<\/h4>\n<p style=\"text-align: left;\">Bizimkilerden daha g\u00fc\u00e7l\u00fc ve daha g\u00fcvenilir merdivenler yoktur (test edilmi\u015ftir!) &#8211; 2500 lb veya 10 ki\u015fi ta\u015f\u0131r! Zincir merdivenler bile bu a\u011f\u0131rl\u0131k kapasitesine sahip olamaz.<\/p>\n<p style=\"text-align: left;\"><img loading=\"lazy\" decoding=\"async\" class=\"alignnone wp-image-4734\" src=\"https:\/\/isopllc.com\/usa\/wp-content\/uploads\/sites\/4\/2022\/12\/Stabilizers-for-Fire-Escape-Ladder-3.jpg\" alt=\"Stabilizers for Fire Escape Ladder 3\" width=\"298\" height=\"417\" \/><\/p>\n<h3 class=\"a-spacing-small\" style=\"text-align: left;\">Stand-Off Stabilizat\u00f6rleri | 10&#8217;lu Set Ayr\u0131 Pakette Gelecektir<\/h3>\n<p style=\"text-align: left;\">Yenilik\u00e7i stabilizat\u00f6rlerimiz merdivenlerin duvara kar\u015f\u0131 sa\u011flam kalmas\u0131n\u0131 sa\u011flar ve ikinci ve 5. katlara inmeyi b\u00fcy\u00fck \u00f6l\u00e7\u00fcde kolayla\u015ft\u0131r\u0131r.<\/p>\n<p style=\"text-align: left;\"><img loading=\"lazy\" decoding=\"async\" class=\"alignnone wp-image-5031\" src=\"https:\/\/isopllc.com\/usa\/wp-content\/uploads\/sites\/4\/2023\/06\/standoff-for-ladder.png\" alt=\"\" width=\"303\" height=\"246\" \/><\/p>\n<p>&nbsp;<\/p>\n<p style=\"text-align: left;\">Sa\u011flam, sa\u011flam basamak stabilizat\u00f6rleri hafiftir ve tak\u0131lmas\u0131 kolayd\u0131r. Herhangi bir ISOP halat merdivenine tak\u0131n. Bir pakette 10 basama\u011fa takmaya yetecek kadar 20 stabilizat\u00f6r bulunur.<\/p>\n<p><img loading=\"lazy\" decoding=\"async\" class=\"alignnone wp-image-5030\" src=\"https:\/\/isopllc.com\/usa\/wp-content\/uploads\/sites\/4\/2023\/06\/PNG-2.png\" alt=\"G\u00fcvenlik Merdiveni Alev Almaz\" width=\"327\" height=\"266\" \/><\/p>\n<p style=\"text-align: left;\">H\u0131zl\u0131 kullan\u0131m i\u00e7in stabilizat\u00f6rleri \u00f6nceden bir merdivene tak\u0131n. Yang\u0131n merdiveni i\u00e7in ayakta durma stabilizat\u00f6rleri, ini\u015f veya \u00e7\u0131k\u0131\u015f s\u0131ras\u0131nda daha fazla g\u00fcvenlik sa\u011flar. Kaymay\u0131 \u00f6nleyen basamaklara sahip halat merdiven stabilizat\u00f6rleri, a\u015fa\u011f\u0131 inmeyi daha stabil hale getirir.<\/p>\n<p><img loading=\"lazy\" decoding=\"async\" class=\"alignnone wp-image-4740\" src=\"https:\/\/isopllc.com\/usa\/wp-content\/uploads\/sites\/4\/2022\/12\/Stabilizers-for-Fire-Escape-Ladder-5.jpg\" alt=\"Stabilizers for Fire Escape Ladder 5\" width=\"320\" height=\"222\" \/><\/p>\n<p style=\"text-align: left;\">H\u0131zl\u0131 kullan\u0131m i\u00e7in stabilizat\u00f6rleri \u00f6nceden bir merdivene tak\u0131n.<\/p>\n<p><img loading=\"lazy\" decoding=\"async\" class=\"alignnone wp-image-4733\" src=\"https:\/\/isopllc.com\/usa\/wp-content\/uploads\/sites\/4\/2022\/12\/Stabilizers-for-Fire-Escape-Ladder-2.jpg\" alt=\"Stabilizers for Fire Escape Ladder 2\" width=\"282\" height=\"435\" \/><\/p>\n<p style=\"text-align: left;\">Yang\u0131n merdiveni i\u00e7in ayakta durma stabilizat\u00f6rleri, ini\u015f veya \u00e7\u0131k\u0131\u015f s\u0131ras\u0131nda daha fazla g\u00fcvenlik sa\u011flar.<\/p>\n<p><img loading=\"lazy\" decoding=\"async\" class=\"alignnone wp-image-4739\" src=\"https:\/\/isopllc.com\/usa\/wp-content\/uploads\/sites\/4\/2022\/12\/Stabilizers-for-Fire-Escape-Ladder-6.jpg\" alt=\"Stabilizers for Fire Escape Ladder 6\" width=\"298\" height=\"242\" \/><\/p>\n<p style=\"text-align: left;\">Kaymay\u0131 \u00f6nleyen basamaklara sahip halat merdiven stabilizat\u00f6rleri, a\u015fa\u011f\u0131 inmeyi daha stabil hale getirir.<\/p>\n<p style=\"text-align: left;\"><img decoding=\"async\" class=\"a-spacing-mini\" src=\"https:\/\/m.media-amazon.com\/images\/S\/aplus-media\/sc\/66906d66-df90-4038-8550-d72faf80c38f.__CR0,0,1200,1200_PT0_SX300_V1___.jpg\" alt=\"Multifunction\" data-src=\"https:\/\/m.media-amazon.com\/images\/S\/aplus-media\/sc\/66906d66-df90-4038-8550-d72faf80c38f.__CR0,0,1200,1200_PT0_SX300_V1___.jpg\" \/><\/p>\n<h4 class=\"a-spacing-mini\" style=\"text-align: left;\">\u00c7ok i\u015flevli<\/h4>\n<p style=\"text-align: left;\">Oyun alan\u0131, sal\u0131ncak, a\u011fa\u00e7 ev, \u00e7at\u0131 kat\u0131, bah\u00e7e, \u00e7at\u0131 kat\u0131, \u00e7at\u0131 kat\u0131, s\u0131\u011f\u0131nak, deniz ve hatta dekoratif ama\u00e7l\u0131 gibi \u00e7e\u015fitli ama\u00e7larla kullan\u0131labilir. Sonsuz \u00e7e\u015fitlilikte kullan\u0131m se\u00e7enekleri.<\/p>\n<p><img decoding=\"async\" class=\"a-spacing-mini\" src=\"https:\/\/m.media-amazon.com\/images\/S\/aplus-media\/sc\/a53251f8-492d-40f3-a9db-2bdd1415646f.__CR1018,0,1260,1260_PT0_SX300_V1___.png\" alt=\"anti-slip\" data-src=\"https:\/\/m.media-amazon.com\/images\/S\/aplus-media\/sc\/a53251f8-492d-40f3-a9db-2bdd1415646f.__CR1018,0,1260,1260_PT0_SX300_V1___.png\" \/><\/p>\n<h4 class=\"a-spacing-mini\" style=\"text-align: left;\">Kaymay\u0131 \u00f6nleyici basamaklar<\/h4>\n<p style=\"text-align: left;\">Basamaklar sekizgen \u015fekilli oldu\u011fundan g\u00fcvenilirdir ve kaygan de\u011fildir.<\/p>\n<p><img decoding=\"async\" class=\"a-spacing-mini\" src=\"https:\/\/m.media-amazon.com\/images\/S\/aplus-media-library-service-media\/1657651a-3b04-4f8f-8300-ddb668ab5476.__CR0,0,400,400_PT0_SX300_V1___.jpg\" alt=\"Lightweight\" data-src=\"https:\/\/m.media-amazon.com\/images\/S\/aplus-media-library-service-media\/1657651a-3b04-4f8f-8300-ddb668ab5476.__CR0,0,400,400_PT0_SX300_V1___.jpg\" \/><\/p>\n<div class=\"apm-spacing apm-fixed-width\">\n<h4 class=\"a-spacing-mini\" style=\"text-align: left;\">Hafif<\/h4>\n<p style=\"text-align: left;\">\u00d6rne\u011fin 2,5 m&#8217;nin a\u011f\u0131rl\u0131\u011f\u0131 yaln\u0131zca 2 kg&#8217;d\u0131r.<\/p>\n<p style=\"text-align: left;\"><img loading=\"lazy\" decoding=\"async\" class=\"alignnone wp-image-4266\" src=\"https:\/\/isopllc.com\/uk\/wp-content\/uploads\/sites\/2\/2020\/09\/81HAP8zExzL._AC_SL1500_.jpg\" alt=\"\" width=\"302\" height=\"276\" srcset=\"https:\/\/isopllc.com\/tr\/wp-content\/uploads\/sites\/12\/2020\/09\/81HAP8zExzL._AC_SL1500_.jpg 1454w, https:\/\/isopllc.com\/tr\/wp-content\/uploads\/sites\/12\/2020\/09\/81HAP8zExzL._AC_SL1500_-300x274.jpg 300w, https:\/\/isopllc.com\/tr\/wp-content\/uploads\/sites\/12\/2020\/09\/81HAP8zExzL._AC_SL1500_-1024x936.jpg 1024w, https:\/\/isopllc.com\/tr\/wp-content\/uploads\/sites\/12\/2020\/09\/81HAP8zExzL._AC_SL1500_-768x702.jpg 768w, https:\/\/isopllc.com\/tr\/wp-content\/uploads\/sites\/12\/2020\/09\/81HAP8zExzL._AC_SL1500_-1000x914.jpg 1000w, https:\/\/isopllc.com\/tr\/wp-content\/uploads\/sites\/12\/2020\/09\/81HAP8zExzL._AC_SL1500_-416x380.jpg 416w\" sizes=\"auto, (max-width: 302px) 100vw, 302px\" \/><\/p>\n<h4 class=\"a-spacing-mini\" style=\"text-align: left;\">Hava ko\u015fullar\u0131na dayan\u0131kl\u0131<\/h4>\n<p style=\"text-align: left;\">G\u00fcvenlik Merdiveni Alev Almaz neredeyse hi\u00e7bir zaman her t\u00fcrl\u00fc hava ko\u015fulunda eskimez, ya\u011fmurda zarar g\u00f6rmez.<\/p>\n<p><img decoding=\"async\" class=\"a-spacing-mini\" src=\"https:\/\/m.media-amazon.com\/images\/S\/aplus-media-library-service-media\/2b946128-4652-4d13-abea-6ac4f59b6e56.__CR0,0,300,300_PT0_SX300_V1___.jpg\" alt=\"Flame resistant\" data-src=\"https:\/\/m.media-amazon.com\/images\/S\/aplus-media-library-service-media\/2b946128-4652-4d13-abea-6ac4f59b6e56.__CR0,0,300,300_PT0_SX300_V1___.jpg\" \/><\/p>\n<h4 class=\"a-spacing-mini\" style=\"text-align: left;\">Aleve dayan\u0131kl\u0131<\/h4>\n<p style=\"text-align: left;\">\u00d6zel yanmaz lif bile\u015fimi, merdivenin bir s\u00fcre yang\u0131na dayanmas\u0131n\u0131 sa\u011flar, ancak yine de do\u011frudan ate\u015fte kullan\u0131lmas\u0131n\u0131 \u00f6nermiyoruz.<\/p>\n<p><img decoding=\"async\" class=\"a-spacing-mini\" src=\"https:\/\/m.media-amazon.com\/images\/S\/aplus-media-library-service-media\/7ea4637f-e804-413f-ac03-996786e67981.__CR0,0,300,300_PT0_SX300_V1___.jpg\" alt=\"Reusable\" data-src=\"https:\/\/m.media-amazon.com\/images\/S\/aplus-media-library-service-media\/7ea4637f-e804-413f-ac03-996786e67981.__CR0,0,300,300_PT0_SX300_V1___.jpg\" \/><\/p>\n<h4 class=\"a-spacing-mini\" style=\"text-align: left;\">Yeniden kullan\u0131labilir<\/h4>\n<p style=\"text-align: left;\">Di\u011fer al\u00fcminyum merdivenlerden farkl\u0131 olarak halat merdivenlerimiz tekrar kullan\u0131labilir.<\/p>\n<p><img decoding=\"async\" class=\"a-spacing-mini\" src=\"https:\/\/m.media-amazon.com\/images\/S\/aplus-media\/sc\/d843778e-92b5-40e7-a239-8e35fcbadff6.__CR0,0,2000,2000_PT0_SX300_V1___.jpg\" alt=\"Different length \" data-src=\"https:\/\/m.media-amazon.com\/images\/S\/aplus-media\/sc\/d843778e-92b5-40e7-a239-8e35fcbadff6.__CR0,0,2000,2000_PT0_SX300_V1___.jpg\" \/><\/p>\n<\/div>\n<\/div>\n<\/div>\n<\/div>\n<div class=\"celwidget aplus-module module-9 aplus-standard\">\n<div class=\"a-expander-collapsed-height a-row a-expander-container a-expander-partial-collapse-container\" data-a-expander-name=\"aplus-module-expander\" data-a-expander-collapsed-height=\"700\">\n<div class=\"a-expander-content a-expander-partial-collapse-content\" aria-expanded=\"false\">\n<h4 class=\"a-spacing-mini\" style=\"text-align: left;\">Farkl\u0131 uzunluk<\/h4>\n<p style=\"text-align: left;\">1 &#8211; 4 katl\u0131 evler i\u00e7in 2,5 \/ 4 \/ 5 \/ 8 \/ 10 m se\u00e7enekleri mevcuttur.<\/p>\n<\/div>\n<\/div>\n<\/div>\n<div class=\"celwidget aplus-module module-9 aplus-standard\">\n<div class=\"a-expander-collapsed-height a-row a-expander-container a-expander-partial-collapse-container\" data-a-expander-name=\"aplus-module-expander\" data-a-expander-collapsed-height=\"700\">\n<div class=\"a-expander-content a-expander-partial-collapse-content\" aria-expanded=\"false\">\n<div class=\"aplus-module-wrapper apm-fixed-width\">\n<div class=\"apm-spacing apm-fixed-width\" style=\"text-align: left;\"><img loading=\"lazy\" decoding=\"async\" class=\"alignnone wp-image-1060\" src=\"https:\/\/isopllc.com\/uk\/wp-content\/uploads\/sites\/2\/2020\/01\/32-ft-belt2.jpg\" alt=\"\" width=\"299\" height=\"299\" srcset=\"https:\/\/isopllc.com\/tr\/wp-content\/uploads\/sites\/12\/2020\/01\/32-ft-belt2.jpg 1000w, https:\/\/isopllc.com\/tr\/wp-content\/uploads\/sites\/12\/2020\/01\/32-ft-belt2-300x300.jpg 300w, https:\/\/isopllc.com\/tr\/wp-content\/uploads\/sites\/12\/2020\/01\/32-ft-belt2-150x150.jpg 150w, https:\/\/isopllc.com\/tr\/wp-content\/uploads\/sites\/12\/2020\/01\/32-ft-belt2-768x768.jpg 768w, https:\/\/isopllc.com\/tr\/wp-content\/uploads\/sites\/12\/2020\/01\/32-ft-belt2-416x416.jpg 416w, https:\/\/isopllc.com\/tr\/wp-content\/uploads\/sites\/12\/2020\/01\/32-ft-belt2-100x100.jpg 100w\" sizes=\"auto, (max-width: 299px) 100vw, 299px\" \/><\/div>\n<div><\/div>\n<\/div>\n<div>\n<h4 class=\"a-spacing-mini\" style=\"text-align: left;\">EN \u0130Y\u0130S\u0130<\/h4>\n<p style=\"text-align: left;\">Bizimkine benzeyen ba\u015fka halat merdiven teklifleri de var. AMA(!) halatlara yeterince iplik \u00f6rmezler ve bundan tasarruf ederler, dolay\u0131s\u0131yla halatlar yeterince yo\u011fun veya s\u0131k\u0131 de\u011fildir, bu nedenle g\u00fcvenilir de\u011fildir.<\/p>\n<\/div>\n<\/div>\n<\/div>\n<\/div>\n<\/div>\n<\/div>\n<\/div>\n<\/div>\n<\/div>\n<\/div>\n<\/div>\n<\/div>\n<\/div>\n<\/div>\n<\/div>\n<\/div>\n<\/div>\n<\/div>\n","protected":false},"excerpt":{"rendered":"<p id=\"title\" class=\"a-size-large a-spacing-none\" style=\"text-align: center;\">G\u00fcvenlik Merdiveni Alev Almaz 10 m- Ba\u011f\u0131ms\u0131z dengeleyicilere, g\u00fcvenlik hatt\u0131na ve kemere sahip yenilik\u00e7i \u00e7\u00f6z\u00fcm merdiveni &#8211; Yeniden kullan\u0131labilir &#8211; 2000 pound&#8217;a kadar a\u011f\u0131rl\u0131k kapasitesi<\/p>\n<p style=\"text-align: center;\">10-14 G\u00dcN \u0130\u00c7\u0130NDE \u00dcCRETS\u0130Z TESL\u0130MAT<\/p>\n<p>&nbsp;<\/p>\n","protected":false},"featured_media":4904,"comment_status":"open","ping_status":"closed","template":"","meta":[],"product_brand":[],"product_cat":[195,196,197],"product_tag":[69,70,150],"class_list":{"0":"post-4919","1":"product","2":"type-product","3":"status-publish","4":"has-post-thumbnail","6":"product_cat-ayak-destekli-yangin-merdivenleri","7":"product_cat-halat-merdivenler-yangin-merdiveni","8":"product_cat-yangin-merdivenleri-4-katli","9":"product_tag-alev-geciktirici","10":"product_tag-guvenlik-merdiveni","11":"product_tag-yenilikci-cozumler","13":"first","14":"instock","15":"shipping-taxable","16":"purchasable","17":"product-type-simple"},"_links":{"self":[{"href":"https:\/\/isopllc.com\/tr\/wp-json\/wp\/v2\/product\/4919","targetHints":{"allow":["GET"]}}],"collection":[{"href":"https:\/\/isopllc.com\/tr\/wp-json\/wp\/v2\/product"}],"about":[{"href":"https:\/\/isopllc.com\/tr\/wp-json\/wp\/v2\/types\/product"}],"replies":[{"embeddable":true,"href":"https:\/\/isopllc.com\/tr\/wp-json\/wp\/v2\/comments?post=4919"}],"wp:featuredmedia":[{"embeddable":true,"href":"https:\/\/isopllc.com\/tr\/wp-json\/wp\/v2\/media\/4904"}],"wp:attachment":[{"href":"https:\/\/isopllc.com\/tr\/wp-json\/wp\/v2\/media?parent=4919"}],"wp:term":[{"taxonomy":"product_brand","embeddable":true,"href":"https:\/\/isopllc.com\/tr\/wp-json\/wp\/v2\/product_brand?post=4919"},{"taxonomy":"product_cat","embeddable":true,"href":"https:\/\/isopllc.com\/tr\/wp-json\/wp\/v2\/product_cat?post=4919"},{"taxonomy":"product_tag","embeddable":true,"href":"https:\/\/isopllc.com\/tr\/wp-json\/wp\/v2\/product_tag?post=4919"}],"curies":[{"name":"wp","href":"https:\/\/api.w.org\/{rel}","templated":true}]}}