{"id":4952,"date":"2023-10-29T00:52:35","date_gmt":"2023-10-29T00:52:35","guid":{"rendered":"https:\/\/isopllc.com\/tr\/?post_type=product&#038;p=4952"},"modified":"2025-07-01T06:31:14","modified_gmt":"2025-07-01T06:31:14","slug":"yangin-merdiveni-dolabi-orta","status":"publish","type":"product","link":"https:\/\/isopllc.com\/tr\/product\/yangin-merdiveni-dolabi-orta\/","title":{"rendered":"Yang\u0131n Merdiveni Dolab\u0131 Orta | AED Defibrilat\u00f6r"},"content":{"rendered":"<h1 id=\"title\" class=\"a-size-large a-spacing-none\">Yang\u0131n Merdiveni Dolab\u0131 Orta &#8211; Yang\u0131n Kurtarma Malzemeleri i\u00e7in K\u0131rm\u0131z\u0131 Kutu &#8211; Yang\u0131n Battaniyesi ve Yang\u0131n S\u00f6nd\u00fcr\u00fcc\u00fcler i\u00e7in Kancal\u0131 ve Montaj \u00c7apalar\u0131 &#8211; 35 * 28 * 12 cm<\/h1>\n<p><img loading=\"lazy\" decoding=\"async\" class=\"alignnone wp-image-5043\" src=\"https:\/\/isopllc.com\/usa\/wp-content\/uploads\/sites\/4\/2023\/06\/71dmxhPEm7L._AC_SL1500_.jpg\" alt=\"\" width=\"413\" height=\"397\" \/><\/p>\n<div class=\"a-section a-spacing-none premium-aplus-15-heading\">\n<h1 class=\"premium-aplus-15-heading-text a-text-bold\">Acil durum merdiveni i\u00e7in neden bir eri\u015fim kutusu sat\u0131n alman\u0131n daha iyi oldu\u011funa inan\u0131yoruz?<\/h1>\n<\/div>\n<div class=\"a-section a-spacing-none\">\n<p>Birka\u00e7 nedenden dolay\u0131!<\/p>\n<p>1. Kutuyu ankrajlarla duvara (pencerenin alt\u0131na veya balkona) sabitleyerek, merdiveni hemen ankraj halkalar\u0131na takabilirsiniz, ard\u0131ndan acil bir durumda merdiveni pencereden d\u0131\u015far\u0131 at\u0131p hemen a\u015fa\u011f\u0131 inmeye ba\u015flayabilirsiniz. Merdiveni nereye takaca\u011f\u0131m\u0131 arayarak de\u011ferli saniyelerimi kaybetmeden.<\/p>\n<p>2. Kutuyu evin hem i\u00e7ine hem de d\u0131\u015f\u0131na takabilirsiniz. D\u0131\u015far\u0131daki avantaj\u0131, evde yer kaplamamas\u0131 ve odan\u0131n tasar\u0131m\u0131n\u0131 bozmamas\u0131d\u0131r, ancak ayn\u0131 zamanda bir pencerenin yan\u0131na veya balkona tak\u0131ld\u0131\u011f\u0131nda olduk\u00e7a eri\u015filebilir olmas\u0131d\u0131r.<\/p>\n<p>3. Yang\u0131n s\u0131ras\u0131nda aramakla zaman kaybetmemek i\u00e7in her zaman elinizin alt\u0131nda olmas\u0131 ve hayat kurtaran bu \u00f6nemli e\u015fyan\u0131n g\u00f6r\u00fcn\u00fcrde olmas\u0131 nedeniyle evin i\u00e7inden de kullan\u0131\u015fl\u0131d\u0131r.<\/p>\n<p>4. Merdivenleri, pencere \u00e7er\u00e7evesi veya balkon \u00e7ubuklar\u0131 da dahil olmak \u00fczere evinizdeki herhangi bir \u015feye k\u0131yasla 25 KN&#8217;ye dayanabilece\u011finden, kutunun i\u00e7indeki t\u0131rmanma ankrajlar\u0131na takman\u0131z bizim a\u00e7\u0131m\u0131zdan \u00e7ok g\u00fcvenlidir.<\/p>\n<p><img loading=\"lazy\" decoding=\"async\" class=\"alignnone wp-image-5044\" src=\"https:\/\/isopllc.com\/usa\/wp-content\/uploads\/sites\/4\/2023\/06\/e08f082b-1e10-499b-8698-78d3a32260a7.__CR00800600_PT0_SX800_V1___.jpg\" alt=\"\" width=\"405\" height=\"304\" \/><\/p>\n<h1 class=\"aplus-h1 aplus-module-1-heading a-text-bold\">Tek noktadan yang\u0131n acil durum istasyonu t\u00fcm acil durum malzemelerinizi tek bir yerde saklar<\/h1>\n<ul class=\"a-unordered-list a-vertical\">\n<li>Yang\u0131n Tahliye Merdiveni Manyetik Cam Kap\u0131l\u0131 Al\u00fcminyum K\u0131rm\u0131z\u0131 Kutu 35*28*12 cm<\/li>\n<li>Kurulum i\u00e7in donan\u0131m (Montaj Ankrajlar\u0131 25KN)<\/li>\n<li>Yang\u0131n S\u00f6nd\u00fcr\u00fcc\u00fc ve Yang\u0131n Battaniyesi i\u00e7in Kancalar (kutunun yanlar\u0131nda)<img loading=\"lazy\" decoding=\"async\" class=\"alignnone wp-image-5045\" src=\"https:\/\/isopllc.com\/usa\/wp-content\/uploads\/sites\/4\/2023\/06\/cb120de2-f0e0-46e6-9ca4-ca80dc32f1e5.__CR00800600_PT0_SX800_V1___.jpg\" alt=\"\" width=\"418\" height=\"313\" \/><\/li>\n<\/ul>\n<h1 class=\"aplus-h1 aplus-module-1-heading a-text-bold\">Yang\u0131n Ka\u00e7\u0131\u015f Merdivenleri S\u00f6nd\u00fcr\u00fcc\u00fc veya Yang\u0131n Battaniyesi i\u00e7in Al\u00fcminyum Kutu Kapal\u0131 D\u0131\u015f Mekan<\/h1>\n<ul class=\"a-unordered-list a-vertical\">\n<li>Kompakt tasar\u0131m<\/li>\n<li>A\u011f\u0131r Hizmet Tipi Demir konstr\u00fcksiyon<\/li>\n<li>Akrilik cam (acil durumlarda standart camdan daha g\u00fcvenlidir)<\/li>\n<li>Duvara kolayca monte edilir<\/li>\n<li>Gerekti\u011finde bulunmas\u0131 kolay<\/li>\n<\/ul>\n<p><img loading=\"lazy\" decoding=\"async\" class=\"alignnone size-medium wp-image-4941\" src=\"https:\/\/isopllc.com\/tr\/wp-content\/uploads\/sites\/12\/2023\/10\/red-box-small-300x240.jpg\" alt=\"red box small\" width=\"300\" height=\"240\" srcset=\"https:\/\/isopllc.com\/tr\/wp-content\/uploads\/sites\/12\/2023\/10\/red-box-small-300x240.jpg 300w, https:\/\/isopllc.com\/tr\/wp-content\/uploads\/sites\/12\/2023\/10\/red-box-small-768x615.jpg 768w, https:\/\/isopllc.com\/tr\/wp-content\/uploads\/sites\/12\/2023\/10\/red-box-small-416x333.jpg 416w, https:\/\/isopllc.com\/tr\/wp-content\/uploads\/sites\/12\/2023\/10\/red-box-small.jpg 886w\" sizes=\"auto, (max-width: 300px) 100vw, 300px\" \/><\/p>\n<h1 class=\"aplus-h1 aplus-module-1-heading a-text-bold\">Demir Yang\u0131n Ka\u00e7\u0131\u015f Merdiveni Dolab\u0131<\/h1>\n<p>Acil durumlarda yang\u0131n s\u00f6nd\u00fcr\u00fcc\u00fcn\u00fcz\u00fcn veya ka\u00e7\u0131\u015f merdiveninizin kolayca eri\u015filebilir olmas\u0131n\u0131 sa\u011flar.<\/p>\n<p>Kompakt boyutu nedeniyle &#8211; 35x28x12 cm | 0,04 in\u00e7 ince ve dayan\u0131kl\u0131 yap\u0131ya sahip bu dolap, apartman daireleri, apartman daireleri ve k\u00fc\u00e7\u00fck i\u015fletmeler i\u00e7in idealdir ve uzun s\u00fcreli depolama i\u00e7in emniyetli, emniyetli bir yer sa\u011flar.<\/p>\n<p><img loading=\"lazy\" decoding=\"async\" class=\"alignnone wp-image-5047\" src=\"https:\/\/isopllc.com\/usa\/wp-content\/uploads\/sites\/4\/2023\/06\/6d581a96-7d79-4318-ace2-7057cd2fcdb0.__CR00800600_PT0_SX800_V1___.jpg\" alt=\"\" width=\"443\" height=\"332\" \/><\/p>\n<h1 class=\"aplus-h1 aplus-module-1-heading a-text-bold\">\u0130tfaiye \u0130stasyonu<\/h1>\n<p class=\"aplus-p2 aplus-module-1-description\">Ani bir ev veya i\u015fyeri yang\u0131n\u0131 durumunda, yang\u0131n s\u00f6nd\u00fcr\u00fcc\u00fcn\u00fcz veya merdiveniniz i\u00e7in belirlenmi\u015f bir yer sa\u011flar ve en \u00e7ok ihtiya\u00e7 duyuldu\u011fu anda onu yak\u0131n\u0131n\u0131zda ve haz\u0131r tutar.<\/p>\n<p><img loading=\"lazy\" decoding=\"async\" class=\"alignnone wp-image-4545\" src=\"https:\/\/isopllc.com\/usa\/wp-content\/uploads\/sites\/4\/2021\/12\/Built-In-Fire-Escape-Ladder-2-Story-13ft-Retractable-Ladders-Fire-Ladder-for-Homes-Include-Aluminum-Box-Snap-Hooks-and-2-Anchors-Set6.jpg\" alt=\"\" width=\"427\" height=\"427\" \/><\/p>\n<h1 class=\"aplus-h1 aplus-module-1-heading a-text-bold\">Profesyonel \u00dcstten Halatl\u0131 Ankraj<\/h1>\n<p>T\u0131rmanma ankraj c\u0131vatalar\u0131 seti, 2 adet ask\u0131 plakas\u0131 ve 2 adet geni\u015fletme c\u0131vatas\u0131, c\u0131vata somunlar\u0131 ve d\u00fcz pullar i\u00e7erir. Kal\u0131c\u0131 ankraj noktas\u0131 i\u00e7in ask\u0131 plakalar\u0131.<\/p>\n<p>Set, kutuyu duvara sabitlemenizi sa\u011flar. Sadece kutuyu tutmakla kalm\u0131yor, ayn\u0131 zamanda iki karabina i\u00e7in tasarlanm\u0131\u015f ba\u011flant\u0131 g\u00f6zleri, pencereden inmek i\u00e7in kutuya bir ip merdiven asman\u0131za da olanak tan\u0131yor.<\/p>\n<\/div>\n","protected":false},"excerpt":{"rendered":"[embed]https:\/\/youtu.be\/32Q3bQBjZ2g[\/embed]\n<p id=\"title\" class=\"a-size-large a-spacing-none\" style=\"text-align: center;\">Yang\u0131n Merdiveni Dolab\u0131 Orta &#8211; Yang\u0131n Kurtarma Malzemeleri i\u00e7in K\u0131rm\u0131z\u0131 Kutu &#8211; Yang\u0131n Battaniyesi ve Yang\u0131n S\u00f6nd\u00fcr\u00fcc\u00fcler i\u00e7in Kancal\u0131 ve Montaj \u00c7apalar\u0131 &#8211; 35 * 28 * 12 cm<\/p>\n<p style=\"text-align: center;\">10-14 G\u00dcN \u0130\u00c7\u0130NDE \u00dcCRETS\u0130Z TESL\u0130MAT<\/p>\n<p>&nbsp;<\/p>\n","protected":false},"featured_media":4942,"comment_status":"open","ping_status":"closed","template":"","meta":[],"product_brand":[],"product_cat":[192,190],"product_tag":[171,109,170,169],"class_list":{"0":"post-4952","1":"product","2":"type-product","3":"status-publish","4":"has-post-thumbnail","6":"product_cat-yangin-merdiveni-saklama-kutusu","7":"product_cat-yangin-merdivenleri-icin-aksesuarlar","8":"product_tag-aed-defibrilator","9":"product_tag-guvenlik-dolabi","10":"product_tag-orta-boy-dolap","11":"product_tag-yangin-merdiveni-dolabi","13":"first","14":"instock","15":"shipping-taxable","16":"purchasable","17":"product-type-simple"},"_links":{"self":[{"href":"https:\/\/isopllc.com\/tr\/wp-json\/wp\/v2\/product\/4952","targetHints":{"allow":["GET"]}}],"collection":[{"href":"https:\/\/isopllc.com\/tr\/wp-json\/wp\/v2\/product"}],"about":[{"href":"https:\/\/isopllc.com\/tr\/wp-json\/wp\/v2\/types\/product"}],"replies":[{"embeddable":true,"href":"https:\/\/isopllc.com\/tr\/wp-json\/wp\/v2\/comments?post=4952"}],"wp:featuredmedia":[{"embeddable":true,"href":"https:\/\/isopllc.com\/tr\/wp-json\/wp\/v2\/media\/4942"}],"wp:attachment":[{"href":"https:\/\/isopllc.com\/tr\/wp-json\/wp\/v2\/media?parent=4952"}],"wp:term":[{"taxonomy":"product_brand","embeddable":true,"href":"https:\/\/isopllc.com\/tr\/wp-json\/wp\/v2\/product_brand?post=4952"},{"taxonomy":"product_cat","embeddable":true,"href":"https:\/\/isopllc.com\/tr\/wp-json\/wp\/v2\/product_cat?post=4952"},{"taxonomy":"product_tag","embeddable":true,"href":"https:\/\/isopllc.com\/tr\/wp-json\/wp\/v2\/product_tag?post=4952"}],"curies":[{"name":"wp","href":"https:\/\/api.w.org\/{rel}","templated":true}]}}