{"id":5024,"date":"2024-01-18T09:00:54","date_gmt":"2024-01-18T09:00:54","guid":{"rendered":"https:\/\/isopllc.com\/tr\/?post_type=product&#038;p=5024"},"modified":"2025-07-01T06:30:15","modified_gmt":"2025-07-01T06:30:15","slug":"isop-aed-defibrilator-saklama-dolabi-2","status":"publish","type":"product","link":"https:\/\/isopllc.com\/tr\/product\/isop-aed-defibrilator-saklama-dolabi-2\/","title":{"rendered":"ISOP AED Defibrilat\u00f6r Saklama Dolab\u0131"},"content":{"rendered":"<h1 id=\"title\" class=\"a-size-large a-spacing-none\">ISOP AED Defibrilat\u00f6r Saklama Dolab\u0131 | Duvara Monte \u0130lk Yard\u0131m Kutusu<\/h1>\n<p><img loading=\"lazy\" decoding=\"async\" class=\"alignnone wp-image-5252\" src=\"https:\/\/isopllc.com\/usa\/wp-content\/uploads\/sites\/4\/2023\/12\/AED-7.jpg\" alt=\"AED\" width=\"634\" height=\"196\" \/><\/p>\n<div class=\"a-section a-spacing-none aplus-module-section aplus-text-section\">\n<p class=\"description\">T\u00fcm AED defibrilat\u00f6rlerine uyacak ge\u00e7meli kilitlerle donat\u0131lm\u0131\u015f olan AED Kabini, defibrilat\u00f6r\u00fcn\u00fcz i\u00e7in kullan\u0131ma haz\u0131r, g\u00fcvenli bir saklama alan\u0131 sa\u011flar. Burada herkesin fark edece\u011fi k\u0131rm\u0131z\u0131 AED ibaresi, kaza mahallinde bulunan g\u00f6mme kap\u0131 kollar\u0131, sofistike ge\u00e7meli kilit tasar\u0131m\u0131yla h\u0131zla hayat kurtarman\u0131za olanak tan\u0131yor. AED kabinimiz h\u0131zl\u0131 eri\u015fim i\u00e7in ak\u0131ll\u0131ca tasarlanm\u0131\u015ft\u0131r. Defibrilat\u00f6r\u00fcn en \u00f6nemli anlarda hemen al\u0131nabilmesini sa\u011flamak i\u00e7in kolayca eri\u015filebilen bir alana kurun.<\/p>\n<p><strong>Evrensel Uygulanabilirlik:<\/strong> Evrensel kullan\u0131m i\u00e7in \u00f6zel olarak tasarlanan bu AED kabini hastaneler, klinikler, kurtarma ara\u00e7lar\u0131, kurumlar ve \u00e7e\u015fitli ortamlar i\u00e7in idealdir. Yaln\u0131zca e\u011fitimli profesyonellerin eri\u015febildi\u011fi defibrilat\u00f6rlerin depolama ihtiya\u00e7lar\u0131n\u0131 kar\u015f\u0131layarak \u00e7e\u015fitli ortamlarda g\u00fcvenli\u011fi art\u0131r\u0131r.<\/p>\n<p><strong>Kullan\u0131\u015fl\u0131 Bo\u015fluklu Sap:<\/strong> Kullan\u0131c\u0131 dostu bo\u015fluk tarz\u0131 bir sapa sahip olan AED kabini, saklanan defibrilat\u00f6re zahmetsiz ve an\u0131nda eri\u015fim sa\u011flar. Kilitsiz tasar\u0131m, kritik anlarda AED&#8217;ye ula\u015fmadaki gecikmeleri ortadan kald\u0131r\u0131r. Eri\u015filebilirlik, g\u00fcvenlik ve \u015feffafl\u0131\u011f\u0131n kusursuz birle\u015fimi i\u00e7in AED kabinine yat\u0131r\u0131m yap\u0131n. G\u00fcvenilir AED depolama \u00e7\u00f6z\u00fcm\u00fcm\u00fczle haz\u0131rl\u0131k seviyenizi y\u00fckseltin, zaman\u0131n \u00f6nemli oldu\u011fu anlarda hayat kurtaran ekipman\u0131n her zaman parmaklar\u0131n\u0131z\u0131n ucunda olmas\u0131n\u0131 sa\u011flay\u0131n.<\/p>\n<p class=\"description\">Ayr\u0131ca bu al\u00fcminyum kutu, yang\u0131n merdiveni, ilk yard\u0131m \u00e7antas\u0131 gibi \u00e7e\u015fitli ekipman t\u00fcrlerinin saklanmas\u0131 ve yaln\u0131zca e\u015fyalar\u0131n saklanmas\u0131 i\u00e7in saklama alan\u0131 olarak da kullan\u0131labilir.<\/p>\n<p class=\"description\"><em><span class=\"a-text-italic\">35,8 x 17,8 x 40 cm | 3.63 KG<\/span><\/em><\/p>\n<p>End\u00fcstriyel kalitede demirden yap\u0131lm\u0131\u015ft\u0131r<\/p>\n<p>Kolay tan\u0131mlama i\u00e7in \u015feffaf akrilik pencere ve k\u0131rm\u0131z\u0131 elemanlar<\/p>\n<p>\u00dcnitenin arkas\u0131nda kurulum i\u00e7in d\u00f6rt delik vard\u0131r<\/p>\n<p>Evrensel AED duvar dolab\u0131 t\u00fcm AED&#8217;lere uyar<\/p>\n<p><img loading=\"lazy\" decoding=\"async\" class=\"alignnone wp-image-5253\" src=\"https:\/\/isopllc.com\/usa\/wp-content\/uploads\/sites\/4\/2023\/12\/AED-8.jpg\" alt=\"AED\" width=\"631\" height=\"195\" \/><\/p>\n<p>&nbsp;<\/p>\n<\/div>\n","protected":false},"excerpt":{"rendered":"[embed]https:\/\/www.youtube.com\/shorts\/M65A5eMPJkk[\/embed]\n<p id=\"title\" class=\"a-size-large a-spacing-none\" style=\"text-align: center;\">ISOP AED Defibrilat\u00f6r Saklama Dolab\u0131 | Duvara Monte \u0130lk Yard\u0131m Kutusu<\/p>\n<p style=\"text-align: center;\">10-14 G\u00dcN \u0130\u00c7\u0130NDE \u00dcCRETS\u0130Z TESL\u0130MAT<\/p>\n<p>&nbsp;<\/p>\n","protected":false},"featured_media":5087,"comment_status":"open","ping_status":"closed","template":"","meta":[],"product_brand":[],"product_cat":[186,192,190],"product_tag":[108,109,106],"class_list":{"0":"post-5024","1":"product","2":"type-product","3":"status-publish","4":"has-post-thumbnail","6":"product_cat-kurtarma-ve-hayatta-kalma-setleri","7":"product_cat-yangin-merdiveni-saklama-kutusu","8":"product_cat-yangin-merdivenleri-icin-aksesuarlar","9":"product_tag-aed-defibrilator-saklama-dolabi","10":"product_tag-guvenlik-dolabi","11":"product_tag-isop-urunleri","13":"first","14":"instock","15":"shipping-taxable","16":"purchasable","17":"product-type-simple"},"_links":{"self":[{"href":"https:\/\/isopllc.com\/tr\/wp-json\/wp\/v2\/product\/5024","targetHints":{"allow":["GET"]}}],"collection":[{"href":"https:\/\/isopllc.com\/tr\/wp-json\/wp\/v2\/product"}],"about":[{"href":"https:\/\/isopllc.com\/tr\/wp-json\/wp\/v2\/types\/product"}],"replies":[{"embeddable":true,"href":"https:\/\/isopllc.com\/tr\/wp-json\/wp\/v2\/comments?post=5024"}],"wp:featuredmedia":[{"embeddable":true,"href":"https:\/\/isopllc.com\/tr\/wp-json\/wp\/v2\/media\/5087"}],"wp:attachment":[{"href":"https:\/\/isopllc.com\/tr\/wp-json\/wp\/v2\/media?parent=5024"}],"wp:term":[{"taxonomy":"product_brand","embeddable":true,"href":"https:\/\/isopllc.com\/tr\/wp-json\/wp\/v2\/product_brand?post=5024"},{"taxonomy":"product_cat","embeddable":true,"href":"https:\/\/isopllc.com\/tr\/wp-json\/wp\/v2\/product_cat?post=5024"},{"taxonomy":"product_tag","embeddable":true,"href":"https:\/\/isopllc.com\/tr\/wp-json\/wp\/v2\/product_tag?post=5024"}],"curies":[{"name":"wp","href":"https:\/\/api.w.org\/{rel}","templated":true}]}}