{"id":5060,"date":"2024-01-28T14:44:40","date_gmt":"2024-01-28T14:44:40","guid":{"rendered":"https:\/\/isopllc.com\/tr\/?post_type=product&#038;p=5060"},"modified":"2025-07-01T06:29:50","modified_gmt":"2025-07-01T06:29:50","slug":"isop-yangin-sondurucu-montaji-4-adet","status":"publish","type":"product","link":"https:\/\/isopllc.com\/tr\/product\/isop-yangin-sondurucu-montaji-4-adet\/","title":{"rendered":"ISOP Yang\u0131n S\u00f6nd\u00fcr\u00fcc\u00fc Montaj\u0131 4 Adet"},"content":{"rendered":"<h1 id=\"title\" class=\"a-size-large a-spacing-none\"><span id=\"productTitle\" class=\"a-size-large product-title-word-break\"><span class=\"\">ISOP Yang\u0131n S\u00f6nd\u00fcr\u00fcc\u00fc Montaj\u0131 4 Adet | Evrensel Yang\u0131n S\u00f6nd\u00fcr\u00fcc\u00fc Duvar Montaj Braketi | Toplu Yang\u0131n S\u00f6nd\u00fcr\u00fcc\u00fc Braketleri | Ev Mutfak i\u00e7in Yang\u0131n S\u00f6nd\u00fcr\u00fcc\u00fc Montaj\u0131<\/span><\/span><\/h1>\n<p><img loading=\"lazy\" decoding=\"async\" class=\"alignnone wp-image-5282 entered lazyloaded\" title=\"ISOP Yang\u0131n S\u00f6nd\u00fcrme Montaj Aparat\u0131 4 Adet 10\" src=\"https:\/\/isopllc.com\/usa\/wp-content\/uploads\/sites\/4\/2024\/01\/51mPe55XfnL._AC_1.jpg\" sizes=\"auto, (max-width: 527px) 100vw, 527px\" srcset=\"https:\/\/isopllc.com\/usa\/wp-content\/uploads\/sites\/4\/2024\/01\/51mPe55XfnL._AC_1.jpg 650w, https:\/\/isopllc.com\/usa\/wp-content\/uploads\/sites\/4\/2024\/01\/51mPe55XfnL._AC_1-416x224.jpg 416w\" alt=\"Yang\u0131n S\u00f6nd\u00fcr\u00fcc\u00fc Duvara Montaj Braketi\" width=\"527\" height=\"284\" data-lazy-srcset=\"https:\/\/isopllc.com\/usa\/wp-content\/uploads\/sites\/4\/2024\/01\/51mPe55XfnL._AC_1.jpg 650w, https:\/\/isopllc.com\/usa\/wp-content\/uploads\/sites\/4\/2024\/01\/51mPe55XfnL._AC_1-416x224.jpg 416w\" data-lazy-sizes=\"(max-width: 527px) 100vw, 527px\" data-lazy-src=\"https:\/\/isopllc.com\/usa\/wp-content\/uploads\/sites\/4\/2024\/01\/51mPe55XfnL._AC_1.jpg\" data-ll-status=\"loaded\" \/><\/p>\n<h1 class=\"aplus-h3 a-text-bold\">\u00dcniversal Yang\u0131n S\u00f6nd\u00fcr\u00fcc\u00fc Duvar Kanca Ask\u0131s\u0131<\/h1>\n<p>Evrensel Yang\u0131n S\u00f6nd\u00fcrme Braketlerimiz, \u00e7ok \u00e7e\u015fitli yang\u0131n s\u00f6nd\u00fcr\u00fcc\u00fclerle uyumluluk sa\u011flayarak evinizin ve mutfa\u011f\u0131n\u0131z\u0131n g\u00fcvenli\u011fini sa\u011flar: k\u00fc\u00e7\u00fck, b\u00fcy\u00fck, yeniden doldurulabilir su, CO2 veya K s\u0131n\u0131f\u0131 s\u00f6nd\u00fcr\u00fcc\u00fcler; duvara montaj aparat\u0131m\u0131z eviniz, ofisiniz i\u00e7in m\u00fckemmel \u00e7\u00f6z\u00fcmd\u00fcr veya mutfak.<\/p>\n<p><img loading=\"lazy\" decoding=\"async\" class=\"alignnone wp-image-5283 entered lazyloaded\" title=\"ISOP Yang\u0131n S\u00f6nd\u00fcrme Montaj\u0131 4 Adet 11\" src=\"https:\/\/isopllc.com\/usa\/wp-content\/uploads\/sites\/4\/2024\/01\/51mPe55XfnL._AC_2.jpg\" sizes=\"auto, (max-width: 537px) 100vw, 537px\" srcset=\"https:\/\/isopllc.com\/usa\/wp-content\/uploads\/sites\/4\/2024\/01\/51mPe55XfnL._AC_2.jpg 650w, https:\/\/isopllc.com\/usa\/wp-content\/uploads\/sites\/4\/2024\/01\/51mPe55XfnL._AC_2-416x224.jpg 416w\" alt=\"Yang\u0131n S\u00f6nd\u00fcr\u00fcc\u00fc Braketleri\" width=\"537\" height=\"289\" data-lazy-srcset=\"https:\/\/isopllc.com\/usa\/wp-content\/uploads\/sites\/4\/2024\/01\/51mPe55XfnL._AC_2.jpg 650w, https:\/\/isopllc.com\/usa\/wp-content\/uploads\/sites\/4\/2024\/01\/51mPe55XfnL._AC_2-416x224.jpg 416w\" data-lazy-sizes=\"(max-width: 537px) 100vw, 537px\" data-lazy-src=\"https:\/\/isopllc.com\/usa\/wp-content\/uploads\/sites\/4\/2024\/01\/51mPe55XfnL._AC_2.jpg\" data-ll-status=\"loaded\" \/><\/p>\n<h1 class=\"aplus-h3 a-text-bold\">Kompakt ve Kurulumu Kolay<\/h1>\n<p class=\"aplus-p3\">A\u011f\u0131r hizmet tipi \u00e7elik Evrensel Yang\u0131n S\u00f6nd\u00fcr\u00fcc\u00fc Duvar Kancas\u0131 |\u00a0Montaj Braketi |\u00a0Ask\u0131, 13 lbs&#8217;ye kadar yang\u0131n s\u00f6nd\u00fcr\u00fcc\u00fcleri g\u00fcvenli bir \u015fekilde tutmak i\u00e7in \u00f6zel olarak tasarlanm\u0131\u015ft\u0131r.<\/p>\n<p class=\"aplus-p3\">Valf g\u00f6vdesi yuvalar\u0131na sahip t\u00fcm yang\u0131n s\u00f6nd\u00fcr\u00fcc\u00fcler i\u00e7in evrensel uyumlulu\u011fa sahip uzun bir yang\u0131n s\u00f6nd\u00fcr\u00fcc\u00fc deste\u011fine sahiptir.<\/p>\n<p><img loading=\"lazy\" decoding=\"async\" class=\"alignnone wp-image-5284 entered lazyloaded\" title=\"ISOP Yang\u0131n S\u00f6nd\u00fcrme Cihaz\u0131 Montaj\u0131 4 Adet 12\" src=\"https:\/\/isopllc.com\/usa\/wp-content\/uploads\/sites\/4\/2024\/01\/51mPe55XfnL._AC_3.jpg\" sizes=\"auto, (max-width: 526px) 100vw, 526px\" srcset=\"https:\/\/isopllc.com\/usa\/wp-content\/uploads\/sites\/4\/2024\/01\/51mPe55XfnL._AC_3.jpg 650w, https:\/\/isopllc.com\/usa\/wp-content\/uploads\/sites\/4\/2024\/01\/51mPe55XfnL._AC_3-416x224.jpg 416w\" alt=\"Yang\u0131n S\u00f6nd\u00fcr\u00fcc\u00fc Braketleri\" width=\"526\" height=\"283\" data-lazy-srcset=\"https:\/\/isopllc.com\/usa\/wp-content\/uploads\/sites\/4\/2024\/01\/51mPe55XfnL._AC_3.jpg 650w, https:\/\/isopllc.com\/usa\/wp-content\/uploads\/sites\/4\/2024\/01\/51mPe55XfnL._AC_3-416x224.jpg 416w\" data-lazy-sizes=\"(max-width: 526px) 100vw, 526px\" data-lazy-src=\"https:\/\/isopllc.com\/usa\/wp-content\/uploads\/sites\/4\/2024\/01\/51mPe55XfnL._AC_3.jpg\" data-ll-status=\"loaded\" \/><\/p>\n<h1 class=\"aplus-h3 a-text-bold\">Kolayca Monte Edilebilir<\/h1>\n<p class=\"aplus-p3\">Evrensel Yang\u0131n S\u00f6nd\u00fcr\u00fcc\u00fc Duvar Kancam\u0131z, Montaj Par\u00e7am\u0131z, Braketimiz ve Ask\u0131m\u0131zla s\u00f6nd\u00fcr\u00fcc\u00fclerinizi tam olarak ihtiya\u00e7 duydu\u011funuz yere rahatl\u0131kla monte edebilirsiniz.<\/p>\n<p class=\"aplus-p3\">Bu okullar, ofis binalar\u0131 ve fabrikalar i\u00e7in idealdir.<\/p>\n<p class=\"aplus-p3\">Toz boyal\u0131 \u00e7elik yap\u0131, dayan\u0131kl\u0131l\u0131k ve uzun \u00f6m\u00fcr sa\u011flar.<\/p>\n<p><img loading=\"lazy\" decoding=\"async\" class=\"alignnone wp-image-5285 entered lazyloaded\" title=\"ISOP Yang\u0131n S\u00f6nd\u00fcrme Cihaz\u0131 Montaj\u0131 4 Adet 13\" src=\"https:\/\/isopllc.com\/usa\/wp-content\/uploads\/sites\/4\/2024\/01\/51mPe55XfnL._AC_4.jpg\" sizes=\"auto, (max-width: 525px) 100vw, 525px\" srcset=\"https:\/\/isopllc.com\/usa\/wp-content\/uploads\/sites\/4\/2024\/01\/51mPe55XfnL._AC_4.jpg 650w, https:\/\/isopllc.com\/usa\/wp-content\/uploads\/sites\/4\/2024\/01\/51mPe55XfnL._AC_4-416x224.jpg 416w\" alt=\"Yang\u0131n S\u00f6nd\u00fcr\u00fcc\u00fc Braketleri\" width=\"525\" height=\"283\" data-lazy-srcset=\"https:\/\/isopllc.com\/usa\/wp-content\/uploads\/sites\/4\/2024\/01\/51mPe55XfnL._AC_4.jpg 650w, https:\/\/isopllc.com\/usa\/wp-content\/uploads\/sites\/4\/2024\/01\/51mPe55XfnL._AC_4-416x224.jpg 416w\" data-lazy-sizes=\"(max-width: 525px) 100vw, 525px\" data-lazy-src=\"https:\/\/isopllc.com\/usa\/wp-content\/uploads\/sites\/4\/2024\/01\/51mPe55XfnL._AC_4.jpg\" data-ll-status=\"loaded\" \/><\/p>\n<h1 class=\"aplus-h3 a-text-bold\">Paket \u0130\u00e7eri\u011fi<\/h1>\n<div class=\"a-section a-spacing-none column-description\">\n<p class=\"aplus-p3\">4 adet yang\u0131n s\u00f6nd\u00fcr\u00fcc\u00fc braketi<\/p>\n<p class=\"aplus-p3\">4 vida<\/p>\n<p class=\"aplus-p3\">4 adet yumu\u015fak demir rondela<\/p>\n<p class=\"aplus-p3\">1 kurulum k\u0131lavuzu<\/p>\n<p class=\"aplus-p3\"><strong><span class=\"a-text-bold\">Yang\u0131n s\u00f6nd\u00fcr\u00fcc\u00fclerin ayr\u0131 olarak sat\u0131ld\u0131\u011f\u0131n\u0131 l\u00fctfen unutmay\u0131n.<\/span><\/strong><\/p>\n<div class=\"celwidget aplus-module premium-module-15-text aplus-premium\">\n<div class=\"a-section a-spacing-none premium-aplus premium-aplus-module-15\">\n<div class=\"a-section a-spacing-none premium-aplus-15-heading\"><\/div>\n<div class=\"a-section a-spacing-none\">\n<p class=\"description\">G\u00fcvenlik s\u00f6z konusu oldu\u011funda her saniye \u00f6nemlidir.\u00a0Bu nedenle, evinizi veya mutfa\u011f\u0131n\u0131z\u0131 acil durumlara kar\u015f\u0131 haz\u0131rl\u0131kl\u0131 tutmak i\u00e7in tasarlanm\u0131\u015f 4 Montajl\u0131 Yang\u0131n S\u00f6nd\u00fcrme \u00dcnitemizi tan\u0131tmaktan gurur duyuyoruz.\u00a0Evrensel yang\u0131n s\u00f6nd\u00fcr\u00fcc\u00fc duvara montaj braketlerimiz, toplu ihtiya\u00e7lar i\u00e7in m\u00fckemmel \u00e7\u00f6z\u00fcm olup, birden fazla yerde g\u00fcvenli\u011fi ve korumay\u0131 s\u00fcrd\u00fcrmek i\u00e7in gerekli donan\u0131ma sahip olman\u0131z\u0131 sa\u011flar.<\/p>\n<p class=\"description\">Dayan\u0131kl\u0131l\u0131k ve kullan\u0131m kolayl\u0131\u011f\u0131 g\u00f6z \u00f6n\u00fcnde bulundurularak tasarlanan yang\u0131n s\u00f6nd\u00fcr\u00fcc\u00fc braketlerimiz, yang\u0131n s\u00f6nd\u00fcr\u00fcc\u00fcleriniz i\u00e7in g\u00fcvenli ve g\u00fcvenilir bir montaj \u00e7\u00f6z\u00fcm\u00fc sunar.\u00a0\u015e\u0131k ve \u00e7ok y\u00f6nl\u00fc tasar\u0131m, h\u0131zl\u0131 ve rahat kuruluma olanak tan\u0131r ve bu da onu hem konut hem de ticari ortamlar i\u00e7in ideal k\u0131lar.\u00a0Bu montaj aparatlar\u0131 sayesinde acil durumlarda yang\u0131n s\u00f6nd\u00fcr\u00fcc\u00fclerinizin kolayca ula\u015f\u0131labilir olmas\u0131n\u0131 sa\u011flayarak sizin ve sevdiklerinizin i\u00e7inin rahat olmas\u0131n\u0131 sa\u011flayabilirsiniz.<\/p>\n<p class=\"description\">Yang\u0131n s\u00f6nd\u00fcr\u00fcc\u00fc kancalar\u0131m\u0131z, yang\u0131n g\u00fcvenli\u011fi ekipman\u0131n\u0131z\u0131 g\u00fcvence alt\u0131na almak i\u00e7in sa\u011flam ve uzun \u00f6m\u00fcrl\u00fc bir \u00e7\u00f6z\u00fcm sa\u011flayan y\u00fcksek kaliteli malzemelerden yap\u0131lm\u0131\u015ft\u0131r.\u00a0Evrensel tasar\u0131m, \u00e7e\u015fitli yang\u0131n s\u00f6nd\u00fcr\u00fcc\u00fc modelleriyle uyumluluk sa\u011flayarak \u00f6zel ihtiya\u00e7lar\u0131n\u0131z i\u00e7in \u00e7ok y\u00f6nl\u00fc bir montaj se\u00e7ene\u011fi sunar.\u00a0\u0130ster evinizi, mutfa\u011f\u0131n\u0131z\u0131, garaj\u0131n\u0131z\u0131 veya i\u015f yerinizi donatmak isteyin, toplu yang\u0131n s\u00f6nd\u00fcr\u00fcc\u00fc tutucular\u0131m\u0131z birden fazla yerde g\u00fcvenli\u011fi korumak i\u00e7in uygun maliyetli ve verimli bir \u00e7\u00f6z\u00fcm sunar.<\/p>\n<p class=\"description\">Yang\u0131n s\u00f6nd\u00fcr\u00fcc\u00fc montajlar\u0131m\u0131za yat\u0131r\u0131m yaparak m\u00fclk\u00fcn\u00fcz\u00fc ve i\u00e7indeki insanlar\u0131 korumaya y\u00f6nelik proaktif bir ad\u0131m at\u0131yorsunuz.\u00a0Acil bir durum ortaya \u00e7\u0131kana kadar beklemeyin; g\u00fcvenilir ve pratik duvara montaj braketlerimiz ile yang\u0131n s\u00f6nd\u00fcr\u00fcc\u00fclerinizi bug\u00fcn sabitleyin.\u00a0Toplu se\u00e7eneklerimizle, birden fazla alan\u0131 ihtiya\u00e7 duyduklar\u0131 temel g\u00fcvenlik \u00f6nlemleriyle verimli bir \u015fekilde donatabilirsiniz.<\/p>\n<p class=\"description\">Hemen sipari\u015f verin ve eviniz, mutfa\u011f\u0131n\u0131z veya i\u015f yeriniz i\u00e7in daha g\u00fcvenli bir ortam yaratman\u0131n ilk ad\u0131m\u0131n\u0131 at\u0131n.\u00a0<span class=\"VIpgJd-yAWNEb-VIpgJd-fmcmS-sn54Q\">En \u00f6nemli anlarda ihtiyac\u0131n\u0131z olan g\u00fcvenli\u011fi ve eri\u015filebilirli\u011fi sa\u011flamak i\u00e7in Yang\u0131n S\u00f6nd\u00fcrme Ask\u0131s\u0131 4 \u00dcnitemize g\u00fcvenin.<\/span><\/p>\n<\/div>\n<\/div>\n<\/div>\n<\/div>\n","protected":false},"excerpt":{"rendered":"<p id=\"title\" class=\"a-size-large a-spacing-none\" style=\"text-align: center;\"><span id=\"productTitle\" class=\"a-size-large product-title-word-break\"><span class=\"\">ISOP Yang\u0131n S\u00f6nd\u00fcr\u00fcc\u00fc Montaj\u0131 4 Adet | Evrensel Yang\u0131n S\u00f6nd\u00fcr\u00fcc\u00fc Duvar Montaj Braketi | Toplu Yang\u0131n S\u00f6nd\u00fcr\u00fcc\u00fc Braketleri | Ev Mutfak i\u00e7in Yang\u0131n S\u00f6nd\u00fcr\u00fcc\u00fc Montaj\u0131<\/span><\/span><\/p>\n<p style=\"text-align: center;\">10-14 G\u00dcN \u0130\u00c7\u0130NDE \u00dcCRETS\u0130Z TESL\u0130MAT<\/p>\n<p>&nbsp;<\/p>\n","protected":false},"featured_media":5067,"comment_status":"open","ping_status":"closed","template":"","meta":[],"product_brand":[],"product_cat":[185],"product_tag":[137,101,102,136],"class_list":{"0":"post-5060","1":"product","2":"type-product","3":"status-publish","4":"has-post-thumbnail","6":"product_cat-yangin-sondurme-cihazi-tutuculari","7":"product_tag-guvenlik-montaji","8":"product_tag-isop","9":"product_tag-urunleri","10":"product_tag-yangin-sondurucu-montaji","12":"first","13":"instock","14":"shipping-taxable","15":"purchasable","16":"product-type-simple"},"_links":{"self":[{"href":"https:\/\/isopllc.com\/tr\/wp-json\/wp\/v2\/product\/5060","targetHints":{"allow":["GET"]}}],"collection":[{"href":"https:\/\/isopllc.com\/tr\/wp-json\/wp\/v2\/product"}],"about":[{"href":"https:\/\/isopllc.com\/tr\/wp-json\/wp\/v2\/types\/product"}],"replies":[{"embeddable":true,"href":"https:\/\/isopllc.com\/tr\/wp-json\/wp\/v2\/comments?post=5060"}],"wp:featuredmedia":[{"embeddable":true,"href":"https:\/\/isopllc.com\/tr\/wp-json\/wp\/v2\/media\/5067"}],"wp:attachment":[{"href":"https:\/\/isopllc.com\/tr\/wp-json\/wp\/v2\/media?parent=5060"}],"wp:term":[{"taxonomy":"product_brand","embeddable":true,"href":"https:\/\/isopllc.com\/tr\/wp-json\/wp\/v2\/product_brand?post=5060"},{"taxonomy":"product_cat","embeddable":true,"href":"https:\/\/isopllc.com\/tr\/wp-json\/wp\/v2\/product_cat?post=5060"},{"taxonomy":"product_tag","embeddable":true,"href":"https:\/\/isopllc.com\/tr\/wp-json\/wp\/v2\/product_tag?post=5060"}],"curies":[{"name":"wp","href":"https:\/\/api.w.org\/{rel}","templated":true}]}}