{"id":5097,"date":"2024-05-17T05:51:12","date_gmt":"2024-05-17T05:51:12","guid":{"rendered":"https:\/\/isopllc.com\/tr\/?post_type=product&#038;p=5097"},"modified":"2025-07-01T06:29:19","modified_gmt":"2025-07-01T06:29:19","slug":"isop-yangin-kacis-halat-merdiveni-10m-montaj-ankrajli","status":"publish","type":"product","link":"https:\/\/isopllc.com\/tr\/product\/isop-yangin-kacis-halat-merdiveni-10m-montaj-ankrajli\/","title":{"rendered":"ISOP Yang\u0131n Ka\u00e7\u0131\u015f Halat Merdiveni 10m Montaj Ankrajl\u0131"},"content":{"rendered":"<div class=\"celwidget aplus-module module-4 aplus-standard\" data-csa-c-id=\"6mnb1z-9dwrl2-ic24uv-jd1phn\" data-cel-widget=\"aplus-module-4\">\n<div class=\"a-expander-collapsed-height a-row a-expander-container a-expander-partial-collapse-container\" aria-live=\"polite\" data-a-expander-name=\"aplus-module-expander\" data-a-expander-collapsed-height=\"700\">\n<div class=\"a-expander-content a-expander-partial-collapse-content\" aria-expanded=\"false\">\n<div class=\"aplus-module-wrapper apm-fixed-width\">\n<div class=\"apm-spacing\">\n<div class=\"apm-floatleft apm-fixed-width\">\n<div id=\"title_feature_div\" class=\"celwidget\" data-feature-name=\"title\" data-csa-c-id=\"m5t5xw-wzxd1-od319-pyb58o\" data-cel-widget=\"title_feature_div\">\n<div id=\"titleSection\" class=\"a-section a-spacing-none\">\n<div id=\"title_feature_div\" class=\"celwidget\" data-feature-name=\"title\" data-csa-c-id=\"m5t5xw-wzxd1-od319-pyb58o\" data-cel-widget=\"title_feature_div\">\n<div id=\"titleSection\" class=\"a-section a-spacing-none\">\n<div id=\"title_feature_div\" class=\"celwidget\" data-feature-name=\"title\" data-csa-c-type=\"widget\" data-csa-c-content-id=\"title\" data-csa-c-slot-id=\"title_feature_div\" data-csa-c-asin=\"B08LBSSYLB\" data-csa-c-is-in-initial-active-row=\"false\" data-csa-c-id=\"17ru46-17y14b-n67b8m-2oxpt\" data-cel-widget=\"title_feature_div\">\n<div id=\"titleSection\" class=\"a-section a-spacing-none\">\n<h1 id=\"title\" class=\"a-size-large a-spacing-none\"><span id=\"productTitle\" class=\"a-size-large product-title-word-break\">ISOP Yang\u0131n Ka\u00e7\u0131\u015f Halat Merdiveni 10m Montaj Ankrajl\u0131 | Ev 4 Kat i\u00e7in Yang\u0131n Merdiveni | Ta\u015f\u0131nabilir, Katlanabilir ve Kompakt | Acil Durum Merdiveni Duvar\u0131 Sabit<\/span><\/h1>\n<\/div>\n<\/div>\n<\/div>\n<\/div>\n<\/div>\n<\/div>\n<\/div>\n<\/div>\n<\/div>\n<\/div>\n<\/div>\n<\/div>\n<div class=\"celwidget aplus-module module-9 aplus-standard\" data-csa-c-id=\"kgh8ns-6rdhac-l4uce3-redgno\" data-cel-widget=\"aplus-module-9\">\n<div class=\"a-expander-collapsed-height a-row a-expander-container a-expander-partial-collapse-container\" aria-live=\"polite\" data-a-expander-name=\"aplus-module-expander\" data-a-expander-collapsed-height=\"700\">\n<div class=\"a-expander-content a-expander-partial-collapse-content\" aria-expanded=\"false\">\n<div class=\"aplus-module-wrapper apm-fixed-width\">\n<div class=\"apm-spacing apm-fixed-width\">\n<div class=\"celwidget aplus-module module-9 aplus-standard\" data-csa-c-id=\"6rrkxj-o9oo3p-2dk8kw-v8mrts\" data-cel-widget=\"aplus-module-9\">\n<div class=\"a-expander-collapsed-height a-row a-expander-container a-expander-partial-collapse-container\" aria-live=\"polite\" data-a-expander-name=\"aplus-module-expander\" data-a-expander-collapsed-height=\"700\">\n<div class=\"a-expander-content a-expander-partial-collapse-content\" aria-expanded=\"false\">\n<div class=\"aplus-module-wrapper apm-fixed-width\">\n<div class=\"apm-spacing apm-fixed-width\"><\/div>\n<\/div>\n<\/div>\n<\/div>\n<\/div>\n<div class=\"celwidget aplus-module module-2 aplus-standard\" data-csa-c-id=\"czdp8c-vpt42n-ub22e6-8qlfjz\" data-cel-widget=\"aplus-module-2\">\n<div class=\"a-expander-collapsed-height a-row a-expander-container a-expander-partial-collapse-container\" aria-live=\"polite\" data-a-expander-name=\"aplus-module-expander\" data-a-expander-collapsed-height=\"700\">\n<div class=\"a-expander-content a-expander-partial-collapse-content\" aria-expanded=\"false\">\n<div class=\"aplus-module-wrapper apm-floatnone apm-fixed-width\">\n<div class=\"apm-sidemodule apm-spacing\">\n<div class=\"apm-sidemodule-textright\">\n<div class=\"celwidget aplus-module module-9 aplus-standard\">\n<div class=\"a-expander-collapsed-height a-row a-expander-container a-expander-partial-collapse-container\" data-a-expander-name=\"aplus-module-expander\" data-a-expander-collapsed-height=\"700\">\n<div class=\"a-expander-content a-expander-partial-collapse-content\" aria-expanded=\"false\">\n<div class=\"aplus-module-wrapper apm-fixed-width\">\n<div class=\"apm-spacing apm-fixed-width\">\n<div class=\"celwidget aplus-module module-9 aplus-standard\" data-csa-c-id=\"emkbnl-11vq23-1incdi-lfo9yf\" data-cel-widget=\"aplus-module-9\">\n<div class=\"aplus-module-wrapper apm-fixed-width\">\n<div class=\"apm-spacing apm-fixed-width\">\n<h3 class=\"a-spacing-small\">Neden Yang\u0131n Merdiveni Merdivenlerimizi Se\u00e7melisiniz?<\/h3>\n<p><img decoding=\"async\" class=\"a-spacing-mini\" src=\"https:\/\/m.media-amazon.com\/images\/S\/aplus-media-library-service-media\/0c3c254d-684e-4313-bc9f-ae4b4b7e7ee7.__CR0,0,300,300_PT0_SX300_V1___.jpg\" alt=\"professional ladder\" data-src=\"https:\/\/m.media-amazon.com\/images\/S\/aplus-media-library-service-media\/0c3c254d-684e-4313-bc9f-ae4b4b7e7ee7.__CR0,0,300,300_PT0_SX300_V1___.jpg\" \/><\/p>\n<h3>Geni\u015f uygulama<\/h3>\n<p>Yang\u0131n ka\u00e7\u0131\u015f merdiveni veya acil durum olarak kullan\u0131labilir; ayr\u0131ca bir \u00e7at\u0131 kat\u0131 s\u0131\u011f\u0131na\u011f\u0131, tavan aras\u0131 merdiveni, duvar merdiveni ve hatta kal\u0131c\u0131 bir merdiven vb. olarak da kullan\u0131labilir.<\/p>\n<p><img decoding=\"async\" class=\"a-spacing-mini\" src=\"https:\/\/m.media-amazon.com\/images\/S\/aplus-media-library-service-media\/94e0f1b0-d713-4663-a172-3e35c4090aaa.__CR0,0,1000,1000_PT0_SX300_V1___.jpg\" alt=\"Gentle to hands\" data-src=\"https:\/\/m.media-amazon.com\/images\/S\/aplus-media-library-service-media\/94e0f1b0-d713-4663-a172-3e35c4090aaa.__CR0,0,1000,1000_PT0_SX300_V1___.jpg\" \/><\/p>\n<h3>Ellere kar\u015f\u0131 nazik<\/h3>\n<p>Bu merdivenleri olu\u015ftururken rakiplerimizin kusurlar\u0131n\u0131 g\u00f6z \u00f6n\u00fcnde bulundurduk. \u0130lk uyar\u0131 ve kidde gibi di\u011ferleri, al\u00fcminyum basamaklar keskin oldu\u011fu i\u00e7in merdiven basamaklar\u0131n\u0131n kullan\u0131c\u0131lar\u0131n ellerini kesti\u011finden \u00e7ok \u015fikayet ediyorlar. Bunu dikkate ald\u0131k ve merdivenlerimizin keskin k\u00f6\u015feleri yoktur ve hem yeti\u015fkinler hem de \u00e7ocuklar taraf\u0131ndan g\u00fcvenle kullan\u0131labilir.<\/p>\n<p><img decoding=\"async\" class=\"a-spacing-mini\" src=\"https:\/\/m.media-amazon.com\/images\/S\/aplus-media-library-service-media\/f4a0822e-ae1c-4dd4-9fb4-65b3a55dfe23.__CR0,0,300,300_PT0_SX300_V1___.jpg\" alt=\"Gentle to hands\" data-src=\"https:\/\/m.media-amazon.com\/images\/S\/aplus-media-library-service-media\/f4a0822e-ae1c-4dd4-9fb4-65b3a55dfe23.__CR0,0,300,300_PT0_SX300_V1___.jpg\" \/><\/p>\n<h3>Entegre kay\u0131\u015flar<\/h3>\n<p>Yine merdivenlerimizi rakiplerimizle kar\u015f\u0131la\u015ft\u0131rd\u0131\u011f\u0131m\u0131zda belirtmek gerekir ki, merdivenlerimiz ba\u015ftan a\u015fa\u011f\u0131 \u00f6zel patentli bir teknoloji sayesinde 1200 pound&#8217;a (!) kadar dayanabilen tek par\u00e7a dokuma kay\u0131\u015ftan olu\u015fmaktad\u0131r. Rakiplerin dokuma merdivenleri, bize g\u00f6re g\u00fcvenilmez olan par\u00e7alar halinde dikilirken.<\/p>\n<p><img decoding=\"async\" class=\"a-spacing-mini\" src=\"https:\/\/m.media-amazon.com\/images\/S\/aplus-media-library-service-media\/0816345a-5da9-4a58-b7e9-417c78f7767b.__CR0,0,300,300_PT0_SX300_V1___.jpg\" alt=\"For window or balcony\" data-src=\"https:\/\/m.media-amazon.com\/images\/S\/aplus-media-library-service-media\/0816345a-5da9-4a58-b7e9-417c78f7767b.__CR0,0,300,300_PT0_SX300_V1___.jpg\" \/><\/p>\n<p>Saklama \u00e7antas\u0131 ile birlikte gelir.<\/p>\n<p><img decoding=\"async\" class=\"a-spacing-mini\" style=\"font-weight: 600;\" src=\"https:\/\/m.media-amazon.com\/images\/S\/aplus-media\/sc\/42cab632-a2d0-40fd-a2dd-280d531bf010.__CR282,0,1000,1000_PT0_SX300_V1___.jpg\" alt=\"For window or balcony\" data-src=\"https:\/\/m.media-amazon.com\/images\/S\/aplus-media\/sc\/42cab632-a2d0-40fd-a2dd-280d531bf010.__CR282,0,1000,1000_PT0_SX300_V1___.jpg\" \/><\/p>\n<h3>Stabilizat\u00f6rler<\/h3>\n<p>Merdivenlerimizin basamaklar\u0131nda, merdivenlerin duvara s\u0131k\u0131ca yap\u0131\u015fmas\u0131n\u0131 de\u011fil, duvara kar\u015f\u0131 sa\u011flam durmas\u0131n\u0131 sa\u011flayan ve bu nedenle ikinci veya \u00fc\u00e7\u00fcnc\u00fc kattan ini\u015fi b\u00fcy\u00fck \u00f6l\u00e7\u00fcde kolayla\u015ft\u0131ran dengeleyiciler vard\u0131r.<\/p>\n<\/div>\n<div>\n<h3>Kayma \u00d6nleyici Basamaklar<\/h3>\n<p>Basamaklar\u0131n y\u00fczeyindeki \u00f6zel bir desen, daireden ini\u015fi her t\u00fcrl\u00fc hava ko\u015fulunda kaymaz hale getirir.<\/p>\n<p><img decoding=\"async\" class=\"a-spacing-mini\" style=\"font-weight: 600;\" src=\"https:\/\/m.media-amazon.com\/images\/S\/aplus-media\/sc\/8b1ba6ce-d84f-4314-b98a-95d063fc3e5e.__CR500,0,1000,1000_PT0_SX300_V1___.jpg\" alt=\"For window or balcony\" data-src=\"https:\/\/m.media-amazon.com\/images\/S\/aplus-media\/sc\/8b1ba6ce-d84f-4314-b98a-95d063fc3e5e.__CR500,0,1000,1000_PT0_SX300_V1___.jpg\" \/><\/p>\n<\/div>\n<\/div>\n<div>\n<h3>Hava ko\u015fullar\u0131na dayan\u0131kl\u0131<\/h3>\n<p>\u00d6zel toz boyal\u0131 boya, basamaklar\u0131 paslanmaya kar\u015f\u0131 korur ve polyester dokuma suya veya kara kar\u015f\u0131 olduk\u00e7a diren\u00e7lidir, bu nedenle yang\u0131n ka\u00e7\u0131\u015f merdivenlerimiz hava ko\u015fullar\u0131na dayan\u0131kl\u0131d\u0131r.<\/p>\n<h3>Yeniden kullan\u0131labilir<\/h3>\n<p>Merdivenlerimiz tekrar kullan\u0131labilir, \u00fcstelik kolayca sabitlenebilir. Uygun depolama ile y\u0131llarca s\u00fcrebilirler!<\/p>\n<\/div>\n<\/div>\n<div class=\"celwidget aplus-module module-2 aplus-standard\" data-csa-c-id=\"u15ifx-f00ln-jvos6j-opfbnn\" data-cel-widget=\"aplus-module-2\">\n<div class=\"aplus-module-wrapper apm-floatnone apm-fixed-width\">\n<div class=\"apm-sidemodule apm-spacing\">\n<div class=\"apm-sidemodule-textright\">\n<div class=\"aplus-module-wrapper apm-fixed-width\">\n<div class=\"apm-spacing apm-fixed-width\">\n<div class=\"celwidget aplus-module module-9 aplus-standard\" data-csa-c-id=\"emkbnl-11vq23-1incdi-lfo9yf\" data-cel-widget=\"aplus-module-9\">\n<div class=\"aplus-module-wrapper apm-fixed-width\">\n<div class=\"apm-spacing apm-fixed-width\">\n<div id=\"aplus_feature_div\" class=\"celwidget\" data-feature-name=\"aplus\" data-csa-c-type=\"widget\" data-csa-c-content-id=\"aplus\" data-csa-c-slot-id=\"aplus_feature_div\" data-csa-c-asin=\"\" data-csa-c-is-in-initial-active-row=\"false\" data-csa-c-id=\"ebpnh7-v23cw7-lv803-rp18f9\" data-cel-widget=\"aplus_feature_div\">\n<div id=\"aplus\" class=\"a-section a-spacing-large bucket\">\n<div class=\"aplus-v2 desktop celwidget\" data-csa-c-id=\"322z1i-fsajov-ud7fia-k0knjv\" data-cel-widget=\"aplus\">\n<div class=\"celwidget aplus-module module-9 aplus-standard\" data-csa-c-id=\"ed8g21-z6tdjn-xdkwve-myvqs7\" data-cel-widget=\"aplus-module-9\">\n<div><img decoding=\"async\" class=\"a-spacing-mini\" style=\"font-weight: 600;\" src=\"https:\/\/m.media-amazon.com\/images\/S\/aplus-media-library-service-media\/69e20463-8535-4185-ad23-2d11f4e0e445.__CR188,0,1125,1125_PT0_SX300_V1___.jpg\" alt=\"carabiners\" data-src=\"https:\/\/m.media-amazon.com\/images\/S\/aplus-media-library-service-media\/69e20463-8535-4185-ad23-2d11f4e0e445.__CR188,0,1125,1125_PT0_SX300_V1___.jpg\" \/><\/div>\n<\/div>\n<\/div>\n<\/div>\n<div>\n<h3>A\u011f\u0131r hizmet tipi karabinalar<\/h3>\n<p>Merdivenler, k\u0131r\u0131lma mukavemeti 11KN olan krom kapl\u0131 karabinalar i\u00e7erir.<\/p>\n<p><img decoding=\"async\" class=\"a-spacing-mini\" style=\"font-weight: 600;\" src=\"https:\/\/m.media-amazon.com\/images\/S\/aplus-media-library-service-media\/c3b3fb51-597d-4234-91a3-95fb43b58226.__CR0,0,300,300_PT0_SX300_V1___.jpg\" alt=\"ladder\" data-src=\"https:\/\/m.media-amazon.com\/images\/S\/aplus-media-library-service-media\/c3b3fb51-597d-4234-91a3-95fb43b58226.__CR0,0,300,300_PT0_SX300_V1___.jpg\" \/><\/p>\n<\/div>\n<h3>2 beden varyasyonu<\/h3>\n<p>Merdivenlerimizin 2 boyutunu sunuyoruz &#8211; yang\u0131n ka\u00e7\u0131\u015f merdiveni 2 katl\u0131 ve yang\u0131n ka\u00e7\u0131\u015f merdiveni 3 katl\u0131 evler.<\/p>\n<div id=\"aplus\" class=\"a-section a-spacing-large bucket\">\n<div class=\"aplus-v2 desktop celwidget\" data-csa-c-id=\"322z1i-fsajov-ud7fia-k0knjv\" data-cel-widget=\"aplus\">\n<div class=\"celwidget aplus-module module-9 aplus-standard\" data-csa-c-id=\"i3wpnb-ql0ty0-e1ad7b-5zlqlt\" data-cel-widget=\"aplus-module-9\">\n<div class=\"aplus-module-wrapper apm-fixed-width\">\n<div class=\"apm-spacing apm-fixed-width\"><img decoding=\"async\" class=\"a-spacing-mini\" style=\"font-weight: 600;\" src=\"https:\/\/m.media-amazon.com\/images\/S\/aplus-media-library-service-media\/3e3631ef-bf95-4934-bd5d-2881c8d8d8c7.__CR0,0,300,300_PT0_SX300_V1___.jpg\" alt=\"Climbing anchor bolts set\" data-src=\"https:\/\/m.media-amazon.com\/images\/S\/aplus-media-library-service-media\/3e3631ef-bf95-4934-bd5d-2881c8d8d8c7.__CR0,0,300,300_PT0_SX300_V1___.jpg\" \/><\/div>\n<\/div>\n<div><\/div>\n<div>T\u0131rmanma ankraj c\u0131vatas\u0131 seti, 2 adet ask\u0131 plakas\u0131 ve 2 adet genle\u015fme c\u0131vatas\u0131 i\u00e7erir. C\u0131vata Somunlar\u0131 ve d\u00fcz rondelalar dahildir<\/div>\n<div><\/div>\n<\/div>\n<\/div>\n<div><img decoding=\"async\" class=\"a-spacing-mini\" src=\"https:\/\/m.media-amazon.com\/images\/S\/aplus-media-library-service-media\/ac107527-31f7-4d80-b674-40b8002414d7.__CR0,0,300,300_PT0_SX300_V1___.jpg\" alt=\"Climbing anchor bolts set\" data-src=\"https:\/\/m.media-amazon.com\/images\/S\/aplus-media-library-service-media\/ac107527-31f7-4d80-b674-40b8002414d7.__CR0,0,300,300_PT0_SX300_V1___.jpg\" \/><\/div>\n<\/div>\n<div><\/div>\n<\/div>\n<\/div>\n<\/div>\n<\/div>\n<\/div>\n<div>Kal\u0131c\u0131 ankraj noktas\u0131 i\u00e7in ask\u0131 plakalar\u0131. \u0130ki karabina i\u00e7in tasarlanm\u0131\u015f ba\u011flant\u0131 g\u00f6z\u00fc.<\/div>\n<div><\/div>\n<\/div>\n<div><img decoding=\"async\" class=\"a-spacing-mini\" style=\"font-weight: 600;\" src=\"https:\/\/m.media-amazon.com\/images\/S\/aplus-media-library-service-media\/3536bb7e-bf8c-4956-95aa-18f0bec05cc5.__CR0,0,300,300_PT0_SX300_V1___.jpg\" alt=\"Climbing anchor bolts set\" data-src=\"https:\/\/m.media-amazon.com\/images\/S\/aplus-media-library-service-media\/3536bb7e-bf8c-4956-95aa-18f0bec05cc5.__CR0,0,300,300_PT0_SX300_V1___.jpg\" \/><\/div>\n<div><\/div>\n<div>Y\u00fcksek kaliteli ve dayan\u0131kl\u0131 paslanmaz \u00e7elik malzemeden \u00fcretilmi\u015ftir. Hafif, da\u011fc\u0131l\u0131k, kaya t\u0131rman\u0131\u015f\u0131, ma\u011farac\u0131l\u0131k ve di\u011fer a\u00e7\u0131k hava etkinlikleri i\u00e7in uygun<\/div>\n<div><img loading=\"lazy\" decoding=\"async\" class=\"alignnone size-medium wp-image-5099\" src=\"https:\/\/isopllc.com\/tr\/wp-content\/uploads\/sites\/12\/2024\/05\/8EE4ABE8-803C-4EAB-ACC3-91B7D513AFB7-300x256.jpeg\" alt=\"\" width=\"300\" height=\"256\" \/><\/div>\n<div>Merdivenlerimiz bir\u00e7ok dergi taraf\u0131ndan tavsiye edilmektedir.<\/div>\n<div><\/div>\n<\/div>\n<\/div>\n<\/div>\n<\/div>\n<\/div>\n<\/div>\n<\/div>\n<\/div>\n<\/div>\n<\/div>\n<\/div>\n<\/div>\n<\/div>\n<\/div>\n<\/div>\n<\/div>\n<\/div>\n<\/div>\n<\/div>\n<\/div>\n","protected":false},"excerpt":{"rendered":"[embed]https:\/\/youtu.be\/9ib-MV03gHE[\/embed]\n<p id=\"title\" class=\"a-size-large a-spacing-none\" style=\"text-align: center;\"><span id=\"productTitle\" class=\"a-size-large product-title-word-break\">ISOP Yang\u0131n Ka\u00e7\u0131\u015f Halat Merdiveni 10m Montaj Ankrajl\u0131 | Ev 4 Kat i\u00e7in Yang\u0131n Merdiveni | Ta\u015f\u0131nabilir, Katlanabilir ve Kompakt | Acil Durum Merdiveni Duvar\u0131 Sabit<\/span><\/p>\n<p style=\"text-align: center;\">10-14 G\u00dcN \u0130\u00c7\u0130NDE \u00dcCRETS\u0130Z TESL\u0130MAT<\/p>\n<p>&nbsp;<\/p>\n","protected":false},"featured_media":5098,"comment_status":"open","ping_status":"closed","template":"","meta":[],"product_brand":[],"product_cat":[195,193,197],"product_tag":[106,134,133],"class_list":{"0":"post-5097","1":"product","2":"type-product","3":"status-publish","4":"has-post-thumbnail","6":"product_cat-ayak-destekli-yangin-merdivenleri","7":"product_cat-duvara-monte-merdivenler","8":"product_cat-yangin-merdivenleri-4-katli","9":"product_tag-isop-urunleri","10":"product_tag-montaj-ankrajli-merdiven","11":"product_tag-yangin-kacis-halat-merdiveni","13":"first","14":"instock","15":"shipping-taxable","16":"purchasable","17":"product-type-simple"},"_links":{"self":[{"href":"https:\/\/isopllc.com\/tr\/wp-json\/wp\/v2\/product\/5097","targetHints":{"allow":["GET"]}}],"collection":[{"href":"https:\/\/isopllc.com\/tr\/wp-json\/wp\/v2\/product"}],"about":[{"href":"https:\/\/isopllc.com\/tr\/wp-json\/wp\/v2\/types\/product"}],"replies":[{"embeddable":true,"href":"https:\/\/isopllc.com\/tr\/wp-json\/wp\/v2\/comments?post=5097"}],"wp:featuredmedia":[{"embeddable":true,"href":"https:\/\/isopllc.com\/tr\/wp-json\/wp\/v2\/media\/5098"}],"wp:attachment":[{"href":"https:\/\/isopllc.com\/tr\/wp-json\/wp\/v2\/media?parent=5097"}],"wp:term":[{"taxonomy":"product_brand","embeddable":true,"href":"https:\/\/isopllc.com\/tr\/wp-json\/wp\/v2\/product_brand?post=5097"},{"taxonomy":"product_cat","embeddable":true,"href":"https:\/\/isopllc.com\/tr\/wp-json\/wp\/v2\/product_cat?post=5097"},{"taxonomy":"product_tag","embeddable":true,"href":"https:\/\/isopllc.com\/tr\/wp-json\/wp\/v2\/product_tag?post=5097"}],"curies":[{"name":"wp","href":"https:\/\/api.w.org\/{rel}","templated":true}]}}