{"id":5102,"date":"2024-05-19T05:12:48","date_gmt":"2024-05-19T05:12:48","guid":{"rendered":"https:\/\/isopllc.com\/tr\/?post_type=product&#038;p=5102"},"modified":"2025-07-01T06:28:47","modified_gmt":"2025-07-01T06:28:47","slug":"yangin-merdiveni-3-katli-25ft-7-5-m","status":"publish","type":"product","link":"https:\/\/isopllc.com\/tr\/product\/yangin-merdiveni-3-katli-25ft-7-5-m\/","title":{"rendered":"Yang\u0131n Merdiveni 3 Katl\u0131 25ft (7.5 m)"},"content":{"rendered":"<h1 id=\"title\" class=\"a-size-large a-spacing-none\"><span id=\"productTitle\" class=\"a-size-large product-title-word-break\">Yang\u0131n Merdiveni 3 Katl\u0131 25ft (7.5 m) &#8211; K\u0131rm\u0131z\u0131 Kutuda Yang\u0131n Merdiveni i\u00e7in Halatl\u0131 Merdiven &#8211; Acil Durum \u00d6rt\u00fcs\u00fc ve Montaj \u00c7apalar\u0131 dahildir<\/span><\/h1>\n<p><img loading=\"lazy\" decoding=\"async\" class=\"alignnone size-medium wp-image-5128\" src=\"https:\/\/isopllc.com\/tr\/wp-content\/uploads\/sites\/12\/2024\/05\/firefighters-recommended-rope-ladder-300x300.jpg\" alt=\"firefighters recommended rope ladder\" width=\"300\" height=\"300\" srcset=\"https:\/\/isopllc.com\/tr\/wp-content\/uploads\/sites\/12\/2024\/05\/firefighters-recommended-rope-ladder-300x300.jpg 300w, https:\/\/isopllc.com\/tr\/wp-content\/uploads\/sites\/12\/2024\/05\/firefighters-recommended-rope-ladder-150x150.jpg 150w, https:\/\/isopllc.com\/tr\/wp-content\/uploads\/sites\/12\/2024\/05\/firefighters-recommended-rope-ladder-416x416.jpg 416w, https:\/\/isopllc.com\/tr\/wp-content\/uploads\/sites\/12\/2024\/05\/firefighters-recommended-rope-ladder-100x100.jpg 100w, https:\/\/isopllc.com\/tr\/wp-content\/uploads\/sites\/12\/2024\/05\/firefighters-recommended-rope-ladder.jpg 540w\" sizes=\"auto, (max-width: 300px) 100vw, 300px\" \/><\/p>\n<p>Tek noktadan acil tahliye istasyonu, t\u00fcm yang\u0131n acil durum ekipmanlar\u0131n\u0131z\u0131 tek bir yerde saklar (yang\u0131n s\u00f6nd\u00fcr\u00fcc\u00fc dahil de\u011fildir).<\/p>\n<div class=\"flex flex-grow flex-col max-w-full\">\n<div class=\"min-h-[20px] text-message flex flex-col items-start whitespace-pre-wrap break-words [.text-message+&amp;]:mt-5 juice:w-full juice:items-end overflow-x-auto gap-2\" dir=\"auto\" data-message-author-role=\"assistant\" data-message-id=\"7b472508-eaaf-4af9-945b-22b9aab81ce0\">\n<div class=\"flex w-full flex-col gap-1 juice:empty:hidden juice:first:pt-[3px]\">\n<div class=\"markdown prose w-full break-words dark:prose-invert light\">\n<ul>\n<li>Y\u00fcksek G\u00f6r\u00fcn\u00fcrl\u00fckl\u00fc K\u0131rm\u0131z\u0131 Kutu, Manyetik Kap\u0131l\u0131<\/li>\n<li>7.5 m Metrelik Yang\u0131n Ka\u00e7\u0131\u015f Merdiveni<\/li>\n<li>Kurulum \u0130\u00e7in Donan\u0131m (Montaj Ankrajlar\u0131) Dahildir<\/li>\n<li>Yang\u0131n S\u00f6nd\u00fcr\u00fcc\u00fc Montaj\u0131 \u0130\u00e7in Ask\u0131 Sistemi<\/li>\n<\/ul>\n<\/div>\n<\/div>\n<\/div>\n<\/div>\n<div class=\"mt-1 flex gap-3 empty:hidden juice:-ml-3\">\n<div class=\"items-center justify-start rounded-xl p-1 flex\"><\/div>\n<\/div>\n<p><img loading=\"lazy\" decoding=\"async\" class=\"alignnone wp-image-5052\" src=\"https:\/\/isopllc.com\/usa\/wp-content\/uploads\/sites\/4\/2023\/06\/51vVQaI3XKL._AC_.jpg\" alt=\"\" width=\"374\" height=\"232\" \/><\/p>\n<h3 class=\"a-spacing-mini\">Neden bir yang\u0131n ka\u00e7\u0131\u015f merdivenini al\u00fcminyum bir kutuda sat\u0131n almam\u0131z\u0131n daha iyi oldu\u011funa inand\u0131\u011f\u0131m\u0131z\u0131 nedenleriyle a\u00e7\u0131klayabiliriz!<\/h3>\n<p>1. Kutuyu duvara (pencerenin alt\u0131na veya balkona) d\u00fcbelleyerek, acil durumda merdiveni hemen d\u00fcbel halkalar\u0131na takabilir ve kar\u0131\u015f\u0131kl\u0131k i\u00e7inde merdiveni nereye ba\u011flayaca\u011f\u0131n\u0131z\u0131 aramak i\u00e7in k\u0131ymetli saniyeleri kaybetmeden pencereden d\u0131\u015far\u0131ya merdiveni atarak hemen ini\u015fe ba\u015flayabilirsiniz.<\/p>\n<p>2. Kutuyu hem i\u00e7 hem de d\u0131\u015f mekana takabilirsiniz. D\u0131\u015far\u0131da avantaj\u0131, evde yer kaplamaz ve odan\u0131n tasar\u0131m\u0131n\u0131 bozmaz, ancak ayn\u0131 zamanda bir pencerenin yan\u0131na veya bir balkona monte edildi\u011finde olduk\u00e7a eri\u015filebilirdir.<\/p>\n<p>3. \u0130\u00e7eriden de olduk\u00e7a kullan\u0131\u015fl\u0131d\u0131r, \u00e7\u00fcnk\u00fc her zaman el alt\u0131nda ve bu \u00f6nemli hayat kurtaran ekipman g\u00f6z \u00f6n\u00fcnde olup yang\u0131n s\u0131ras\u0131nda aramak i\u00e7in zaman kaybetmezsiniz.<\/p>\n<p>4. Bizim g\u00f6r\u00fc\u015f\u00fcm\u00fcze g\u00f6re, merdivenleri kutunun i\u00e7indeki t\u0131rmanma d\u00fcbellerine ba\u011flamak \u00e7ok g\u00fcvenlidir, \u00e7\u00fcnk\u00fc bunlar evinizdeki herhangi bir \u015feyden, pencere \u00e7er\u00e7evesinden veya balkon korkuluklar\u0131ndan daha fazla 25 KN dayanabilir.<\/p>\n<h4>Neden Yang\u0131n Merdivenlerimizi Se\u00e7melisiniz<\/h4>\n<p><img loading=\"lazy\" decoding=\"async\" class=\"alignnone size-medium wp-image-4938\" src=\"https:\/\/isopllc.com\/tr\/wp-content\/uploads\/sites\/12\/2023\/10\/red-box-large-300x240.jpg\" alt=\"red box large\" width=\"300\" height=\"240\" srcset=\"https:\/\/isopllc.com\/tr\/wp-content\/uploads\/sites\/12\/2023\/10\/red-box-large-300x240.jpg 300w, https:\/\/isopllc.com\/tr\/wp-content\/uploads\/sites\/12\/2023\/10\/red-box-large-768x615.jpg 768w, https:\/\/isopllc.com\/tr\/wp-content\/uploads\/sites\/12\/2023\/10\/red-box-large-416x333.jpg 416w, https:\/\/isopllc.com\/tr\/wp-content\/uploads\/sites\/12\/2023\/10\/red-box-large.jpg 886w\" sizes=\"auto, (max-width: 300px) 100vw, 300px\" \/><\/p>\n<p>Al\u00fcminyum Universal Yang\u0131n Ka\u00e7\u0131\u015f Merdiveni Dolab\u0131, acil durumlarda ka\u00e7\u0131\u015f merdiveninizi kolayca eri\u015filebilir tutar.<\/p>\n<p>Kompakt boyutu ve dayan\u0131kl\u0131 yap\u0131s\u0131 sayesinde, bu dolap daireler, apartmanlar ve k\u00fc\u00e7\u00fck i\u015fletmeler i\u00e7in idealdir ve uzun s\u00fcreli depolama i\u00e7in g\u00fcvenli ve g\u00fcvenli bir yer sa\u011flar.<\/p>\n<p><img decoding=\"async\" class=\"a-spacing-mini\" style=\"font-weight: 600;\" src=\"https:\/\/m.media-amazon.com\/images\/S\/aplus-media-library-service-media\/94e0f1b0-d713-4663-a172-3e35c4090aaa.__CR0,0,1000,1000_PT0_SX300_V1___.jpg\" alt=\"Gentle to hands\" data-src=\"https:\/\/m.media-amazon.com\/images\/S\/aplus-media-library-service-media\/94e0f1b0-d713-4663-a172-3e35c4090aaa.__CR0,0,1000,1000_PT0_SX300_V1___.jpg\" \/><\/p>\n<div class=\"aplus-module-wrapper apm-fixed-width\">\n<div class=\"apm-spacing apm-fixed-width\">\n<div class=\"celwidget aplus-module module-9 aplus-standard\" data-csa-c-id=\"emkbnl-11vq23-1incdi-lfo9yf\" data-cel-widget=\"aplus-module-9\">\n<div class=\"aplus-module-wrapper apm-fixed-width\">\n<div class=\"apm-spacing apm-fixed-width\">\n<div id=\"aplus_feature_div\" class=\"celwidget\" data-feature-name=\"aplus\" data-csa-c-type=\"widget\" data-csa-c-content-id=\"aplus\" data-csa-c-slot-id=\"aplus_feature_div\" data-csa-c-asin=\"\" data-csa-c-is-in-initial-active-row=\"false\" data-csa-c-id=\"ebpnh7-v23cw7-lv803-rp18f9\" data-cel-widget=\"aplus_feature_div\">\n<div id=\"aplus\" class=\"a-section a-spacing-large bucket\">\n<div class=\"aplus-v2 desktop celwidget\" data-csa-c-id=\"322z1i-fsajov-ud7fia-k0knjv\" data-cel-widget=\"aplus\">\n<div class=\"celwidget aplus-module module-9 aplus-standard\" data-csa-c-id=\"e5nyxf-jpncv6-ubo24v-ozeiyw\" data-cel-widget=\"aplus-module-9\">\n<div class=\"aplus-module-wrapper apm-fixed-width\">\n<div class=\"apm-spacing apm-fixed-width\">\n<h3>Ellere zarar vermeyen<\/h3>\n<p>Bu merdivenleri olu\u015ftururken, rakiplerimizin kusurlar\u0131n\u0131 dikkate ald\u0131k. Di\u011ferlerinin merdivenlerini kullan\u0131rken al\u00fcminyum basamaklar\u0131n keskin oldu\u011fu ve kullan\u0131c\u0131lar\u0131n ellerini kesti\u011fi y\u00f6n\u00fcnde bir\u00e7ok \u015fikayet ald\u0131klar\u0131n\u0131 biliyoruz. Bu geri bildirimleri dikkate alarak, merdivenlerimizde keskin k\u00f6\u015feler bulunmuyor ve hem yeti\u015fkinler hem de \u00e7ocuklar i\u00e7in kullan\u0131m\u0131 g\u00fcvenlidir.<\/p>\n<p><img decoding=\"async\" class=\"a-spacing-mini\" style=\"font-weight: 600;\" src=\"https:\/\/m.media-amazon.com\/images\/S\/aplus-media\/sc\/27f9c708-c858-49c0-96f7-815dd0fa4f9a.__CR0,0,1000,1000_PT0_SX300_V1___.jpg\" alt=\"Wide application\" data-src=\"https:\/\/m.media-amazon.com\/images\/S\/aplus-media\/sc\/27f9c708-c858-49c0-96f7-815dd0fa4f9a.__CR0,0,1000,1000_PT0_SX300_V1___.jpg\" \/><\/p>\n<h3>B\u00fct\u00fcnle\u015fik kay\u0131\u015flar<\/h3>\n<p>Yeniden, rakiplerimize k\u0131yasla, dikkate de\u011fer bir farkl\u0131l\u0131k \u015fudur: Di\u011ferlerinin aksine, merdivenlerimiz \u00fcstten alta tek bir par\u00e7a halinde olan ve \u00f6zel bir patentli teknoloji sayesinde tam 1200 pound&#8217;a kadar dayanabilen bir kuma\u015f kay\u0131\u015ftan olu\u015fur. Rakiplerinin kuma\u015f merdivenleri par\u00e7alar halinde diki\u015flidir ki bu, g\u00fcvenilmez oldu\u011funu d\u00fc\u015f\u00fcnd\u00fc\u011f\u00fcm\u00fcz bir y\u00f6ntemdir.<\/p>\n<p><img decoding=\"async\" class=\"a-spacing-mini\" style=\"font-weight: 600;\" src=\"https:\/\/m.media-amazon.com\/images\/S\/aplus-media-library-service-media\/3e3631ef-bf95-4934-bd5d-2881c8d8d8c7.__CR0,0,300,300_PT0_SX300_V1___.jpg\" alt=\"Climbing anchor bolts set\" data-src=\"https:\/\/m.media-amazon.com\/images\/S\/aplus-media-library-service-media\/3e3631ef-bf95-4934-bd5d-2881c8d8d8c7.__CR0,0,300,300_PT0_SX300_V1___.jpg\" \/><\/p>\n<\/div>\n<div>2 adet ask\u0131 plakas\u0131 ve 2 adet geni\u015fleme c\u0131vatalar\u0131 ile birlikte bir t\u0131rmanma ankraj c\u0131vata seti gelir. C\u0131vata somunlar\u0131 ve d\u00fcz y\u0131kama\u00e7lar dahildir.<\/div>\n<div><\/div>\n<div><img decoding=\"async\" class=\"a-spacing-mini\" style=\"font-weight: 600;\" src=\"https:\/\/m.media-amazon.com\/images\/S\/aplus-media\/sc\/42cab632-a2d0-40fd-a2dd-280d531bf010.__CR282,0,1000,1000_PT0_SX300_V1___.jpg\" alt=\"For window or balcony\" data-src=\"https:\/\/m.media-amazon.com\/images\/S\/aplus-media\/sc\/42cab632-a2d0-40fd-a2dd-280d531bf010.__CR282,0,1000,1000_PT0_SX300_V1___.jpg\" \/><\/div>\n<\/div>\n<\/div>\n<div><\/div>\n<div class=\"celwidget aplus-module module-9 aplus-standard\" data-csa-c-id=\"e5nyxf-jpncv6-ubo24v-ozeiyw\" data-cel-widget=\"aplus-module-9\">\n<h3>Dengeler<\/h3>\n<p>Merdivenlerimizin basamaklar\u0131nda bulunan dengeleyiciler, merdivenlerin duvara s\u0131k\u0131ca yap\u0131\u015fmas\u0131n\u0131 \u00f6nler, ancak onu sa\u011flam bir \u015fekilde destekler ve bu nedenle ikinci veya \u00fc\u00e7\u00fcnc\u00fc kattan ini\u015fi b\u00fcy\u00fck \u00f6l\u00e7\u00fcde kolayla\u015ft\u0131r\u0131r.<\/p>\n<h4><img decoding=\"async\" class=\"a-spacing-mini\" style=\"font-weight: 600;\" src=\"https:\/\/m.media-amazon.com\/images\/S\/aplus-media\/sc\/8b1ba6ce-d84f-4314-b98a-95d063fc3e5e.__CR500,0,1000,1000_PT0_SX300_V1___.jpg\" alt=\"For window or balcony\" data-src=\"https:\/\/m.media-amazon.com\/images\/S\/aplus-media\/sc\/8b1ba6ce-d84f-4314-b98a-95d063fc3e5e.__CR500,0,1000,1000_PT0_SX300_V1___.jpg\" \/>Kaymaz basamaklar<\/h4>\n<p>Basamaklar\u0131n y\u00fczeyindeki \u00f6zel desen, daireden ini\u015fi her t\u00fcrl\u00fc hava ko\u015fulunda kaymaz hale getirir.<\/p>\n<h4>Tekrar kullan\u0131labilir<\/h4>\n<p>Merdivenlerimiz tekrar kullan\u0131labilir, dahas\u0131 kolayca tamir edilebilirler, di\u011ferlerinin aksine at\u0131lmas\u0131 gerekmez. Uygun depolama ile y\u0131llarca dayanabilirler!<\/p>\n<p><img loading=\"lazy\" decoding=\"async\" class=\"alignnone wp-image-4293\" src=\"https:\/\/isopllc.com\/usa\/wp-content\/uploads\/sites\/4\/2020\/12\/91R3KSmpDgL._AC_SL1500_.jpg\" alt=\"\" width=\"307\" height=\"230\" \/><\/p>\n<\/div>\n<h4>A\u011f\u0131r hizmet karabinalar<\/h4>\n<p>Merdivenler, k\u0131r\u0131lma dayan\u0131m\u0131 11KN olan krom kaplama karabinalar i\u00e7erir.<\/p>\n<p>&nbsp;<\/p>\n<\/div>\n<\/div>\n<div>\n<p><img decoding=\"async\" class=\"a-spacing-mini\" style=\"font-weight: 600;\" src=\"https:\/\/m.media-amazon.com\/images\/S\/aplus-media-library-service-media\/c3b3fb51-597d-4234-91a3-95fb43b58226.__CR0,0,300,300_PT0_SX300_V1___.jpg\" alt=\"ladder\" data-src=\"https:\/\/m.media-amazon.com\/images\/S\/aplus-media-library-service-media\/c3b3fb51-597d-4234-91a3-95fb43b58226.__CR0,0,300,300_PT0_SX300_V1___.jpg\" \/><\/p>\n<\/div>\n<h3>Hava ko\u015fullar\u0131na dayan\u0131kl\u0131<\/h3>\n<p>\u00d6zel toz kaplama, basamaklar\u0131 paslanmaya kar\u015f\u0131 korurken, polyester \u00f6rg\u00fcl\u00fc kuma\u015f suya veya karaya kar\u015f\u0131 olduk\u00e7a dayan\u0131kl\u0131d\u0131r, bu nedenle yang\u0131n ka\u00e7\u0131\u015f merdivenlerimiz hava ko\u015fullar\u0131na dayan\u0131kl\u0131d\u0131r.<\/p>\n<p><img decoding=\"async\" src=\"https:\/\/m.media-amazon.com\/images\/S\/aplus-media-library-service-media\/0c3c254d-684e-4313-bc9f-ae4b4b7e7ee7.__CR0,0,300,300_PT0_SX300_V1___.jpg\" alt=\"professional ladder\" \/><\/p>\n<h3>Profesyonel merdiven \u015firketi<\/h3>\n<p>Merdiven, g\u00fcvenlik \u00fcr\u00fcn\u00fc oldu\u011fu i\u00e7in, merdivenlere uzmanla\u015fm\u0131\u015f bir \u015firketten sat\u0131n alman\u0131z\u0131 \u00f6neririz.<\/p>\n<p>Ve ISOP, kendi \u00fcretim tesisinden farkl\u0131 t\u00fcrlerde geni\u015f bir merdiven se\u00e7kisi sunan az say\u0131daki \u015firketten biridir.<\/p>\n<div><img loading=\"lazy\" decoding=\"async\" class=\"alignnone size-medium wp-image-5099\" src=\"https:\/\/isopllc.com\/tr\/wp-content\/uploads\/sites\/12\/2024\/05\/8EE4ABE8-803C-4EAB-ACC3-91B7D513AFB7-300x256.jpeg\" alt=\"\" width=\"300\" height=\"256\" \/><\/div>\n<div>Merdivenlerimiz bir\u00e7ok dergi taraf\u0131ndan tavsiye edilmektedir.<\/div>\n<\/div>\n<\/div>\n<\/div>\n<\/div>\n<\/div>\n<\/div>\n","protected":false},"excerpt":{"rendered":"<p id=\"title\" class=\"a-size-large a-spacing-none\" style=\"text-align: center;\"><span id=\"productTitle\" class=\"a-size-large product-title-word-break\">Yang\u0131n Merdiveni 3 Katl\u0131 25ft (7.5 m) &#8211; K\u0131rm\u0131z\u0131 Kutuda Yang\u0131n Merdiveni i\u00e7in Halatl\u0131 Merdiven &#8211; Acil Durum \u00d6rt\u00fcs\u00fc ve Montaj \u00c7apalar\u0131 dahildir<\/span><\/p>\n<p style=\"text-align: center;\">10-14 G\u00dcN \u0130\u00c7\u0130NDE \u00dcCRETS\u0130Z TESL\u0130MAT<\/p>\n<p>&nbsp;<\/p>\n","protected":false},"featured_media":5128,"comment_status":"open","ping_status":"closed","template":"","meta":[],"product_brand":[],"product_cat":[195,193,198],"product_tag":[70,166,54],"class_list":{"0":"post-5102","1":"product","2":"type-product","3":"status-publish","4":"has-post-thumbnail","6":"product_cat-ayak-destekli-yangin-merdivenleri","7":"product_cat-duvara-monte-merdivenler","8":"product_cat-yangin-merdivenleri-3-katli","9":"product_tag-guvenlik-merdiveni","10":"product_tag-uc-katli-merdiven","11":"product_tag-yangin-merdiveni","13":"first","14":"instock","15":"shipping-taxable","16":"purchasable","17":"product-type-simple"},"_links":{"self":[{"href":"https:\/\/isopllc.com\/tr\/wp-json\/wp\/v2\/product\/5102","targetHints":{"allow":["GET"]}}],"collection":[{"href":"https:\/\/isopllc.com\/tr\/wp-json\/wp\/v2\/product"}],"about":[{"href":"https:\/\/isopllc.com\/tr\/wp-json\/wp\/v2\/types\/product"}],"replies":[{"embeddable":true,"href":"https:\/\/isopllc.com\/tr\/wp-json\/wp\/v2\/comments?post=5102"}],"wp:featuredmedia":[{"embeddable":true,"href":"https:\/\/isopllc.com\/tr\/wp-json\/wp\/v2\/media\/5128"}],"wp:attachment":[{"href":"https:\/\/isopllc.com\/tr\/wp-json\/wp\/v2\/media?parent=5102"}],"wp:term":[{"taxonomy":"product_brand","embeddable":true,"href":"https:\/\/isopllc.com\/tr\/wp-json\/wp\/v2\/product_brand?post=5102"},{"taxonomy":"product_cat","embeddable":true,"href":"https:\/\/isopllc.com\/tr\/wp-json\/wp\/v2\/product_cat?post=5102"},{"taxonomy":"product_tag","embeddable":true,"href":"https:\/\/isopllc.com\/tr\/wp-json\/wp\/v2\/product_tag?post=5102"}],"curies":[{"name":"wp","href":"https:\/\/api.w.org\/{rel}","templated":true}]}}