{"id":5135,"date":"2024-08-08T23:25:16","date_gmt":"2024-08-08T23:25:16","guid":{"rendered":"https:\/\/isopllc.com\/tr\/?post_type=product&#038;p=5135"},"modified":"2025-11-16T17:13:42","modified_gmt":"2025-11-16T17:13:42","slug":"isop-plastik-yangin-sondurucu-dolabi-buyuk-5-kg","status":"publish","type":"product","link":"https:\/\/isopllc.com\/tr\/product\/isop-plastik-yangin-sondurucu-dolabi-buyuk-5-kg\/","title":{"rendered":"ISOP Plastik Yang\u0131n S\u00f6nd\u00fcr\u00fcc\u00fc Dolab\u0131 B\u00fcy\u00fck 5 kg"},"content":{"rendered":"<h1 id=\"title\" class=\"a-size-large a-spacing-none\">ISOP Plastik Yang\u0131n S\u00f6nd\u00fcr\u00fcc\u00fc Dolab\u0131 B\u00fcy\u00fck 5 kg veya 10 lb i\u00e7in &#8211; \u0130\u00e7 \/ D\u0131\u015f Mekan Yang\u0131n S\u00f6nd\u00fcr\u00fcc\u00fc Dolab\u0131 &#8211; Duvara Monteli Yang\u0131n S\u00f6nd\u00fcr\u00fcc\u00fc Kutusu &#8211; Yang\u0131n S\u00f6nd\u00fcr\u00fcc\u00fc Montaj\u0131<\/h1>\n<div class=\"celwidget aplus-module premium-module-4-two-column-images aplus-premium\" data-csa-c-id=\"15yl7x-eio1n0-m9lh6n-socwzs\" data-cel-widget=\"aplus-premium-module-4-two-column-images\">\n<div class=\"a-section a-spacing-none premium-aplus premium-aplus-module-4 aplus-container-1\">\n<div class=\"a-section a-spacing-none premium-aplus-two-column\">\n<div class=\"a-section a-spacing-none premium-aplus-column\">\n<div class=\"a-section a-spacing-none column-description\">\n<div class=\"celwidget aplus-module module-9 aplus-standard\">\n<div class=\"aplus-module-wrapper\">\n<div class=\"\">\n<p class=\"a-text-center\"><img loading=\"lazy\" decoding=\"async\" class=\"alignnone size-full wp-image-5144\" src=\"https:\/\/isopllc.com\/tr\/wp-content\/uploads\/sites\/12\/2024\/08\/pvs-M-size-1.jpg\" alt=\"Yang\u0131n S\u00f6nd\u00fcr\u00fcc\u00fc Plastik\" width=\"300\" height=\"300\" srcset=\"https:\/\/isopllc.com\/tr\/wp-content\/uploads\/sites\/12\/2024\/08\/pvs-M-size-1.jpg 300w, https:\/\/isopllc.com\/tr\/wp-content\/uploads\/sites\/12\/2024\/08\/pvs-M-size-1-150x150.jpg 150w, https:\/\/isopllc.com\/tr\/wp-content\/uploads\/sites\/12\/2024\/08\/pvs-M-size-1-100x100.jpg 100w\" sizes=\"auto, (max-width: 300px) 100vw, 300px\" \/><\/p>\n<h4 class=\"a-spacing-mini\">Sa\u011flam Yap\u0131<\/h4>\n<p class=\"a-spacing-base\">Y\u00fcksek kaliteli, darbeye dayan\u0131kl\u0131 plastikten \u00fcretilen ISOP PVC Yang\u0131n S\u00f6nd\u00fcr\u00fcc\u00fc Kutusu, zorlu ortamlar i\u00e7in tasarlanm\u0131\u015ft\u0131r. Dayan\u0131kl\u0131 yap\u0131s\u0131, yang\u0131n s\u00f6nd\u00fcr\u00fcc\u00fcn\u00fcz\u00fc fiziksel hasar, sert hava ko\u015fullar\u0131 ve UV \u0131\u015f\u0131nlar\u0131na kar\u015f\u0131 koruyarak zamanla haz\u0131r ve g\u00fcvenilir kalmas\u0131n\u0131 sa\u011flar.<\/p>\n<p>&nbsp;<\/p>\n<p class=\"a-text-center\"><img loading=\"lazy\" decoding=\"async\" class=\"alignnone size-full wp-image-5136\" src=\"https:\/\/isopllc.com\/tr\/wp-content\/uploads\/sites\/12\/2024\/08\/pvs-L-size-2.jpg\" alt=\"Yang\u0131n S\u00f6nd\u00fcr\u00fcc\u00fc Plastik\" width=\"300\" height=\"300\" srcset=\"https:\/\/isopllc.com\/tr\/wp-content\/uploads\/sites\/12\/2024\/08\/pvs-L-size-2.jpg 300w, https:\/\/isopllc.com\/tr\/wp-content\/uploads\/sites\/12\/2024\/08\/pvs-L-size-2-150x150.jpg 150w, https:\/\/isopllc.com\/tr\/wp-content\/uploads\/sites\/12\/2024\/08\/pvs-L-size-2-100x100.jpg 100w\" sizes=\"auto, (max-width: 300px) 100vw, 300px\" \/><\/p>\n<h4 class=\"a-spacing-mini\">B\u00fcy\u00fck Kapasite<\/h4>\n<p class=\"a-spacing-base\">5 kg veya 10 lb gibi b\u00fcy\u00fck yang\u0131n s\u00f6nd\u00fcr\u00fcc\u00fcler i\u00e7in tasarlanan bu PVC yang\u0131n s\u00f6nd\u00fcr\u00fcc\u00fc dolab\u0131, \u00e7e\u015fitli s\u00f6nd\u00fcr\u00fcc\u00fc modelleri ve t\u00fcrleri i\u00e7in geni\u015f bir alan sunar. Geni\u015f kapasite, farkl\u0131 g\u00fcvenlik ihtiya\u00e7lar\u0131na uygunluk ve geni\u015f uygulama imkan\u0131 sa\u011flar.<\/p>\n<p>&nbsp;<\/p>\n<p class=\"a-text-center\"><img loading=\"lazy\" decoding=\"async\" class=\"alignnone size-full wp-image-5142\" src=\"https:\/\/isopllc.com\/tr\/wp-content\/uploads\/sites\/12\/2024\/08\/pvs-M-size-3.jpg\" alt=\"Yang\u0131n S\u00f6nd\u00fcr\u00fcc\u00fc Plastik\" width=\"300\" height=\"300\" srcset=\"https:\/\/isopllc.com\/tr\/wp-content\/uploads\/sites\/12\/2024\/08\/pvs-M-size-3.jpg 300w, https:\/\/isopllc.com\/tr\/wp-content\/uploads\/sites\/12\/2024\/08\/pvs-M-size-3-150x150.jpg 150w, https:\/\/isopllc.com\/tr\/wp-content\/uploads\/sites\/12\/2024\/08\/pvs-M-size-3-100x100.jpg 100w\" sizes=\"auto, (max-width: 300px) 100vw, 300px\" \/><\/p>\n<h4 class=\"a-spacing-mini\">Kolay Kurulum<\/h4>\n<p class=\"a-spacing-base\">PVC yang\u0131n s\u00f6nd\u00fcr\u00fcc\u00fc dolab\u0131, kolay ve g\u00fcvenli duvar montaj\u0131 i\u00e7in \u00f6nceden delinmi\u015f montaj delikleri ile donat\u0131lm\u0131\u015ft\u0131r. Basit kurulum s\u00fcreci, yang\u0131n s\u00f6nd\u00fcr\u00fcc\u00fcn\u00fcz\u00fcn her zaman optimal bir konumda olmas\u0131n\u0131 ve acil durumlarda h\u0131zl\u0131 eri\u015fimini garanti eder.<\/p>\n<p>&nbsp;<\/p>\n<\/div>\n<\/div>\n<\/div>\n<div class=\"celwidget aplus-module module-9 aplus-standard\">\n<div class=\"aplus-module-wrapper\">\n<div class=\"\">\n<p class=\"a-text-center\"><img loading=\"lazy\" decoding=\"async\" class=\"alignnone size-full wp-image-5141\" src=\"https:\/\/isopllc.com\/tr\/wp-content\/uploads\/sites\/12\/2024\/08\/pvs-M-size-4.jpg\" alt=\"Yang\u0131n S\u00f6nd\u00fcr\u00fcc\u00fc Plastik\" width=\"300\" height=\"300\" srcset=\"https:\/\/isopllc.com\/tr\/wp-content\/uploads\/sites\/12\/2024\/08\/pvs-M-size-4.jpg 300w, https:\/\/isopllc.com\/tr\/wp-content\/uploads\/sites\/12\/2024\/08\/pvs-M-size-4-150x150.jpg 150w, https:\/\/isopllc.com\/tr\/wp-content\/uploads\/sites\/12\/2024\/08\/pvs-M-size-4-100x100.jpg 100w\" sizes=\"auto, (max-width: 300px) 100vw, 300px\" \/><\/p>\n<h4 class=\"a-spacing-mini\">G\u00fcvenli ve Eri\u015filebilir<\/h4>\n<p class=\"a-spacing-base\">ISOP PVC yang\u0131n s\u00f6nd\u00fcr\u00fcc\u00fc dolab\u0131, yang\u0131n s\u00f6nd\u00fcr\u00fcc\u00fcy\u00fc s\u0131k\u0131ca yerinde tutan sa\u011flam bir kilit mekanizmas\u0131 ile donat\u0131lm\u0131\u015ft\u0131r, bu da kazara yerinden \u00e7\u0131kmay\u0131 \u00f6nlerken gerekti\u011finde h\u0131zl\u0131 ve kolay eri\u015fim sa\u011flar. Bu \u00f6zellik, s\u00f6nd\u00fcr\u00fcc\u00fcn\u00fcn hem g\u00fcvenli hem de eri\u015filebilir olmas\u0131n\u0131 sa\u011flayarak genel g\u00fcvenli\u011fi art\u0131r\u0131r.<\/p>\n<p>&nbsp;<\/p>\n<p class=\"a-text-center\"><img loading=\"lazy\" decoding=\"async\" class=\"alignnone size-full wp-image-5140\" src=\"https:\/\/isopllc.com\/tr\/wp-content\/uploads\/sites\/12\/2024\/08\/pvs-M-size-5.jpg\" alt=\"Yang\u0131n S\u00f6nd\u00fcr\u00fcc\u00fc Plastik\" width=\"300\" height=\"300\" srcset=\"https:\/\/isopllc.com\/tr\/wp-content\/uploads\/sites\/12\/2024\/08\/pvs-M-size-5.jpg 300w, https:\/\/isopllc.com\/tr\/wp-content\/uploads\/sites\/12\/2024\/08\/pvs-M-size-5-150x150.jpg 150w, https:\/\/isopllc.com\/tr\/wp-content\/uploads\/sites\/12\/2024\/08\/pvs-M-size-5-100x100.jpg 100w\" sizes=\"auto, (max-width: 300px) 100vw, 300px\" \/><\/p>\n<h4 class=\"a-spacing-mini\">\u015eeffaf G\u00f6r\u00fc\u015f Penceresi<\/h4>\n<p class=\"a-spacing-base\">\u015eeffaf, k\u0131r\u0131lmaz g\u00f6r\u00fc\u015f penceresi, PVC yang\u0131n s\u00f6nd\u00fcr\u00fcc\u00fc dolab\u0131n\u0131 a\u00e7madan yang\u0131n s\u00f6nd\u00fcr\u00fcc\u00fcn\u00fcn durumunu h\u0131zl\u0131ca g\u00f6rsel olarak kontrol etmeyi sa\u011flar. Bu kullan\u0131\u015fl\u0131 \u00f6zellik, rutin kontrolleri kolayla\u015ft\u0131r\u0131r ve s\u00f6nd\u00fcr\u00fcc\u00fcn\u00fcn her zaman kullan\u0131ma haz\u0131r olmas\u0131n\u0131 garanti eder.<\/p>\n<p>&nbsp;<\/p>\n<p class=\"a-text-center\"><img loading=\"lazy\" decoding=\"async\" class=\"alignnone size-full wp-image-5139\" src=\"https:\/\/isopllc.com\/tr\/wp-content\/uploads\/sites\/12\/2024\/08\/pvs-M-size-6.jpg\" alt=\"Yang\u0131n S\u00f6nd\u00fcr\u00fcc\u00fc Plastik\" width=\"300\" height=\"300\" srcset=\"https:\/\/isopllc.com\/tr\/wp-content\/uploads\/sites\/12\/2024\/08\/pvs-M-size-6.jpg 300w, https:\/\/isopllc.com\/tr\/wp-content\/uploads\/sites\/12\/2024\/08\/pvs-M-size-6-150x150.jpg 150w, https:\/\/isopllc.com\/tr\/wp-content\/uploads\/sites\/12\/2024\/08\/pvs-M-size-6-100x100.jpg 100w\" sizes=\"auto, (max-width: 300px) 100vw, 300px\" \/><\/p>\n<h4 class=\"a-spacing-mini\">Hava \u015eartlar\u0131na Dayan\u0131kl\u0131<\/h4>\n<p class=\"a-spacing-base\">D\u0131\u015f mekanlar i\u00e7in ideal olan PVC yang\u0131n s\u00f6nd\u00fcr\u00fcc\u00fc dolab\u0131, yang\u0131n s\u00f6nd\u00fcr\u00fcc\u00fcn\u00fcz\u00fc ya\u011fmur, toz ve UV \u0131\u015f\u0131nlar\u0131ndan korumak i\u00e7in tasarlanm\u0131\u015ft\u0131r. Hava \u015fartlar\u0131na dayan\u0131kl\u0131 \u00f6zellikleri, d\u0131\u015f etkenlerden ba\u011f\u0131ms\u0131z olarak s\u00f6nd\u00fcr\u00fcc\u00fcn\u00fcn optimal durumda kalmas\u0131n\u0131 sa\u011flar.<\/p>\n<\/div>\n<\/div>\n<\/div>\n<\/div>\n<\/div>\n<\/div>\n<\/div>\n<\/div>\n","protected":false},"excerpt":{"rendered":"[embed]https:\/\/www.youtube.com\/shorts\/_Zq_WWXati8[\/embed]\n<p id=\"title\" class=\"a-size-large a-spacing-none\" style=\"text-align: center\">ISOP Plastik Yang\u0131n S\u00f6nd\u00fcr\u00fcc\u00fc Dolab\u0131 B\u00fcy\u00fck 5 kg veya 10 lb i\u00e7in &#8211; \u0130\u00e7 \/ D\u0131\u015f Mekan Yang\u0131n S\u00f6nd\u00fcr\u00fcc\u00fc Dolab\u0131 &#8211; Duvara Monteli Yang\u0131n S\u00f6nd\u00fcr\u00fcc\u00fc Kutusu &#8211; Yang\u0131n S\u00f6nd\u00fcr\u00fcc\u00fc Montaj\u0131<\/p>\n<p style=\"text-align: center\">10-14 G\u00dcN \u0130\u00c7\u0130NDE \u00dcCRETS\u0130Z TESL\u0130MAT<\/p>\n<p>&nbsp;<\/p>\n","protected":false},"featured_media":5137,"comment_status":"open","ping_status":"closed","template":"","meta":[],"product_brand":[],"product_cat":[190,185],"product_tag":[121,106,120],"class_list":{"0":"post-5135","1":"product","2":"type-product","3":"status-publish","4":"has-post-thumbnail","6":"product_cat-yangin-merdivenleri-icin-aksesuarlar","7":"product_cat-yangin-sondurme-cihazi-tutuculari","8":"product_tag-buyuk-boy-dolap","9":"product_tag-isop-urunleri","10":"product_tag-plastik-yangin-sondurucu-dolabi","12":"first","13":"instock","14":"shipping-taxable","15":"purchasable","16":"product-type-simple"},"_links":{"self":[{"href":"https:\/\/isopllc.com\/tr\/wp-json\/wp\/v2\/product\/5135","targetHints":{"allow":["GET"]}}],"collection":[{"href":"https:\/\/isopllc.com\/tr\/wp-json\/wp\/v2\/product"}],"about":[{"href":"https:\/\/isopllc.com\/tr\/wp-json\/wp\/v2\/types\/product"}],"replies":[{"embeddable":true,"href":"https:\/\/isopllc.com\/tr\/wp-json\/wp\/v2\/comments?post=5135"}],"wp:featuredmedia":[{"embeddable":true,"href":"https:\/\/isopllc.com\/tr\/wp-json\/wp\/v2\/media\/5137"}],"wp:attachment":[{"href":"https:\/\/isopllc.com\/tr\/wp-json\/wp\/v2\/media?parent=5135"}],"wp:term":[{"taxonomy":"product_brand","embeddable":true,"href":"https:\/\/isopllc.com\/tr\/wp-json\/wp\/v2\/product_brand?post=5135"},{"taxonomy":"product_cat","embeddable":true,"href":"https:\/\/isopllc.com\/tr\/wp-json\/wp\/v2\/product_cat?post=5135"},{"taxonomy":"product_tag","embeddable":true,"href":"https:\/\/isopllc.com\/tr\/wp-json\/wp\/v2\/product_tag?post=5135"}],"curies":[{"name":"wp","href":"https:\/\/api.w.org\/{rel}","templated":true}]}}