{"id":5145,"date":"2024-08-08T23:32:59","date_gmt":"2024-08-08T23:32:59","guid":{"rendered":"https:\/\/isopllc.com\/tr\/?post_type=product&#038;p=5145"},"modified":"2025-11-16T17:12:55","modified_gmt":"2025-11-16T17:12:55","slug":"isop-plastik-yangin-sondurucu-dolabi-kucuk-2-5-kg","status":"publish","type":"product","link":"https:\/\/isopllc.com\/tr\/product\/isop-plastik-yangin-sondurucu-dolabi-kucuk-2-5-kg\/","title":{"rendered":"ISOP Plastik Yang\u0131n S\u00f6nd\u00fcr\u00fcc\u00fc Dolab\u0131 K\u00fc\u00e7\u00fck 2.5 kg"},"content":{"rendered":"<h1 id=\"title\" class=\"a-size-large a-spacing-none\">ISOP Plastik Yang\u0131n S\u00f6nd\u00fcr\u00fcc\u00fc Dolab\u0131 K\u00fc\u00e7\u00fck 2.5 kg veya 5 lb i\u00e7in &#8211; Yang\u0131n S\u00f6nd\u00fcr\u00fcc\u00fc Kutusu &#8211; D\u0131\u015f Mekan Monteli Yang\u0131n S\u00f6nd\u00fcr\u00fcc\u00fc Dolab\u0131 &#8211; Yang\u0131n S\u00f6nd\u00fcr\u00fcc\u00fc Montaj\u0131<\/h1>\n<div class=\"celwidget aplus-module premium-module-4-two-column-images aplus-premium\" data-csa-c-id=\"15yl7x-eio1n0-m9lh6n-socwzs\" data-cel-widget=\"aplus-premium-module-4-two-column-images\">\n<div class=\"a-section a-spacing-none premium-aplus premium-aplus-module-4 aplus-container-1\">\n<div class=\"a-section a-spacing-none premium-aplus-two-column\">\n<div class=\"a-section a-spacing-none premium-aplus-column\">\n<div class=\"a-section a-spacing-none column-description\">\n<div class=\"celwidget aplus-module module-9 aplus-standard\">\n<div class=\"aplus-module-wrapper\">\n<div class=\"\">\n<p class=\"a-text-center\"><img loading=\"lazy\" decoding=\"async\" class=\"alignnone size-full wp-image-5144\" src=\"https:\/\/isopllc.com\/tr\/wp-content\/uploads\/sites\/12\/2024\/08\/pvs-M-size-1.jpg\" alt=\"Yang\u0131n S\u00f6nd\u00fcr\u00fcc\u00fc Plastik\" width=\"300\" height=\"300\" srcset=\"https:\/\/isopllc.com\/tr\/wp-content\/uploads\/sites\/12\/2024\/08\/pvs-M-size-1.jpg 300w, https:\/\/isopllc.com\/tr\/wp-content\/uploads\/sites\/12\/2024\/08\/pvs-M-size-1-150x150.jpg 150w, https:\/\/isopllc.com\/tr\/wp-content\/uploads\/sites\/12\/2024\/08\/pvs-M-size-1-100x100.jpg 100w\" sizes=\"auto, (max-width: 300px) 100vw, 300px\" \/><\/p>\n<h4 class=\"a-spacing-mini\">Dayan\u0131kl\u0131 Yap\u0131<\/h4>\n<p class=\"a-spacing-base\">Premium, darbeye dayan\u0131kl\u0131 plastikten \u00fcretilen bu PVC yang\u0131n s\u00f6nd\u00fcr\u00fcc\u00fc dolab\u0131, a\u015f\u0131r\u0131 s\u0131cakl\u0131klar, ya\u011fmur ve UV maruziyeti gibi zorlu hava ko\u015fullar\u0131na dayanacak \u015fekilde tasarlanm\u0131\u015ft\u0131r. Sa\u011flam yap\u0131s\u0131, yang\u0131n s\u00f6nd\u00fcr\u00fcc\u00fcn\u00fcz i\u00e7in uzun s\u00fcreli koruma sa\u011flayarak zamanla b\u00fct\u00fcnl\u00fc\u011f\u00fcn\u00fc korur.<\/p>\n<p class=\"a-text-center\"><img loading=\"lazy\" decoding=\"async\" class=\"alignnone size-full wp-image-5143\" src=\"https:\/\/isopllc.com\/tr\/wp-content\/uploads\/sites\/12\/2024\/08\/pvs-M-size-2.jpg\" alt=\"Yang\u0131n S\u00f6nd\u00fcr\u00fcc\u00fc Plastik\" width=\"300\" height=\"300\" srcset=\"https:\/\/isopllc.com\/tr\/wp-content\/uploads\/sites\/12\/2024\/08\/pvs-M-size-2.jpg 300w, https:\/\/isopllc.com\/tr\/wp-content\/uploads\/sites\/12\/2024\/08\/pvs-M-size-2-150x150.jpg 150w, https:\/\/isopllc.com\/tr\/wp-content\/uploads\/sites\/12\/2024\/08\/pvs-M-size-2-100x100.jpg 100w\" sizes=\"auto, (max-width: 300px) 100vw, 300px\" \/><\/p>\n<h4 class=\"a-spacing-mini\">Evrensel Uyum<\/h4>\n<p class=\"a-spacing-base\">PVC yang\u0131n s\u00f6nd\u00fcr\u00fcc\u00fc dolab\u0131, 2.5 kg veya 5 lb yang\u0131n s\u00f6nd\u00fcr\u00fcc\u00fclere uyacak \u015fekilde tasarlanm\u0131\u015ft\u0131r ve bu da onu \u00e7e\u015fitli s\u00f6nd\u00fcr\u00fcc\u00fc modelleri ve t\u00fcrleri i\u00e7in uygun hale getirir. Bu uyumluluk, farkl\u0131 ortamlar ve ko\u015fullar i\u00e7in geni\u015f uygulama imkan\u0131 sunar.<\/p>\n<p>&nbsp;<\/p>\n<p class=\"a-text-center\"><img loading=\"lazy\" decoding=\"async\" class=\"alignnone size-full wp-image-5142\" src=\"https:\/\/isopllc.com\/tr\/wp-content\/uploads\/sites\/12\/2024\/08\/pvs-M-size-3.jpg\" alt=\"Yang\u0131n S\u00f6nd\u00fcr\u00fcc\u00fc Plastik\" width=\"300\" height=\"300\" srcset=\"https:\/\/isopllc.com\/tr\/wp-content\/uploads\/sites\/12\/2024\/08\/pvs-M-size-3.jpg 300w, https:\/\/isopllc.com\/tr\/wp-content\/uploads\/sites\/12\/2024\/08\/pvs-M-size-3-150x150.jpg 150w, https:\/\/isopllc.com\/tr\/wp-content\/uploads\/sites\/12\/2024\/08\/pvs-M-size-3-100x100.jpg 100w\" sizes=\"auto, (max-width: 300px) 100vw, 300px\" \/><\/p>\n<h4 class=\"a-spacing-mini\">Kolay Kurulum<\/h4>\n<p class=\"a-spacing-base\">\u00d6nceden delinmi\u015f montaj delikleri sayesinde ISOP PVC yang\u0131n s\u00f6nd\u00fcr\u00fcc\u00fc dolab\u0131 herhangi bir duvar y\u00fczeyine kolayca monte edilebilir. Basit kurulum s\u00fcreci, yang\u0131n s\u00f6nd\u00fcr\u00fcc\u00fcn\u00fcz\u00fcn g\u00fcvenli bir \u015fekilde konumland\u0131r\u0131lmas\u0131n\u0131 ve kolayca eri\u015filebilir olmas\u0131n\u0131 sa\u011flar, acil durum haz\u0131rl\u0131\u011f\u0131n\u0131 \u00f6nemli \u00f6l\u00e7\u00fcde art\u0131r\u0131r.<\/p>\n<p>&nbsp;<\/p>\n<\/div>\n<\/div>\n<\/div>\n<div class=\"celwidget aplus-module module-9 aplus-standard\">\n<div class=\"aplus-module-wrapper\">\n<div class=\"\">\n<p class=\"a-text-center\"><img loading=\"lazy\" decoding=\"async\" class=\"alignnone size-full wp-image-5141\" src=\"https:\/\/isopllc.com\/tr\/wp-content\/uploads\/sites\/12\/2024\/08\/pvs-M-size-4.jpg\" alt=\"Yang\u0131n S\u00f6nd\u00fcr\u00fcc\u00fc Plastik\" width=\"300\" height=\"300\" srcset=\"https:\/\/isopllc.com\/tr\/wp-content\/uploads\/sites\/12\/2024\/08\/pvs-M-size-4.jpg 300w, https:\/\/isopllc.com\/tr\/wp-content\/uploads\/sites\/12\/2024\/08\/pvs-M-size-4-150x150.jpg 150w, https:\/\/isopllc.com\/tr\/wp-content\/uploads\/sites\/12\/2024\/08\/pvs-M-size-4-100x100.jpg 100w\" sizes=\"auto, (max-width: 300px) 100vw, 300px\" \/><\/p>\n<h4 class=\"a-spacing-mini\">G\u00fcvenli ve Eri\u015filebilir<\/h4>\n<p class=\"a-spacing-base\">PVC yang\u0131n s\u00f6nd\u00fcr\u00fcc\u00fc dolab\u0131, yang\u0131n s\u00f6nd\u00fcr\u00fcc\u00fcy\u00fc s\u0131k\u0131ca yerinde tutan g\u00fcvenli bir kilit sistemi ile donat\u0131lm\u0131\u015ft\u0131r, bu da kazara yerinden \u00e7\u0131kmay\u0131 \u00f6nlerken gerekti\u011finde h\u0131zl\u0131 ve kolay eri\u015fim sa\u011flar. Acil durumlarda her saniye \u00f6nemlidir ve bu tasar\u0131m, h\u0131zl\u0131 hareket etmenizi garanti eder.<\/p>\n<p>&nbsp;<\/p>\n<p class=\"a-text-center\"><img loading=\"lazy\" decoding=\"async\" class=\"alignnone size-full wp-image-5140\" src=\"https:\/\/isopllc.com\/tr\/wp-content\/uploads\/sites\/12\/2024\/08\/pvs-M-size-5.jpg\" alt=\"Yang\u0131n S\u00f6nd\u00fcr\u00fcc\u00fc Plastik\" width=\"300\" height=\"300\" srcset=\"https:\/\/isopllc.com\/tr\/wp-content\/uploads\/sites\/12\/2024\/08\/pvs-M-size-5.jpg 300w, https:\/\/isopllc.com\/tr\/wp-content\/uploads\/sites\/12\/2024\/08\/pvs-M-size-5-150x150.jpg 150w, https:\/\/isopllc.com\/tr\/wp-content\/uploads\/sites\/12\/2024\/08\/pvs-M-size-5-100x100.jpg 100w\" sizes=\"auto, (max-width: 300px) 100vw, 300px\" \/><\/p>\n<h4 class=\"a-spacing-mini\">G\u00f6r\u00fcn\u00fcrl\u00fck<\/h4>\n<p class=\"a-spacing-base\">K\u0131r\u0131lmaz, \u015feffaf bir izleme penceresi, yang\u0131n s\u00f6nd\u00fcr\u00fcc\u00fcn\u00fcn durumunun h\u0131zl\u0131 bir \u015fekilde g\u00f6rsel olarak kontrol edilmesini sa\u011flar, dolab\u0131 a\u00e7madan yang\u0131n s\u00f6nd\u00fcr\u00fcc\u00fcn\u00fcn her zaman kullan\u0131ma haz\u0131r oldu\u011funu g\u00f6sterir ve rutin bak\u0131m kontrollerini basitle\u015ftirir.<\/p>\n<p>&nbsp;<\/p>\n<p class=\"a-text-center\"><img loading=\"lazy\" decoding=\"async\" class=\"alignnone size-full wp-image-5139\" src=\"https:\/\/isopllc.com\/tr\/wp-content\/uploads\/sites\/12\/2024\/08\/pvs-M-size-6.jpg\" alt=\"Yang\u0131n S\u00f6nd\u00fcr\u00fcc\u00fc Plastik\" width=\"300\" height=\"300\" srcset=\"https:\/\/isopllc.com\/tr\/wp-content\/uploads\/sites\/12\/2024\/08\/pvs-M-size-6.jpg 300w, https:\/\/isopllc.com\/tr\/wp-content\/uploads\/sites\/12\/2024\/08\/pvs-M-size-6-150x150.jpg 150w, https:\/\/isopllc.com\/tr\/wp-content\/uploads\/sites\/12\/2024\/08\/pvs-M-size-6-100x100.jpg 100w\" sizes=\"auto, (max-width: 300px) 100vw, 300px\" \/><\/p>\n<h4 class=\"a-spacing-mini\">Hava \u015eartlar\u0131na Dayan\u0131kl\u0131<\/h4>\n<p class=\"a-spacing-base\">\u00d6zellikle d\u0131\u015f mekanlar i\u00e7in tasarlanan bu PVC yang\u0131n s\u00f6nd\u00fcr\u00fcc\u00fc dolab\u0131, ya\u011fmur, toz ve UV \u0131\u015f\u0131nlar\u0131na kar\u015f\u0131 m\u00fckemmel koruma sa\u011flar. Hava \u015fartlar\u0131na dayan\u0131kl\u0131 \u00f6zellikleri, yang\u0131n s\u00f6nd\u00fcr\u00fcc\u00fcn\u00fcz\u00fcn d\u0131\u015f etkenlere ra\u011fmen en iyi durumda kalmas\u0131n\u0131 sa\u011flar.<\/p>\n<\/div>\n<\/div>\n<\/div>\n<\/div>\n<\/div>\n<\/div>\n<\/div>\n<\/div>\n","protected":false},"excerpt":{"rendered":"[embed]https:\/\/www.youtube.com\/shorts\/_Zq_WWXati8[\/embed]\n<p id=\"title\" class=\"a-size-large a-spacing-none\" style=\"text-align: center\">ISOP Plastik Yang\u0131n S\u00f6nd\u00fcr\u00fcc\u00fc Dolab\u0131 K\u00fc\u00e7\u00fck 2.5 kg veya 5 lb i\u00e7in &#8211; Yang\u0131n S\u00f6nd\u00fcr\u00fcc\u00fc Kutusu &#8211; D\u0131\u015f Mekan Monteli Yang\u0131n S\u00f6nd\u00fcr\u00fcc\u00fc Dolab\u0131 &#8211; Yang\u0131n S\u00f6nd\u00fcr\u00fcc\u00fc Montaj\u0131<\/p>\n<p style=\"text-align: center\">10-14 G\u00dcN \u0130\u00c7\u0130NDE \u00dcCRETS\u0130Z TESL\u0130MAT<\/p>\n<p>&nbsp;<\/p>\n","protected":false},"featured_media":5138,"comment_status":"open","ping_status":"closed","template":"","meta":[],"product_brand":[],"product_cat":[190,185],"product_tag":[109,106,122],"class_list":{"0":"post-5145","1":"product","2":"type-product","3":"status-publish","4":"has-post-thumbnail","6":"product_cat-yangin-merdivenleri-icin-aksesuarlar","7":"product_cat-yangin-sondurme-cihazi-tutuculari","8":"product_tag-guvenlik-dolabi","9":"product_tag-isop-urunleri","10":"product_tag-plastik-yangin-sondurucu-dolabi-kucuk","12":"first","13":"instock","14":"shipping-taxable","15":"purchasable","16":"product-type-simple"},"_links":{"self":[{"href":"https:\/\/isopllc.com\/tr\/wp-json\/wp\/v2\/product\/5145","targetHints":{"allow":["GET"]}}],"collection":[{"href":"https:\/\/isopllc.com\/tr\/wp-json\/wp\/v2\/product"}],"about":[{"href":"https:\/\/isopllc.com\/tr\/wp-json\/wp\/v2\/types\/product"}],"replies":[{"embeddable":true,"href":"https:\/\/isopllc.com\/tr\/wp-json\/wp\/v2\/comments?post=5145"}],"wp:featuredmedia":[{"embeddable":true,"href":"https:\/\/isopllc.com\/tr\/wp-json\/wp\/v2\/media\/5138"}],"wp:attachment":[{"href":"https:\/\/isopllc.com\/tr\/wp-json\/wp\/v2\/media?parent=5145"}],"wp:term":[{"taxonomy":"product_brand","embeddable":true,"href":"https:\/\/isopllc.com\/tr\/wp-json\/wp\/v2\/product_brand?post=5145"},{"taxonomy":"product_cat","embeddable":true,"href":"https:\/\/isopllc.com\/tr\/wp-json\/wp\/v2\/product_cat?post=5145"},{"taxonomy":"product_tag","embeddable":true,"href":"https:\/\/isopllc.com\/tr\/wp-json\/wp\/v2\/product_tag?post=5145"}],"curies":[{"name":"wp","href":"https:\/\/api.w.org\/{rel}","templated":true}]}}