{"id":5146,"date":"2024-08-09T01:24:43","date_gmt":"2024-08-09T01:24:43","guid":{"rendered":"https:\/\/isopllc.com\/tr\/?post_type=product&#038;p=5146"},"modified":"2025-07-01T06:27:30","modified_gmt":"2025-07-01T06:27:30","slug":"isop-2-kademeli-katlanir-aluminyum-merdiven","status":"publish","type":"product","link":"https:\/\/isopllc.com\/tr\/product\/isop-2-kademeli-katlanir-aluminyum-merdiven\/","title":{"rendered":"ISOP 2 Kademeli Katlan\u0131r Al\u00fcminyum Merdiven"},"content":{"rendered":"<h1 id=\"title\" class=\"a-size-large a-spacing-none\">ISOP 2 Kademeli Katlan\u0131r Al\u00fcminyum Merdiven| Beyaz| Katlanabilir ayakl\u0131 merdiven| Iki Basamakl\u0131| Kaymaz basamaklar| Sa\u011flam| Hafif ve kompakt| Ev garaj veya ofis i\u00e7in merdiven<\/h1>\n<div class=\"celwidget aplus-module premium-module-4-two-column-images aplus-premium\" data-csa-c-id=\"15yl7x-eio1n0-m9lh6n-socwzs\" data-cel-widget=\"aplus-premium-module-4-two-column-images\">\n<div class=\"a-section a-spacing-none premium-aplus premium-aplus-module-4 aplus-container-1\">\n<div class=\"a-section a-spacing-none premium-aplus-two-column\">\n<div class=\"a-section a-spacing-none premium-aplus-column\">\n<div class=\"a-section a-spacing-none column-description\">\n<div class=\"celwidget aplus-module module-9 aplus-standard\">\n<div class=\"aplus-module-wrapper\">\n<div class=\"\"><\/div>\n<\/div>\n<\/div>\n<div class=\"celwidget aplus-module module-9 aplus-standard\">\n<div class=\"aplus-module-wrapper\">\n<div class=\"\">\n<p class=\"a-text-center\"><img loading=\"lazy\" decoding=\"async\" class=\"alignnone size-full wp-image-5158\" src=\"https:\/\/isopllc.com\/tr\/wp-content\/uploads\/sites\/12\/2024\/08\/stepp-ladder-2-steps-1.jpg\" alt=\"Katlan\u0131r Al\u00fcminyum Merdiven\" width=\"300\" height=\"300\" srcset=\"https:\/\/isopllc.com\/tr\/wp-content\/uploads\/sites\/12\/2024\/08\/stepp-ladder-2-steps-1.jpg 300w, https:\/\/isopllc.com\/tr\/wp-content\/uploads\/sites\/12\/2024\/08\/stepp-ladder-2-steps-1-150x150.jpg 150w, https:\/\/isopllc.com\/tr\/wp-content\/uploads\/sites\/12\/2024\/08\/stepp-ladder-2-steps-1-100x100.jpg 100w\" sizes=\"auto, (max-width: 300px) 100vw, 300px\" \/><\/p>\n<p class=\"a-spacing-base\">ISOP 2 Basamakl\u0131 Katlan\u0131r Merdiven, her ev, garaj veya ofis alan\u0131 i\u00e7in m\u00fckemmel bir eklentidir. Bu beyaz katlanabilir merdiven, y\u00fcksek kaliteli al\u00fcminyumdan yap\u0131lm\u0131\u015ft\u0131r ve dayan\u0131kl\u0131, hafif ve kolay saklama ve ta\u015f\u0131ma i\u00e7in kompakt bir yap\u0131ya sahiptir. Kaymaz basamaklar\u0131 sayesinde, bu iki basamakl\u0131 merdiveni kullan\u0131rken kendinizi g\u00fcvenli ve emniyetli hissedebilirsiniz.<\/p>\n<p>&nbsp;<\/p>\n<p class=\"a-text-center\"><img loading=\"lazy\" decoding=\"async\" class=\"alignnone size-full wp-image-5157\" src=\"https:\/\/isopllc.com\/tr\/wp-content\/uploads\/sites\/12\/2024\/08\/stepp-ladder-2-steps-2.jpg\" alt=\"Katlan\u0131r Al\u00fcminyum Merdiven\" width=\"300\" height=\"300\" srcset=\"https:\/\/isopllc.com\/tr\/wp-content\/uploads\/sites\/12\/2024\/08\/stepp-ladder-2-steps-2.jpg 300w, https:\/\/isopllc.com\/tr\/wp-content\/uploads\/sites\/12\/2024\/08\/stepp-ladder-2-steps-2-150x150.jpg 150w, https:\/\/isopllc.com\/tr\/wp-content\/uploads\/sites\/12\/2024\/08\/stepp-ladder-2-steps-2-100x100.jpg 100w\" sizes=\"auto, (max-width: 300px) 100vw, 300px\" \/><\/p>\n<p class=\"a-spacing-base\">Sa\u011flam yap\u0131s\u0131, y\u00fcksek raflardaki e\u015fyalara ula\u015f\u0131rken, ampul de\u011fi\u015ftirirken veya ev i\u015flerini tamamlarken stabilite ve g\u00fcvenlik sa\u011flar. Bu basamakl\u0131 merdiven, kolayl\u0131k ve kullan\u0131m rahatl\u0131\u011f\u0131 i\u00e7in tasarlanm\u0131\u015ft\u0131r ve basit bir katlanma mekanizmas\u0131 ile h\u0131zl\u0131 ve kolay kurulum ve s\u00f6kme imkan\u0131 sunar. Kompakt boyutu, kullan\u0131lmad\u0131\u011f\u0131nda k\u00fc\u00e7\u00fck alanlar i\u00e7in ideal ve kolay saklama sa\u011flar.<\/p>\n<p>&nbsp;<\/p>\n<p class=\"a-text-center\"><img loading=\"lazy\" decoding=\"async\" class=\"alignnone size-full wp-image-5156\" src=\"https:\/\/isopllc.com\/tr\/wp-content\/uploads\/sites\/12\/2024\/08\/stepp-ladder-2-steps-3.jpeg\" alt=\"Katlan\u0131r Al\u00fcminyum Merdiven\" width=\"300\" height=\"300\" srcset=\"https:\/\/isopllc.com\/tr\/wp-content\/uploads\/sites\/12\/2024\/08\/stepp-ladder-2-steps-3.jpeg 300w, https:\/\/isopllc.com\/tr\/wp-content\/uploads\/sites\/12\/2024\/08\/stepp-ladder-2-steps-3-150x150.jpeg 150w, https:\/\/isopllc.com\/tr\/wp-content\/uploads\/sites\/12\/2024\/08\/stepp-ladder-2-steps-3-100x100.jpeg 100w\" sizes=\"auto, (max-width: 300px) 100vw, 300px\" \/><\/p>\n<p class=\"a-spacing-base\">Evinizdeki g\u00fcnl\u00fck i\u015fler i\u00e7in g\u00fcvenilir bir merdivene veya seyahat halindeyken projeler i\u00e7in ta\u015f\u0131nabilir bir se\u00e7ene\u011fe ihtiyac\u0131n\u0131z varsa, ISOP 2 Basamakl\u0131 Katlan\u0131r Merdiven \u00e7ok y\u00f6nl\u00fc ve pratik bir \u00e7\u00f6z\u00fcmd\u00fcr. Bu i\u015flevsel ve \u015f\u0131k merdivenle evinizi veya \u00e7al\u0131\u015fma alan\u0131n\u0131z\u0131 bug\u00fcn y\u00fckseltin.<\/p>\n<\/div>\n<\/div>\n<\/div>\n<\/div>\n<\/div>\n<\/div>\n<\/div>\n<\/div>\n","protected":false},"excerpt":{"rendered":"<p id=\"title\" class=\"a-size-large a-spacing-none\" style=\"text-align: center;\">ISOP 2 Kademeli Katlan\u0131r Al\u00fcminyum Merdiven| Beyaz| Katlanabilir ayakl\u0131 merdiven| Iki Basamakl\u0131| Kaymaz basamaklar| Sa\u011flam| Hafif ve kompakt| Ev garaj veya ofis i\u00e7in merdiven<\/p>\n<p style=\"text-align: center;\">10-14 G\u00dcN \u0130\u00c7\u0130NDE \u00dcCRETS\u0130Z TESL\u0130MAT<\/p>\n<p>&nbsp;<\/p>\n","protected":false},"featured_media":5165,"comment_status":"open","ping_status":"closed","template":"","meta":[],"product_brand":[],"product_cat":[187],"product_tag":[70,101,103,102],"class_list":{"0":"post-5146","1":"product","2":"type-product","3":"status-publish","4":"has-post-thumbnail","6":"product_cat-adim-merdivenler","7":"product_tag-guvenlik-merdiveni","8":"product_tag-isop","9":"product_tag-katlanir-aluminyum-merdiven","10":"product_tag-urunleri","12":"first","13":"instock","14":"shipping-taxable","15":"purchasable","16":"product-type-simple"},"_links":{"self":[{"href":"https:\/\/isopllc.com\/tr\/wp-json\/wp\/v2\/product\/5146","targetHints":{"allow":["GET"]}}],"collection":[{"href":"https:\/\/isopllc.com\/tr\/wp-json\/wp\/v2\/product"}],"about":[{"href":"https:\/\/isopllc.com\/tr\/wp-json\/wp\/v2\/types\/product"}],"replies":[{"embeddable":true,"href":"https:\/\/isopllc.com\/tr\/wp-json\/wp\/v2\/comments?post=5146"}],"wp:featuredmedia":[{"embeddable":true,"href":"https:\/\/isopllc.com\/tr\/wp-json\/wp\/v2\/media\/5165"}],"wp:attachment":[{"href":"https:\/\/isopllc.com\/tr\/wp-json\/wp\/v2\/media?parent=5146"}],"wp:term":[{"taxonomy":"product_brand","embeddable":true,"href":"https:\/\/isopllc.com\/tr\/wp-json\/wp\/v2\/product_brand?post=5146"},{"taxonomy":"product_cat","embeddable":true,"href":"https:\/\/isopllc.com\/tr\/wp-json\/wp\/v2\/product_cat?post=5146"},{"taxonomy":"product_tag","embeddable":true,"href":"https:\/\/isopllc.com\/tr\/wp-json\/wp\/v2\/product_tag?post=5146"}],"curies":[{"name":"wp","href":"https:\/\/api.w.org\/{rel}","templated":true}]}}