{"id":5166,"date":"2024-08-09T01:34:06","date_gmt":"2024-08-09T01:34:06","guid":{"rendered":"https:\/\/isopllc.com\/tr\/?post_type=product&#038;p=5166"},"modified":"2025-07-01T06:27:18","modified_gmt":"2025-07-01T06:27:18","slug":"isop-3-basamakli-merdiven-beyaz","status":"publish","type":"product","link":"https:\/\/isopllc.com\/tr\/product\/isop-3-basamakli-merdiven-beyaz\/","title":{"rendered":"ISOP 3 Basamakl\u0131 Merdiven Beyaz"},"content":{"rendered":"<h1 id=\"title\" class=\"a-size-large a-spacing-none\">ISOP 3 Basamakl\u0131 Merdiven Beyaz | Katlan\u0131r Ayakl\u0131 Merdiven | Geni\u015f Kaymaz Pedal220 kg Sa\u011flam Merdiven | Hafif, Ta\u015f\u0131nabilir, Kompakt | 3 Kademeli Merdiven<\/h1>\n<div class=\"celwidget aplus-module premium-module-4-two-column-images aplus-premium\" data-csa-c-id=\"15yl7x-eio1n0-m9lh6n-socwzs\" data-cel-widget=\"aplus-premium-module-4-two-column-images\">\n<div class=\"a-section a-spacing-none premium-aplus premium-aplus-module-4 aplus-container-1\">\n<div class=\"a-section a-spacing-none premium-aplus-two-column\">\n<div class=\"a-section a-spacing-none premium-aplus-column\">\n<div class=\"a-section a-spacing-none column-description\">\n<div class=\"celwidget aplus-module module-9 aplus-standard\">\n<div class=\"aplus-module-wrapper\">\n<div class=\"\"><\/div>\n<\/div>\n<\/div>\n<div class=\"celwidget aplus-module module-9 aplus-standard\">\n<div class=\"aplus-module-wrapper\">\n<div class=\"\">\n<p class=\"a-text-center\"><img loading=\"lazy\" decoding=\"async\" class=\"alignnone size-full wp-image-5149\" src=\"https:\/\/isopllc.com\/tr\/wp-content\/uploads\/sites\/12\/2024\/08\/stepp-ladder-3-steps-6.jpeg\" alt=\"Katlan\u0131r Al\u00fcminyum Merdiven\" width=\"300\" height=\"300\" srcset=\"https:\/\/isopllc.com\/tr\/wp-content\/uploads\/sites\/12\/2024\/08\/stepp-ladder-3-steps-6.jpeg 300w, https:\/\/isopllc.com\/tr\/wp-content\/uploads\/sites\/12\/2024\/08\/stepp-ladder-3-steps-6-150x150.jpeg 150w, https:\/\/isopllc.com\/tr\/wp-content\/uploads\/sites\/12\/2024\/08\/stepp-ladder-3-steps-6-100x100.jpeg 100w\" sizes=\"auto, (max-width: 300px) 100vw, 300px\" \/><\/p>\n<p class=\"a-spacing-base\">\u0130htiya\u00e7lar\u0131n\u0131z i\u00e7in m\u00fckemmel olan 3 Basamakl\u0131 Katlan\u0131r Beyaz Merdiven ile tan\u0131\u015f\u0131n. Bu g\u00fcvenilir ve \u00e7ok y\u00f6nl\u00fc al\u00fcminyum merdiven, hayat\u0131n\u0131z\u0131 kolayla\u015ft\u0131rmak i\u00e7in tasarlanm\u0131\u015ft\u0131r. Sa\u011flam ve stabil yap\u0131s\u0131yla g\u00fcvenle t\u0131rmanabilirsiniz, kendinizi g\u00fcvende ve emniyette hissedersiniz. Hafif al\u00fcminyum yap\u0131s\u0131 sayesinde ta\u015f\u0131mas\u0131 kolayd\u0131r, geni\u015f basamaklar ise uzun s\u00fcreli kullan\u0131mda bile g\u00fcvenli bir duru\u015f sa\u011flar.<\/p>\n<p>&nbsp;<\/p>\n<p class=\"a-text-center\"><img loading=\"lazy\" decoding=\"async\" class=\"alignnone size-full wp-image-5148\" src=\"https:\/\/isopllc.com\/tr\/wp-content\/uploads\/sites\/12\/2024\/08\/stepp-ladder-3-steps-7.jpg\" alt=\"Katlan\u0131r Al\u00fcminyum Merdiven\" width=\"300\" height=\"300\" srcset=\"https:\/\/isopllc.com\/tr\/wp-content\/uploads\/sites\/12\/2024\/08\/stepp-ladder-3-steps-7.jpg 300w, https:\/\/isopllc.com\/tr\/wp-content\/uploads\/sites\/12\/2024\/08\/stepp-ladder-3-steps-7-150x150.jpg 150w, https:\/\/isopllc.com\/tr\/wp-content\/uploads\/sites\/12\/2024\/08\/stepp-ladder-3-steps-7-100x100.jpg 100w\" sizes=\"auto, (max-width: 300px) 100vw, 300px\" \/><\/p>\n<p class=\"a-spacing-base\">Merdiven, sorunsuz bir \u015fekilde a\u00e7\u0131l\u0131r ve a\u00e7\u0131k pozisyonda g\u00fcvenli bir \u015fekilde kilitlenir. \u0130\u015finiz bitti\u011finde, kolayca saklama i\u00e7in kompakt bir \u015fekilde katlan\u0131r. Y\u00fcksek raflara ula\u015fmak veya depolama alanlar\u0131na eri\u015fmek i\u00e7in m\u00fckemmeldir. Bu merdiven, her DIY merakl\u0131s\u0131 veya ev i\u015fleri i\u00e7in g\u00fcvenilir bir merdivene ihtiya\u00e7 duyan herkes i\u00e7in olmazsa olmazd\u0131r.<\/p>\n<p>&nbsp;<\/p>\n<p class=\"a-text-center\"><img loading=\"lazy\" decoding=\"async\" class=\"alignnone size-full wp-image-5147\" src=\"https:\/\/isopllc.com\/tr\/wp-content\/uploads\/sites\/12\/2024\/08\/stepp-ladder-3-steps-8.jpg\" alt=\"Katlan\u0131r Al\u00fcminyum Merdiven\" width=\"300\" height=\"300\" srcset=\"https:\/\/isopllc.com\/tr\/wp-content\/uploads\/sites\/12\/2024\/08\/stepp-ladder-3-steps-8.jpg 300w, https:\/\/isopllc.com\/tr\/wp-content\/uploads\/sites\/12\/2024\/08\/stepp-ladder-3-steps-8-150x150.jpg 150w, https:\/\/isopllc.com\/tr\/wp-content\/uploads\/sites\/12\/2024\/08\/stepp-ladder-3-steps-8-100x100.jpg 100w\" sizes=\"auto, (max-width: 300px) 100vw, 300px\" \/><\/p>\n<p class=\"a-spacing-base\">En iyisinden daha az\u0131yla yetinmeyin. Bu y\u00fcksek kaliteli merdivene yat\u0131r\u0131m yap\u0131n ve fark\u0131 kendiniz g\u00f6r\u00fcn. Sallanan, g\u00fcvenilmez merdivenlere elveda deyin, rahatl\u0131k ve huzura merhaba deyin. Bug\u00fcn bu 3 basamakl\u0131 al\u00fcminyum merdivene sahip olun ve ev geli\u015ftirme projelerinizi yeni zirvelere ta\u015f\u0131y\u0131n.<\/p>\n<\/div>\n<\/div>\n<\/div>\n<\/div>\n<\/div>\n<\/div>\n<\/div>\n<\/div>\n","protected":false},"excerpt":{"rendered":"<p id=\"title\" class=\"a-size-large a-spacing-none\" style=\"text-align: center;\">ISOP 3 Basamakl\u0131 Merdiven Beyaz | Katlan\u0131r Ayakl\u0131 Merdiven | Geni\u015f Kaymaz Pedal220 kg Sa\u011flam Merdiven | Hafif, Ta\u015f\u0131nabilir, Kompakt | 3 Kademeli Merdiven<\/p>\n<p style=\"text-align: center;\">10-14 G\u00dcN \u0130\u00c7\u0130NDE \u00dcCRETS\u0130Z TESL\u0130MAT<\/p>\n<p>&nbsp;<\/p>\n","protected":false},"featured_media":5155,"comment_status":"open","ping_status":"closed","template":"","meta":[],"product_brand":[],"product_cat":[187],"product_tag":[104,105,70,106],"class_list":{"0":"post-5166","1":"product","2":"type-product","3":"status-publish","4":"has-post-thumbnail","6":"product_cat-adim-merdivenler","7":"product_tag-3-basamakli-merdiven","8":"product_tag-beyaz-merdiven","9":"product_tag-guvenlik-merdiveni","10":"product_tag-isop-urunleri","12":"first","13":"instock","14":"shipping-taxable","15":"purchasable","16":"product-type-simple"},"_links":{"self":[{"href":"https:\/\/isopllc.com\/tr\/wp-json\/wp\/v2\/product\/5166","targetHints":{"allow":["GET"]}}],"collection":[{"href":"https:\/\/isopllc.com\/tr\/wp-json\/wp\/v2\/product"}],"about":[{"href":"https:\/\/isopllc.com\/tr\/wp-json\/wp\/v2\/types\/product"}],"replies":[{"embeddable":true,"href":"https:\/\/isopllc.com\/tr\/wp-json\/wp\/v2\/comments?post=5166"}],"wp:featuredmedia":[{"embeddable":true,"href":"https:\/\/isopllc.com\/tr\/wp-json\/wp\/v2\/media\/5155"}],"wp:attachment":[{"href":"https:\/\/isopllc.com\/tr\/wp-json\/wp\/v2\/media?parent=5166"}],"wp:term":[{"taxonomy":"product_brand","embeddable":true,"href":"https:\/\/isopllc.com\/tr\/wp-json\/wp\/v2\/product_brand?post=5166"},{"taxonomy":"product_cat","embeddable":true,"href":"https:\/\/isopllc.com\/tr\/wp-json\/wp\/v2\/product_cat?post=5166"},{"taxonomy":"product_tag","embeddable":true,"href":"https:\/\/isopllc.com\/tr\/wp-json\/wp\/v2\/product_tag?post=5166"}],"curies":[{"name":"wp","href":"https:\/\/api.w.org\/{rel}","templated":true}]}}