{"id":5202,"date":"2024-12-25T07:13:11","date_gmt":"2024-12-25T07:13:11","guid":{"rendered":"https:\/\/isopllc.com\/tr\/?post_type=product&#038;p=5202"},"modified":"2025-07-01T06:27:09","modified_gmt":"2025-07-01T06:27:09","slug":"isop-yangin-tahliye-merdiveni-6-kat-15m","status":"publish","type":"product","link":"https:\/\/isopllc.com\/tr\/product\/isop-yangin-tahliye-merdiveni-6-kat-15m\/","title":{"rendered":"ISOP Yang\u0131n Tahliye Merdiveni 6 Kat 15m"},"content":{"rendered":"<div class=\"celwidget aplus-module module-9\" style=\"text-align: center;\" data-csa-c-id=\"3d7463-l3bdk0-ygs321-8assbf\" data-cel-widget=\"aplus-module-9\">\n<div class=\"a-expander-collapsed-height a-row a-expander-container a-expander-partial-collapse-container\" data-a-expander-name=\"aplus-module-expander\" data-a-expander-collapsed-height=\"700\">\n<div class=\"a-expander-content a-expander-partial-collapse-content\">\n<div class=\"aplus-module-wrapper\">\n<div class=\"apm-spacing apm-fixed-width\">\n<div class=\"celwidget aplus-module module-4 aplus-standard\" data-csa-c-id=\"6mnb1z-9dwrl2-ic24uv-jd1phn\" data-cel-widget=\"aplus-module-4\">\n<div class=\"a-expander-collapsed-height a-row a-expander-container a-expander-partial-collapse-container\" data-a-expander-name=\"aplus-module-expander\" data-a-expander-collapsed-height=\"700\">\n<div class=\"a-expander-content a-expander-partial-collapse-content\">\n<div class=\"aplus-module-wrapper apm-fixed-width\">\n<div class=\"apm-spacing\">\n<div class=\"apm-floatleft apm-fixed-width\">\n<div id=\"title_feature_div\" class=\"celwidget\" data-feature-name=\"title\" data-csa-c-id=\"m5t5xw-wzxd1-od319-pyb58o\" data-cel-widget=\"title_feature_div\">\n<div id=\"titleSection\" class=\"a-section a-spacing-none\">\n<div id=\"title_feature_div\" class=\"celwidget\" data-feature-name=\"title\" data-csa-c-id=\"m5t5xw-wzxd1-od319-pyb58o\" data-cel-widget=\"title_feature_div\">\n<div id=\"titleSection\" class=\"a-section a-spacing-none\">\n<div class=\"celwidget aplus-module module-4 aplus-standard\" data-csa-c-id=\"6mnb1z-9dwrl2-ic24uv-jd1phn\" data-cel-widget=\"aplus-module-4\">\n<div class=\"a-expander-collapsed-height a-row a-expander-container a-expander-partial-collapse-container\" data-a-expander-name=\"aplus-module-expander\" data-a-expander-collapsed-height=\"700\">\n<div class=\"a-expander-content a-expander-partial-collapse-content\">\n<div class=\"aplus-module-wrapper apm-fixed-width\">\n<div class=\"apm-spacing\">\n<div class=\"apm-floatleft apm-fixed-width\">\n<div>\n<div>\n<h2 id=\"title\" class=\"a-size-large a-spacing-none\"><span id=\"productTitle\" class=\"a-size-large product-title-word-break\">ISOP Yang\u0131n Tahliye Merdiveni 6 Kat 15m | G\u00fcvenlik \u0130p Merdiveni \u00c7ok Fonksiyonlu ve Hava Ko\u015fullar\u0131na Dayan\u0131kl\u0131 | Yayl\u0131 Kanca ile Kay\u0131\u015f Merdiveni | Hafif, Kompakt ve Ta\u015f\u0131nabilir<\/span><\/h2>\n<\/div>\n<div class=\"apm-spacing\"><\/div>\n<\/div>\n<div><\/div>\n<div class=\"apm-spacing\">\n<p><img decoding=\"async\" class=\"\" src=\"https:\/\/m.media-amazon.com\/images\/S\/aplus-media\/sc\/0484a226-8be6-4965-8b8a-062de5498c97.__CR0,0,600,600_PT0_SX220_V1___.jpg\" alt=\"Light Weight\" data-src=\"https:\/\/m.media-amazon.com\/images\/S\/aplus-media\/sc\/0484a226-8be6-4965-8b8a-062de5498c97.__CR0,0,600,600_PT0_SX220_V1___.jpg\" \/><\/p>\n<h4 class=\"a-spacing-mini\">Hafif<\/h4>\n<p class=\"a-size-small\">Bu, piyasada bulunan en hafif merdivendir.\u00a010 ft\/3 m&#8217;lik bir merdivenin a\u011f\u0131rl\u0131\u011f\u0131 sadece 2,4 lb\/1 kg&#8217;d\u0131r.<\/p>\n<h4 class=\"a-spacing-mini\"><img decoding=\"async\" class=\"\" style=\"font-size: 16px;\" src=\"https:\/\/m.media-amazon.com\/images\/S\/aplus-media\/sc\/74a6e3c1-c8e9-4370-82e8-2ece837c08f7.__CR0,0,1000,1000_PT0_SX220_V1___.jpg\" alt=\"Strong and Stable\" data-src=\"https:\/\/m.media-amazon.com\/images\/S\/aplus-media\/sc\/74a6e3c1-c8e9-4370-82e8-2ece837c08f7.__CR0,0,1000,1000_PT0_SX220_V1___.jpg\" \/><\/h4>\n<h4 class=\"a-spacing-mini\">G\u00fc\u00e7l\u00fc ve Kararl\u0131<\/h4>\n<p class=\"a-size-small\">Kurtarma a\u011fl\u0131 merdivenimizin en b\u00fcy\u00fck avantajlar\u0131ndan biri, ana naylon kay\u0131\u015flar\u0131n a\u015fa\u011f\u0131dan yukar\u0131ya entegre olmas\u0131 ve \u00f6rne\u011fin &#8220;kidde&#8221; veya &#8220;ilk alarm&#8221; merdivenleri gibi diki\u015fli par\u00e7alardan olu\u015fmamas\u0131d\u0131r, bu nedenle son derece sa\u011flamd\u0131r.\u00a0Ayr\u0131ca cam elyaf\u0131 ve bazalt elyaf\u0131 gibi basamaklar i\u00e7in kullan\u0131lan malzemeler bu kay\u0131\u015f merdiveni tek kullan\u0131ml\u0131k al\u00fcminyum merdivenlerden \u00e7ok daha g\u00fc\u00e7l\u00fc k\u0131lmaktad\u0131r.<\/p>\n<h4 class=\"a-spacing-mini\"><img decoding=\"async\" class=\"\" style=\"font-size: 16px;\" src=\"https:\/\/m.media-amazon.com\/images\/S\/aplus-media\/sc\/a31e0885-9da9-4fe2-a571-e1558cab0393.__CR0,0,600,600_PT0_SX220_V1___.jpg\" alt=\"Tangle free\" data-src=\"https:\/\/m.media-amazon.com\/images\/S\/aplus-media\/sc\/a31e0885-9da9-4fe2-a571-e1558cab0393.__CR0,0,600,600_PT0_SX220_V1___.jpg\" \/><\/h4>\n<h4 class=\"a-spacing-mini\">Dola\u015fmayan<\/h4>\n<p class=\"a-size-small\">Dokuma merdivenlerimizin kullan\u0131mdan sonra saklama \u00e7antas\u0131na geri yerle\u015ftirilmesi kolayd\u0131r.<\/p>\n<p class=\"a-size-small\">Montaj s\u0131ras\u0131nda dola\u015fma olmaz.<\/p>\n<h4 class=\"a-spacing-mini\"><img loading=\"lazy\" decoding=\"async\" class=\"alignnone wp-image-5192\" src=\"https:\/\/isopllc.com\/tr\/wp-content\/uploads\/sites\/12\/2021\/09\/Black-ladder-dimencions-300x300.jpg\" alt=\"Ka\u00e7\u0131\u015f merdiveni\" width=\"251\" height=\"251\" srcset=\"https:\/\/isopllc.com\/tr\/wp-content\/uploads\/sites\/12\/2021\/09\/Black-ladder-dimencions-300x300.jpg 300w, https:\/\/isopllc.com\/tr\/wp-content\/uploads\/sites\/12\/2021\/09\/Black-ladder-dimencions-150x150.jpg 150w, https:\/\/isopllc.com\/tr\/wp-content\/uploads\/sites\/12\/2021\/09\/Black-ladder-dimencions-768x768.jpg 768w, https:\/\/isopllc.com\/tr\/wp-content\/uploads\/sites\/12\/2021\/09\/Black-ladder-dimencions-416x416.jpg 416w, https:\/\/isopllc.com\/tr\/wp-content\/uploads\/sites\/12\/2021\/09\/Black-ladder-dimencions-100x100.jpg 100w, https:\/\/isopllc.com\/tr\/wp-content\/uploads\/sites\/12\/2021\/09\/Black-ladder-dimencions.jpg 800w\" sizes=\"auto, (max-width: 251px) 100vw, 251px\" \/><\/h4>\n<h4 class=\"a-spacing-mini\">Uzunluk<\/h4>\n<p class=\"a-size-small\">Kurtarma dokuma merdivenlerimiz, daha uzun uzunluk i\u00e7in birle\u015ftirilebilir.<\/p>\n<h4 class=\"a-spacing-mini\"><img decoding=\"async\" class=\"\" style=\"font-size: 16px;\" src=\"https:\/\/m.media-amazon.com\/images\/S\/aplus-media\/sc\/2836b9a4-f0f3-4988-b790-6a163e8d253a.__CR0,0,1000,1000_PT0_SX220_V1___.jpg\" alt=\"Weather Resistant\" data-src=\"https:\/\/m.media-amazon.com\/images\/S\/aplus-media\/sc\/2836b9a4-f0f3-4988-b790-6a163e8d253a.__CR0,0,1000,1000_PT0_SX220_V1___.jpg\" \/><\/h4>\n<\/div>\n<div>\n<h4 class=\"a-spacing-mini\">Hava Ko\u015fullar\u0131na Dayan\u0131kl\u0131<\/h4>\n<p class=\"a-size-small\">Malzemenin kendisi polyester dokuman\u0131n yan\u0131 s\u0131ra suda bile her t\u00fcrl\u00fc hava ko\u015fuluna kar\u015f\u0131 diren\u00e7 sa\u011flayan profesyonel UV naylon ba\u011fl\u0131 ipliklerdir.\u00a0Bu nedenle tekne merdiveni veya deniz merdiveni olarak kullan\u0131labilirler.\u00a0D\u00fc\u015f\u00fck nem emicili\u011fi, a\u015f\u0131nmaya dayan\u0131kl\u0131, ya\u011f ve bir\u00e7ok kimyasal\u0131n zararlar\u0131na kar\u015f\u0131 dayan\u0131kl\u0131, yumu\u015fak, \u00e7abuk kuruyan.<\/p>\n<h4 class=\"a-spacing-mini\"><img decoding=\"async\" class=\"\" style=\"font-weight: 600;\" src=\"https:\/\/m.media-amazon.com\/images\/S\/aplus-media\/sc\/38568e54-d209-49fa-b289-4f0ae1f1fd5c.__CR0,0,1000,1000_PT0_SX220_V1___.jpg\" alt=\"Compact\" data-src=\"https:\/\/m.media-amazon.com\/images\/S\/aplus-media\/sc\/38568e54-d209-49fa-b289-4f0ae1f1fd5c.__CR0,0,1000,1000_PT0_SX220_V1___.jpg\" \/><\/h4>\n<h4 class=\"a-spacing-mini\">Kompakt<\/h4>\n<p class=\"a-size-small\">Daha kompakt merdivenler hayal edemezsiniz.\u00a0Merdivenin tamam\u0131 avucunuza s\u0131\u011far.\u00a0Fazla yer kaplamazlar, yatak odas\u0131nda yata\u011f\u0131n alt\u0131nda, balkonda ve \u00e7at\u0131da her yerde saklanabilirler.<\/p>\n<h4 class=\"a-spacing-mini\"><img decoding=\"async\" class=\"\" style=\"font-size: 16px;\" src=\"https:\/\/m.media-amazon.com\/images\/S\/aplus-media\/sc\/439bc8cc-57f7-43a1-89a5-e0e59866ad23.__CR665,170,333,333_PT0_SX220_V1___.jpg\" alt=\"Anti Slip Rungs\" data-src=\"https:\/\/m.media-amazon.com\/images\/S\/aplus-media\/sc\/439bc8cc-57f7-43a1-89a5-e0e59866ad23.__CR665,170,333,333_PT0_SX220_V1___.jpg\" \/><\/h4>\n<div class=\"aplus-module-wrapper apm-fixed-width\">\n<div class=\"apm-spacing\">\n<div class=\"apm-floatleft apm-fixed-width\">\n<div>\n<h4 class=\"a-spacing-mini\">Kaymaz Basamaklar<\/h4>\n<p class=\"a-size-small\">Dokuma malzemesinin al\u00fcminyum, metal veya plastik gibi di\u011fer sert malzemelerden \u00e7ok daha az kaygan oldu\u011fu bilinmektedir.<\/p>\n<\/div>\n<\/div>\n<\/div>\n<\/div>\n<\/div>\n<\/div>\n<\/div>\n<\/div>\n<div><img decoding=\"async\" class=\"\" src=\"https:\/\/m.media-amazon.com\/images\/S\/aplus-media-library-service-media\/bc97ce2b-ad5a-488d-ae16-2dc4054da697.__CR0,0,1906,1906_PT0_SX220_V1___.jpeg\" alt=\"Multi-purpose\" data-src=\"https:\/\/m.media-amazon.com\/images\/S\/aplus-media-library-service-media\/bc97ce2b-ad5a-488d-ae16-2dc4054da697.__CR0,0,1906,1906_PT0_SX220_V1___.jpeg\" \/><\/div>\n<div>\n<h4 class=\"a-spacing-mini\">\u00c7ok ama\u00e7l\u0131<\/h4>\n<p>ISOP dokuma merdiveni, bir yang\u0131n merdiveni, acil durumlar ve oyun alan\u0131ndaki \u00e7ocuklar veya bir a\u011fa\u00e7 ev i\u00e7in kullan\u0131labilir. Yatlar, gemiler ve tekneler i\u00e7in harika bir merdivendir. S\u00fcper hafif, s\u00fcper g\u00fc\u00e7l\u00fc; suya dayan\u0131kl\u0131l\u0131k, onu herhangi bir yelkenli teknede yeri doldurulamaz k\u0131lar.<\/p>\n<p>Ayr\u0131ca bu merdiven kuyular veya ma\u011faralar i\u00e7in harikad\u0131r.<\/p>\n<h4 class=\"a-spacing-mini\"><img decoding=\"async\" class=\"a-spacing-mini\" style=\"font-size: 16px;\" src=\"https:\/\/m.media-amazon.com\/images\/S\/aplus-media\/sc\/92d59aff-9c56-407b-8517-ad5630f6ea30.__CR0,0,800,800_PT0_SX300_V1___.jpg\" alt=\"Carabiners\" data-src=\"https:\/\/m.media-amazon.com\/images\/S\/aplus-media\/sc\/92d59aff-9c56-407b-8517-ad5630f6ea30.__CR0,0,800,800_PT0_SX300_V1___.jpg\" \/><\/h4>\n<\/div>\n<\/div>\n<\/div>\n<\/div>\n<div class=\"celwidget aplus-module module-4 aplus-standard\" data-csa-c-id=\"szt2lt-ajuuna-obqptf-s4hanf\" data-cel-widget=\"aplus-module-4\">\n<div class=\"a-expander-collapsed-height a-row a-expander-container a-expander-partial-collapse-container\" data-a-expander-name=\"aplus-module-expander\" data-a-expander-collapsed-height=\"700\">\n<div class=\"a-expander-content a-expander-partial-collapse-content\">\n<div class=\"aplus-module-wrapper apm-fixed-width\">\n<div class=\"apm-spacing\">\n<div class=\"apm-floatleft apm-fixed-width\">\n<h4 class=\"a-spacing-mini\">Karabinalar<\/h4>\n<p>Profesyonel 11kn krom kaplama yayl\u0131 kancalar dahildir.<\/p>\n<h4 class=\"a-spacing-mini\"><img decoding=\"async\" class=\"a-spacing-mini\" style=\"font-size: 16px;\" src=\"https:\/\/m.media-amazon.com\/images\/S\/aplus-media\/sc\/418d6428-453a-4f54-bfe7-acc934a2e204.__CR133,0,720,720_PT0_SX300_V1___.png\" alt=\"Waterproof Bag\" data-src=\"https:\/\/m.media-amazon.com\/images\/S\/aplus-media\/sc\/418d6428-453a-4f54-bfe7-acc934a2e204.__CR133,0,720,720_PT0_SX300_V1___.png\" \/><\/h4>\n<h4 class=\"a-spacing-mini\">Su ge\u00e7irmez \u00e7anta<\/h4>\n<p>Serin tasar\u0131m plaj \u00e7antas\u0131 sete dahildir.<\/p>\n<\/div>\n<\/div>\n<\/div>\n<\/div>\n<\/div>\n<\/div>\n<\/div>\n<\/div>\n<\/div>\n<\/div>\n<\/div>\n<\/div>\n<\/div>\n<\/div>\n<\/div>\n<\/div>\n<\/div>\n<\/div>\n<\/div>\n<\/div>\n<\/div>\n","protected":false},"excerpt":{"rendered":"[embed]https:\/\/youtu.be\/9xkoORMvYRs[\/embed]\n<p id=\"title\" class=\"a-size-large a-spacing-none\" style=\"text-align: center;\"><span id=\"productTitle\" class=\"a-size-large product-title-word-break\">ISOP Yang\u0131n Tahliye Merdiveni 6 Kat 15m | G\u00fcvenlik \u0130p Merdiveni \u00c7ok Fonksiyonlu ve Hava Ko\u015fullar\u0131na Dayan\u0131kl\u0131 | Yayl\u0131 Kanca ile Kay\u0131\u015f Merdiveni | Hafif, Kompakt ve Ta\u015f\u0131nabilir<\/span><\/p>\n<p style=\"text-align: center;\">10-14 G\u00dcN \u0130\u00c7ER\u0130S\u0130NDE \u00dcCRETS\u0130Z TESL\u0130MAT<\/p>\n<p>&nbsp;<\/p>\n","protected":false},"featured_media":5203,"comment_status":"open","ping_status":"closed","template":"","meta":[],"product_brand":[],"product_cat":[194,197],"product_tag":[166,91,54],"class_list":{"0":"post-5202","1":"product","2":"type-product","3":"status-publish","4":"has-post-thumbnail","6":"product_cat-yangin-kurtarma-merdivenleri","7":"product_cat-yangin-merdivenleri-4-katli","8":"product_tag-uc-katli-merdiven","9":"product_tag-yangin-guvenlik-merdiveni","10":"product_tag-yangin-merdiveni","12":"first","13":"instock","14":"shipping-taxable","15":"purchasable","16":"product-type-simple"},"_links":{"self":[{"href":"https:\/\/isopllc.com\/tr\/wp-json\/wp\/v2\/product\/5202","targetHints":{"allow":["GET"]}}],"collection":[{"href":"https:\/\/isopllc.com\/tr\/wp-json\/wp\/v2\/product"}],"about":[{"href":"https:\/\/isopllc.com\/tr\/wp-json\/wp\/v2\/types\/product"}],"replies":[{"embeddable":true,"href":"https:\/\/isopllc.com\/tr\/wp-json\/wp\/v2\/comments?post=5202"}],"wp:featuredmedia":[{"embeddable":true,"href":"https:\/\/isopllc.com\/tr\/wp-json\/wp\/v2\/media\/5203"}],"wp:attachment":[{"href":"https:\/\/isopllc.com\/tr\/wp-json\/wp\/v2\/media?parent=5202"}],"wp:term":[{"taxonomy":"product_brand","embeddable":true,"href":"https:\/\/isopllc.com\/tr\/wp-json\/wp\/v2\/product_brand?post=5202"},{"taxonomy":"product_cat","embeddable":true,"href":"https:\/\/isopllc.com\/tr\/wp-json\/wp\/v2\/product_cat?post=5202"},{"taxonomy":"product_tag","embeddable":true,"href":"https:\/\/isopllc.com\/tr\/wp-json\/wp\/v2\/product_tag?post=5202"}],"curies":[{"name":"wp","href":"https:\/\/api.w.org\/{rel}","templated":true}]}}